  {"id":1006,"date":"2016-11-22T14:17:14","date_gmt":"2016-11-22T14:17:14","guid":{"rendered":"https:\/\/www.wma.net\/es\/?page_id=1006"},"modified":"2025-07-08T15:01:02","modified_gmt":"2025-07-08T14:01:02","slug":"publicaciones","status":"publish","type":"page","link":"https:\/\/www.wma.net\/es\/medicos-jovenes\/publicaciones\/","title":{"rendered":"Publicaciones"},"content":{"rendered":"<h3>Declaraciones<\/h3>\n<ul>\n<li><a href=\"https:\/\/www.wma.net\/wp-content\/uploads\/2025\/04\/Declaracio\u0301n-de-apoyo-a-los-me\u0301dicos-jo\u0301venes-franceses-1.pdf\" target=\"_blank\" rel=\"noopener\">Declaraci\u00f3n de apoyo a los m\u00e9dicos j\u00f3venes franceses<\/a><\/li>\n<li>\n<p class=\"fp-subheader\"><a href=\"https:\/\/www.wma.net\/es\/news-post\/mensaje-de-apoyo-a-los-medicos-internos-residentes-mir-en-espana\/\">Mensaje de Apoyo a los M\u00e9dicos Internos Residentes (MIR) en Espa\u00f1a<\/a><\/p>\n<\/li>\n<\/ul>\n<h3>Anteproyecto<\/h3>\n<ul>\n<li><a href=\"https:\/\/www.wma.net\/wp-content\/uploads\/2020\/02\/JDN_Social_media_white_paper_2012.pdf\" target=\"_blank\" rel=\"noopener\">Social media and medical professionalism<\/a><\/li>\n<\/ul>\n<h3>Pol\u00edticas iniciadas por los m\u00e9dicos j\u00f3venes y adoptadas en la Asamblea General de la AMM<\/h3>\n<ul>\n<li><a href=\"\/wma?p=6881\">Pol\u00edtica de la AMM sobre el Bienestar de los M\u00e9dicos<\/a><\/li>\n<li><a href=\"\/wma?p=6800\">Pol\u00edtica de la AMM sobre las Consideraciones Eticas en los Cursos de Medicina en el Mundo<\/a><\/li>\n<li><a href=\"https:\/\/www.wma.net\/policies-post\/wma-declaration-of-delhi-on-health-and-climate-change\/\">Revisi\u00f3n de la Declaraci\u00f3n de Delhi de la AMM sobre el Cambio Clim\u00e1tico<\/a><\/li>\n<\/ul>\n<h3>Informe de reuniones<\/h3>\n<ul>\n<li><a href=\"https:\/\/www.wma.net\/wp-content\/uploads\/2023\/12\/FPL-224JDN-ReportOct2023.pdf\" target=\"_blank\" rel=\"noopener\">Informe de actividades de la JDN en la AG de la AMM de 2023<\/a><\/li>\n<li><a href=\"https:\/\/www.wma.net\/wp-content\/uploads\/2023\/12\/FPL-220-JDN-Report-Apr2022.pdf\" target=\"_blank\" rel=\"noopener\">Informe de actividades de la JDN de la sesi\u00f3n del Consejo de la AMM de 2022<\/a><\/li>\n<li><a href=\"https:\/\/www.wma.net\/wp-content\/uploads\/2023\/12\/FPL-218-JDN-Report-Oct2021.pdf\" target=\"_blank\" rel=\"noopener\">Informe de actividades de la JDN en la AG de la AMM de 2021<\/a><\/li>\n<li><a href=\"https:\/\/www.wma.net\/wp-content\/uploads\/2023\/12\/FPL-215-JDN-Report-Oct2020.pdf\" target=\"_blank\" rel=\"noopener\">Informe de actividades de la JDN en la AG de la AMM de 2020<\/a><\/li>\n<li><a href=\"https:\/\/www.wma.net\/wp-content\/uploads\/2023\/12\/FPL-213-JDN-Report-Oct2019.pdf\" target=\"_blank\" rel=\"noopener\">Informe de actividades de la JDN en la AG de la AMM de 2019<\/a><\/li>\n<li><a href=\"https:\/\/www.wma.net\/wp-content\/uploads\/2023\/12\/FPL-210-JDN-Report-Oct2018.pdf\" target=\"_blank\" rel=\"noopener\">Informe de actividades de la JDN en la AG de la AMM de 2018<\/a><\/li>\n<li><a href=\"https:\/\/www.wma.net\/wp-content\/uploads\/2023\/12\/FPL-207JDN-ReportOct2017.pdf\" target=\"_blank\" rel=\"noopener\">Informe de actividades de la JDN en la AG de la AMM de 2017<\/a><\/li>\n<li><a href=\"https:\/\/www.wma.net\/wp-content\/uploads\/2016\/11\/JDN-GA-Report-2106-CM-final.pdf\" target=\"_blank\" rel=\"noopener noreferrer\">Informe de actividades de la JDN en la AG de la AMM de 2016<\/a><\/li>\n<\/ul>\n","protected":false},"excerpt":{"rendered":"<p>Declaraciones Declaraci\u00f3n de apoyo a los m\u00e9dicos j\u00f3venes franceses Mensaje de Apoyo a los M\u00e9dicos Internos Residentes (MIR) en Espa\u00f1a Anteproyecto Social media and medical professionalism Pol\u00edticas iniciadas por los m\u00e9dicos j\u00f3venes y adoptadas en la Asamblea General de la AMM Pol\u00edtica de la AMM sobre el Bienestar de los M\u00e9dicos Pol\u00edtica de la AMM [&hellip;]<\/p>\n","protected":false},"author":3,"featured_media":0,"parent":998,"menu_order":2,"comment_status":"closed","ping_status":"closed","template":"","meta":[],"acf":[],"_links":{"self":[{"href":"https:\/\/www.wma.net\/es\/wp-json\/wp\/v2\/pages\/1006"}],"collection":[{"href":"https:\/\/www.wma.net\/es\/wp-json\/wp\/v2\/pages"}],"about":[{"href":"https:\/\/www.wma.net\/es\/wp-json\/wp\/v2\/types\/page"}],"author":[{"embeddable":true,"href":"https:\/\/www.wma.net\/es\/wp-json\/wp\/v2\/users\/3"}],"replies":[{"embeddable":true,"href":"https:\/\/www.wma.net\/es\/wp-json\/wp\/v2\/comments?post=1006"}],"version-history":[{"count":16,"href":"https:\/\/www.wma.net\/es\/wp-json\/wp\/v2\/pages\/1006\/revisions"}],"predecessor-version":[{"id":24955,"href":"https:\/\/www.wma.net\/es\/wp-json\/wp\/v2\/pages\/1006\/revisions\/24955"}],"up":[{"embeddable":true,"href":"https:\/\/www.wma.net\/es\/wp-json\/wp\/v2\/pages\/998"}],"wp:attachment":[{"href":"https:\/\/www.wma.net\/es\/wp-json\/wp\/v2\/media?parent=1006"}],"curies":[{"name":"wp","href":"https:\/\/api.w.org\/{rel}","templated":true}]}}