  {"id":1008,"date":"2016-11-22T14:18:01","date_gmt":"2016-11-22T14:18:01","guid":{"rendered":"https:\/\/www.wma.net\/es\/?page_id=1008"},"modified":"2026-03-18T10:05:51","modified_gmt":"2026-03-18T10:05:51","slug":"reuniones","status":"publish","type":"page","link":"https:\/\/www.wma.net\/es\/medicos-jovenes\/reuniones\/","title":{"rendered":"Reuniones"},"content":{"rendered":"<p>La JDN se re\u00fane varias veces en el a\u00f1o, en persona y por teleconferencias:<\/p>\n<ul>\n<li>La JDN se re\u00fane dos veces al a\u00f1o durante la Asamblea General de la AMM (octubre) y su Sesi\u00f3n del Consejo (abril)<\/li>\n<li>Reuniones mensuales en l\u00ednea de los socios y el equipo directivo<\/li>\n<li>A lo largo del a\u00f1o celebran y asisten a varias reuniones, conferencias y actos en diversas regiones del planeta<\/li>\n<\/ul>\n<h3>Ejemplos de eventos de la ÌÇÐÄvlogÊÓÆµ JDN en los que se particip\u00f3 en 2025-2026:<\/h3>\n<ul>\n<li>76.\u00aa Asamblea General de la AMM en Oporto, Portugal; del 8 al 11 de octubre de 2025<\/li>\n<li>Cumbre Mundial de la Salud 2025 en Berl\u00edn, Alemania; del 12 al 14 de octubre de 2025<\/li>\n<li>Reuni\u00f3n de oto\u00f1o de European Junior Doctors (EJD) en Viena, Austria; del 7 al 8 de noviembre de 2025<\/li>\n<li>Conferencia de las Naciones Unidas sobre el Cambio Clim\u00e1tico de 2025 (COP30) en Bel\u00e9m, Brasil; del 10 al 21 de noviembre de 2025<\/li>\n<li>Academia EJD-OMS 2025 en la Ciudad de las Naciones Unidas, Copenhague; del 10 al 11 de diciembre de 2025<\/li>\n<li>158.\u00aa reuni\u00f3n del Consejo Ejecutivo de la OMS (CE) en la sede de la OMS, Ginebra, Suiza; 2-7 de febrero de 2026<\/li>\n<\/ul>\n<figure id=\"attachment_21435\" aria-describedby=\"caption-attachment-21435\" style=\"width: 500px\" class=\"wp-caption aligncenter\"><img loading=\"lazy\" class=\"wp-image-21435\" src=\"https:\/\/www.wma.net\/wp-content\/uploads\/2023\/12\/JDN-Nairobi-2023-e1702302691110-300x155.jpg\" alt=\"\" width=\"500\" height=\"276\" \/><figcaption id=\"caption-attachment-21435\" class=\"wp-caption-text\">En la sesi\u00f3n del Consejo de la AMM de 2023, celebrada en Nairobi (Kenia)<\/figcaption><\/figure>\n<figure id=\"attachment_26194\" aria-describedby=\"caption-attachment-26194\" style=\"width: 500px\" class=\"wp-caption aligncenter\"><img loading=\"lazy\" class=\"wp-image-26194\" src=\"https:\/\/www.wma.net\/wp-content\/uploads\/2026\/03\/2025-Meeting-Pic-2-1024x682.png\" alt=\"\" width=\"500\" height=\"241\" \/><figcaption id=\"caption-attachment-26194\" class=\"wp-caption-text\">Reuni\u00f3n de la JDN previa a la Asamblea General, octubre de 2025, Oporto, Portugal<\/figcaption><\/figure>\n<p>&nbsp;<\/p>\n<h2>Pr\u00f3ximas reuniones:<\/h2>\n<ul>\n<li>Reuni\u00f3n de abril de 2026 de la JDN, que tendr\u00e1 lugar el mi\u00e9rcoles 22 de abril de 2026 en Belgrado, Serbia<\/li>\n<li>Reuni\u00f3n de octubre de 2026 de la JDN, que tendr\u00e1 lugar el lunes 5 y el martes 6 de octubre de 2026 en R\u00f3terdam, Pa\u00edses Bajos<\/li>\n<\/ul>\n","protected":false},"excerpt":{"rendered":"<p>La JDN se re\u00fane varias veces en el a\u00f1o, en persona y por teleconferencias: La JDN se re\u00fane dos veces al a\u00f1o durante la Asamblea General de la AMM (octubre) y su Sesi\u00f3n del Consejo (abril) Reuniones mensuales en l\u00ednea de los socios y el equipo directivo A lo largo del a\u00f1o celebran y asisten [&hellip;]<\/p>\n","protected":false},"author":3,"featured_media":0,"parent":998,"menu_order":4,"comment_status":"closed","ping_status":"closed","template":"","meta":[],"acf":[],"_links":{"self":[{"href":"https:\/\/www.wma.net\/es\/wp-json\/wp\/v2\/pages\/1008"}],"collection":[{"href":"https:\/\/www.wma.net\/es\/wp-json\/wp\/v2\/pages"}],"about":[{"href":"https:\/\/www.wma.net\/es\/wp-json\/wp\/v2\/types\/page"}],"author":[{"embeddable":true,"href":"https:\/\/www.wma.net\/es\/wp-json\/wp\/v2\/users\/3"}],"replies":[{"embeddable":true,"href":"https:\/\/www.wma.net\/es\/wp-json\/wp\/v2\/comments?post=1008"}],"version-history":[{"count":10,"href":"https:\/\/www.wma.net\/es\/wp-json\/wp\/v2\/pages\/1008\/revisions"}],"predecessor-version":[{"id":26223,"href":"https:\/\/www.wma.net\/es\/wp-json\/wp\/v2\/pages\/1008\/revisions\/26223"}],"up":[{"embeddable":true,"href":"https:\/\/www.wma.net\/es\/wp-json\/wp\/v2\/pages\/998"}],"wp:attachment":[{"href":"https:\/\/www.wma.net\/es\/wp-json\/wp\/v2\/media?parent=1008"}],"curies":[{"name":"wp","href":"https:\/\/api.w.org\/{rel}","templated":true}]}}