  {"id":1014,"date":"2016-11-22T14:18:59","date_gmt":"2016-11-22T14:18:59","guid":{"rendered":"https:\/\/www.wma.net\/es\/?page_id=1014"},"modified":"2016-12-16T14:55:19","modified_gmt":"2016-12-16T14:55:19","slug":"contactenos","status":"publish","type":"page","link":"https:\/\/www.wma.net\/es\/medicos-jovenes\/contactenos\/","title":{"rendered":"Contacto"},"content":{"rendered":"<p>Ingrese al grupo de red de m\u00e9dicos j\u00f3venes de la Asociaci\u00f3n M\u00e9dica Mundial\u00a0:<\/p>\n<p><a href=\"mailto:chair.jdn@wma.net\">chair.jdn@wma.net<\/a>\u00a0y\u00a0<a href=\"mailto:jdn@wma.net\">jdn@wma.net<\/a><\/p>\n","protected":false},"excerpt":{"rendered":"<p>Ingrese al grupo de red de m\u00e9dicos j\u00f3venes de la Asociaci\u00f3n M\u00e9dica Mundial\u00a0: chair.jdn@wma.net\u00a0y\u00a0jdn@wma.net<\/p>\n","protected":false},"author":3,"featured_media":26199,"parent":998,"menu_order":6,"comment_status":"closed","ping_status":"closed","template":"template-junior-doctors-contact-us.php","meta":[],"acf":[],"_links":{"self":[{"href":"https:\/\/www.wma.net\/es\/wp-json\/wp\/v2\/pages\/1014"}],"collection":[{"href":"https:\/\/www.wma.net\/es\/wp-json\/wp\/v2\/pages"}],"about":[{"href":"https:\/\/www.wma.net\/es\/wp-json\/wp\/v2\/types\/page"}],"author":[{"embeddable":true,"href":"https:\/\/www.wma.net\/es\/wp-json\/wp\/v2\/users\/3"}],"replies":[{"embeddable":true,"href":"https:\/\/www.wma.net\/es\/wp-json\/wp\/v2\/comments?post=1014"}],"version-history":[{"count":2,"href":"https:\/\/www.wma.net\/es\/wp-json\/wp\/v2\/pages\/1014\/revisions"}],"predecessor-version":[{"id":1491,"href":"https:\/\/www.wma.net\/es\/wp-json\/wp\/v2\/pages\/1014\/revisions\/1491"}],"up":[{"embeddable":true,"href":"https:\/\/www.wma.net\/es\/wp-json\/wp\/v2\/pages\/998"}],"wp:featuredmedia":[{"embeddable":true,"href":"https:\/\/www.wma.net\/es\/wp-json\/wp\/v2\/media\/26199"}],"wp:attachment":[{"href":"https:\/\/www.wma.net\/es\/wp-json\/wp\/v2\/media?parent=1014"}],"curies":[{"name":"wp","href":"https:\/\/api.w.org\/{rel}","templated":true}]}}