  {"id":1034,"date":"2016-11-22T14:24:08","date_gmt":"2016-11-22T14:24:08","guid":{"rendered":"https:\/\/www.wma.net\/es\/?page_id=1034"},"modified":"2026-02-27T15:31:18","modified_gmt":"2026-02-27T15:31:18","slug":"informacion-del-grupo-de-trabajo","status":"publish","type":"page","link":"https:\/\/www.wma.net\/es\/seccion-de-miembros\/servicios-y-eventos\/informacion-del-grupo-de-trabajo\/","title":{"rendered":"Informaci\u00f3n de Grupos de Trabajo"},"content":{"rendered":"<p><u>NUEVOS GRUPOS DE TRABAJO<\/u><\/p>\n<ul>\n<li>GT sobre la <strong>Revisi\u00f3n de la Declaraci\u00f3n de Lisboa<br \/>\n<\/strong>China (presidente), Finlandia, Francia, Espa\u00f1a, Turqu\u00eda, Reino Unido, MA<\/li>\n<\/ul>\n<ul>\n<li>GT sobre la <strong>Igualdad de G\u00e9nero en la AMM<br \/>\n<\/strong>Kuwait (presidente), Canad\u00e1, Finlandia, Kenia, Filipinas, Reino Unido, JDN<\/li>\n<\/ul>\n<p><u>CONTINUACION DE LOS GRUPOS DE TRABAJO<\/u><\/p>\n<ul>\n<li><strong>Comit\u00e9 revisor de la AMM<\/strong><br \/>\nElizabeth LaRocca (Estados Unidos, presidenta), Malke Borow (Israel), Mvuyisi Mzukwa (Sud\u00e1frica), Tomas Hedmark (Suecia), Clarisse Delorme (Secretariado de la AMM).<\/li>\n<li><strong>GT sobre Tecnolog\u00eda m\u00e9dica<\/strong><br \/>\nIsrael (presidente), Dinamarca, China, Holanda, Malasia, Sud\u00e1frica, Estados Unidos, Reino Unido y miembros asociados como observador<\/li>\n<li><strong>GT sobre Medio ambiente<br \/>\n<\/strong>JDN (Presidente), Kuwait, Trinidad Tobago, Reino Unido y miembros asociados<\/li>\n<\/ul>\n<ul>\n<li><strong>GT sobre la Neutralidad M\u00e9dica<br \/>\n<\/strong>Miembros Asociados (presidente), Francia, Kuwait, Suiza, Estados Unidos y Uruguay<\/li>\n<\/ul>\n<ul>\n<li><strong>GT sobre la Declaraci\u00f3n de Taipei<br \/>\n<\/strong>Israel (presidente), Brasil, Canad\u00e1, China, Dinamarca, Finlandia, Francia, Alemania, Jap\u00f3n, Malasia, Holanda, Noruega, Ruanda, Sud\u00e1frica, Suecia, Suiza, Reino Unido, Estados Unidos, Uruguay, PPCN y MA<\/li>\n<\/ul>\n<ul>\n<li><strong>GT sobre el Procedimiento de elaboraci\u00f3n de pol\u00edtica sobre las crisis relacionadas con la salud<br \/>\n<\/strong>Reino Unido (presidente), Australia, Kuwait, Uruguay y MA<\/li>\n<\/ul>\n<p><u>CIERRE DE GRUPOS DE TRABAJO <\/u><\/p>\n<ul>\n<li>GT sobre<strong> Hibridizaci\u00f3n de las reuniones de la AMM<br \/>\n<\/strong>Kenia (presidente), Australia, Brasil, Israel, T\u00fanez, Reino Unido, Estados Unidos, Presidente (Ashok Philip) y Tesorero (Rudolf Henke)<\/li>\n<\/ul>\n<ul>\n<li><strong>Comit\u00e9 de B\u00fasqueda<br \/>\n<\/strong>Jack Resneck<span lang=\"EN-US\"> (presidente), <\/span>Lujain Alqodmani<span lang=\"EN-US\"> (Kuwait Medical Association), <\/span>Anamar\u00eda Arrigada<span lang=\"EN-US\"> (Colegio M\u00e9dico de Chile), <\/span>Phillippe Cathala<span lang=\"EN-US\"> (CNOM France), <\/span>Ridha Dhaoui<span lang=\"EN-US\"> (CNOM Tunisie), <\/span>Yvonne Gilli <span lang=\"EN-US\">(F\u00e9d\u00e9ration des M\u00e9decins Suisses), <\/span>Zion Hagay<span lang=\"EN-US\"> (Israeli Medical Association), <\/span>Rudolf Henke<span lang=\"EN-US\"> (German Medical Association), <\/span>Tohru Kakuta<span lang=\"EN-US\"> (Japan Medical Association), <\/span>Jacqueline Kitulu<span lang=\"EN-US\"> (Kenya Medical Association), <\/span>Mvuyisi Mzukwa<span lang=\"EN-US\"> (South African Medical Association), <\/span>JungYul Park<span lang=\"EN-US\"> (Korean Medical Association), <\/span>Latifa Patel<span lang=\"EN-US\"> (British Medical Association), <\/span>Ashok Philip<span lang=\"EN-US\"> (Malaysian Medical Association), <\/span>Camilla Noelle Rathcke<span lang=\"EN-US\"> (Danish Medical Association), <\/span>Bruce Scott<span lang=\"EN-US\"> (American Medical Association), <\/span>Haibo Wang<span lang=\"EN-US\"> (Chinese Medical Association), <\/span>Julie Bacque (miembros asociados sin derecho a voto)<span lang=\"EN-US\">, <\/span>Clarisse Delorme (Secretariado<span lang=\"EN-US\"> sin derecho a voto<\/span>)<\/li>\n<\/ul>\n","protected":false},"excerpt":{"rendered":"<p>NUEVOS GRUPOS DE TRABAJO GT sobre la Revisi\u00f3n de la Declaraci\u00f3n de Lisboa China (presidente), Finlandia, Francia, Espa\u00f1a, Turqu\u00eda, Reino Unido, MA GT sobre la Igualdad de G\u00e9nero en la AMM Kuwait (presidente), Canad\u00e1, Finlandia, Kenia, Filipinas, Reino Unido, JDN CONTINUACION DE LOS GRUPOS DE TRABAJO Comit\u00e9 revisor de la AMM Elizabeth LaRocca (Estados Unidos, [&hellip;]<\/p>\n","protected":false},"author":3,"featured_media":0,"parent":1027,"menu_order":0,"comment_status":"closed","ping_status":"closed","template":"template-member-area.php","meta":[],"acf":[],"_links":{"self":[{"href":"https:\/\/www.wma.net\/es\/wp-json\/wp\/v2\/pages\/1034"}],"collection":[{"href":"https:\/\/www.wma.net\/es\/wp-json\/wp\/v2\/pages"}],"about":[{"href":"https:\/\/www.wma.net\/es\/wp-json\/wp\/v2\/types\/page"}],"author":[{"embeddable":true,"href":"https:\/\/www.wma.net\/es\/wp-json\/wp\/v2\/users\/3"}],"replies":[{"embeddable":true,"href":"https:\/\/www.wma.net\/es\/wp-json\/wp\/v2\/comments?post=1034"}],"version-history":[{"count":40,"href":"https:\/\/www.wma.net\/es\/wp-json\/wp\/v2\/pages\/1034\/revisions"}],"predecessor-version":[{"id":26120,"href":"https:\/\/www.wma.net\/es\/wp-json\/wp\/v2\/pages\/1034\/revisions\/26120"}],"up":[{"embeddable":true,"href":"https:\/\/www.wma.net\/es\/wp-json\/wp\/v2\/pages\/1027"}],"wp:attachment":[{"href":"https:\/\/www.wma.net\/es\/wp-json\/wp\/v2\/media?parent=1034"}],"curies":[{"name":"wp","href":"https:\/\/api.w.org\/{rel}","templated":true}]}}