  {"id":1048,"date":"2016-11-22T14:29:42","date_gmt":"2016-11-22T14:29:42","guid":{"rendered":"https:\/\/www.wma.net\/es\/?page_id=1048"},"modified":"2018-05-24T08:41:19","modified_gmt":"2018-05-24T07:41:19","slug":"renuncia","status":"publish","type":"page","link":"https:\/\/www.wma.net\/es\/renuncia\/","title":{"rendered":"Aviso"},"content":{"rendered":"<p>La AMM reconoce la necesidad de proteger el car\u00e1cter privado de toda la informaci\u00f3n de identificaci\u00f3n personal que obtenemos de Udes cuando utilizan nuestro Sitio Web. Los usuarios deben comprender\u00a0 plenamente los t\u00e9rminos y condiciones que acompa\u00f1an la captura y el uso de dicha informaci\u00f3n. Sin perjuicio de los derechos estatutorios estipulados por la ley francesa \u201cInformatique et Libert\u00e9s\u201d, al ofrecer informaci\u00f3n a la AMM se admite el uso que \u00e9sta har\u00e1 de dicha informaci\u00f3n tal como se describe m\u00e1s abajo, y en la forma indicada en el momento de recibir dicha informaci\u00f3n. Para mayor informaci\u00f3n sobre nuestra pr\u00e2ctica online l\u00e9an nuestros T\u00e9rminos y Condiciones.<\/p>\n<h3>1.Informaci\u00f3n Recogida<\/h3>\n<p>La AMM pide datos de identificaci\u00f3n personal en ciertos dom\u00ednios de su Sitio Web cuando quienes lo usan se inscriben, piden extractos y publicaciones, pagan gastos de expedici\u00f3n, se inscriben en conferencias o se abonan a boletines de informaci\u00f3n, o participan en encuestas, anuncios y foros de debate, etc. Udes son informados de la naturaleza de los datos solicitados, como tambien si comunicarlos es obligatorio o no, mediante notas indicativas de acompa\u00f1amiento cuando les son pedidos esos datos en la p\u00e1gina del Sitio Web. La informaci\u00f3n de identificaci\u00f3n personal requerida puede consistir en una sola clave de acceso o contacto para informaci\u00f3n, como por ejemplo nombres, direcciones personales o de e-mail, tel\u00e9fonos o n\u00fameros de fax. Tambien podemos pedir informaci\u00f3n suplementaria facultativa de vez en cuando a fin de tener una visi\u00f3n mejor de nuestros visitantes y sus preferencias. La AMM incita los usuarios a suministrar esta informaci\u00f3n para asegurarse de que el contenido de nuestro Sitio Web satisface vuestros intereses y deseos.<\/p>\n<h3>2. Uso de la Informaci\u00f3n<\/h3>\n<p>Cuando se les piden datos en nuestro Sitio Web, Udes. son informados del destino de los datos obtenidos mediante notas de informaci\u00f3n de acompa\u00f1amiento. Dichos datos son necesarios para que la AMM les d\u00e9 acceso al Sitio Web y sus servicios. La AMM emplea tambien esta informaci\u00f3n de identificaci\u00f3n personal para estimar su uso por el usuario y evaluar lo que le interesa a fin de mejorar el contenido y el servicio de nuestro Sitio Web. Las direcciones e-mail que nos dan cuando se inscriben nos permiten comunicarles por e-mail la introducci\u00f3n de nuevos contenidos bas\u00e1ndonos en los temas de inter\u00e9s personal que puedan habernos indicado Udes. Si no desean recibir preavisos de contenido por e-mail, se les ofrece la oportunidad de indicar tal preferencia al inscribirse. Asimismo, se prev\u00e9 la posibilidad de cancelar el env\u00edo de dichos preavisos m\u00e1s tarde, en todo momento, siguiendo las instrucciones mencionadas en los e-mails que se les env\u00edan. La AMM usa la informaci\u00f3n de identificaci\u00f3n personal obtenida de cookys y direcciones IP descritas a continuaci\u00f3n<\/p>\n<h3>3. Cookys y Direcciones IP<\/h3>\n<p>Los cookys son peque\u00f1os archivos de datos que ciertos sitios de la web inscriben en el disco duro del usuario cuando visita un sitio web particular. El Sitio Web emplea los cookys para facilitar el proceso de login. Al aceptar nuestro cooky, los detalles de su contrase\u00f1a de autenticaci\u00f3n son almacenados y asi se autoriza a usuario registrado el acceso a ciertas p\u00e1ginasde nuestro Sitio Web sin tener que identificarse cada vez. En tal caso, la AMM le recomienda que securice el acceso a su computadora fin de impedir el uso del Sitio Web por personas no autorizadas con su login y contrase\u00f1a. La AMM inscribe tambien las direcciones IP, o la ubicaci\u00f3n de un computador en el Internet para ayudar en el diagn\u00f3stico de posibles problemas con nuestro servidor, administrar el Sitio Web, como tambien por motivos de seguridad.<\/p>\n<h3>4. Comunicaci\u00f3n a Terceros<\/h3>\n<p>La AMM no revela sus datos de identificaci\u00f3n personal a terceros, salvo las siguientes excepciones:<br \/>\n1. Para presentaciones de la AMM en Francia y en el mundo<br \/>\n2. Caso de ser requerido en el marco de un procedimiento judicial, relamentario o administrativo de una Naci\u00f3n, un estado, o toda otra jurisdicci\u00f3n competente.<br \/>\n3. Caso de que, a discreci\u00f3n exclusiva de la AMM, su divulgaci\u00f3n sea necesaria para proteger el Sitio Web, la AMM o sus Directivos, los miembros del Consejo, sus Responsables o su personal.<br \/>\n4. Toda informaci\u00f3n que publiquen o presenten Uds. en foros de debates del Sitio Web, respuestas a encuestas, etc., p\u00fablicamente disponibles en el Sitio Web.<\/p>\n<h3>5. Enlaces Externos<\/h3>\n<p>Nuestro Sitio Web contiene enlaces con sitios Web de terceras partes. Rogamos que recuerden que no somos responsables de\u00a0 las pr\u00e1cticas de recuperaci\u00f3n de informaci\u00f3n de los sitios Web de terceros y que nos es imposible controlarlos. Les aconsejamos que estudien y comprendan las pol\u00edticas sobre privacidad de dichos sitios Web antes de suministrarles ninguna informaci\u00f3n.<\/p>\n<h3>6. Acceso, Cambios y Supresi\u00f3n<\/h3>\n<p>Pueden acceder, corregir, actualizar y\/o suprimir cierta informaci\u00f3n de identificaci\u00f3n personal siguiendo las instrucciones en las p\u00e1ginas pertinentes en la secci\u00f3n reservada a los Miembros del Sitio Web. Sino, pueden mandarnos un correo electr\u00f3nico por <a href=\"mailto:wma@wma.net\">wma@wma.net<\/a> a fin de ejercer sus derechos estatutorios de acceder y modificar la informaci\u00f3n de identificaci\u00f3n personal suya.<\/p>\n<h3>7. Consentimiento<\/h3>\n<p>Al utilizar el Sitio Web, Ud. acepta que nosotros compilemos, utilicemos, y procesemos su informaci\u00f3n de identificaci\u00f3n personal en la forma y para el uso descritos en esta Pol\u00edtica de Privacidad y conforme a nuestros T\u00e9rminos y Condiciones. La AMM se reserva el derecho de modificar dichas pol\u00edticas seg\u00fan convenga, y les avisar\u00e1 de todo cambio efectuado.<\/p>\n<h3>8. Informaci\u00f3n suplementaria<\/h3>\n<p>Si tienen preguntas sobre nuestra Pol\u00edtica de Privacidad o sobre el funcionamiento del Sitio Web, m\u00e1ndennos un correo electr\u00f3nico a <a href=\"mailto:wma@wma.net\">wma@wma.net<\/a>.<\/p>\n","protected":false},"excerpt":{"rendered":"<p>La AMM reconoce la necesidad de proteger el car\u00e1cter privado de toda la informaci\u00f3n de identificaci\u00f3n personal que obtenemos de Udes cuando utilizan nuestro Sitio Web. Los usuarios deben comprender\u00a0 plenamente los t\u00e9rminos y condiciones que acompa\u00f1an la captura y el uso de dicha informaci\u00f3n. Sin perjuicio de los derechos estatutorios estipulados por la ley [&hellip;]<\/p>\n","protected":false},"author":3,"featured_media":0,"parent":0,"menu_order":11,"comment_status":"closed","ping_status":"closed","template":"","meta":[],"acf":[],"_links":{"self":[{"href":"https:\/\/www.wma.net\/es\/wp-json\/wp\/v2\/pages\/1048"}],"collection":[{"href":"https:\/\/www.wma.net\/es\/wp-json\/wp\/v2\/pages"}],"about":[{"href":"https:\/\/www.wma.net\/es\/wp-json\/wp\/v2\/types\/page"}],"author":[{"embeddable":true,"href":"https:\/\/www.wma.net\/es\/wp-json\/wp\/v2\/users\/3"}],"replies":[{"embeddable":true,"href":"https:\/\/www.wma.net\/es\/wp-json\/wp\/v2\/comments?post=1048"}],"version-history":[{"count":4,"href":"https:\/\/www.wma.net\/es\/wp-json\/wp\/v2\/pages\/1048\/revisions"}],"predecessor-version":[{"id":10920,"href":"https:\/\/www.wma.net\/es\/wp-json\/wp\/v2\/pages\/1048\/revisions\/10920"}],"wp:attachment":[{"href":"https:\/\/www.wma.net\/es\/wp-json\/wp\/v2\/media?parent=1048"}],"curies":[{"name":"wp","href":"https:\/\/api.w.org\/{rel}","templated":true}]}}