  {"id":21514,"date":"2019-02-11T15:51:36","date_gmt":"2019-02-11T15:51:36","guid":{"rendered":"https:\/\/www.wma.net\/?page_id=21514"},"modified":"2025-09-25T09:54:25","modified_gmt":"2025-09-25T08:54:25","slug":"pequenos-grupos-de-trabajo","status":"publish","type":"page","link":"https:\/\/www.wma.net\/es\/medicos-jovenes\/pequenos-grupos-de-trabajo\/","title":{"rendered":"Peque\u00f1os grupos de trabajo"},"content":{"rendered":"<h1>Peque\u00f1os Grupos de Trabajo<\/h1>\n<h2><strong>Estatus activo<\/strong><\/h2>\n<h3>Grupo de Trabajo sobre Resistencia a los Antimicrobianos (AMR)<\/h3>\n<p><strong>Responsables:<\/strong><br \/>\nPablo Estrella Porter (<a href=\"mailto:pestrellaporter@gmail.com\">pestrellaporter@gmail.com<\/a>) y Olayinka Fakorede (<a href=\"mailto:holaryinkafakorede@gmail.com\">holaryinkafakorede@gmail.com<\/a>)<br \/>\n<strong>Apoyo de exalumnos JDN:<\/strong> Caline Mattar (<a href=\"mailto:mattar.caline@gmail.com\">mattar.caline@gmail.com<\/a>)<\/p>\n<p><strong>Misi\u00f3n:<\/strong><br \/>\nAumentar la concienciaci\u00f3n sobre la aparici\u00f3n de la resistencia a los antimicrobianos, el papel fundamental de la gesti\u00f3n responsable (stewardship) y el uso del enfoque \u201cOne Health\u201d para reducir el riesgo de enfermedades en humanos, animales y el ecosistema, dirigi\u00e9ndose a estudiantes, profesionales de la salud y al p\u00fablico en general.<\/p>\n<p><strong>Actividades:<\/strong><\/p>\n<ul>\n<li>Campa\u00f1as de sensibilizaci\u00f3n para la Semana Mundial de Concienciaci\u00f3n sobre los Antibi\u00f3ticos de la OMS (WAAW)<\/li>\n<li>Semana Mundial de la Inmunizaci\u00f3n (WIW)<\/li>\n<li>Revisi\u00f3n de la Pol\u00edtica de la AMM sobre Resistencia a los Antimicrobianos<\/li>\n<li>Contribuciones a comentarios en documentos de la OMS en nombre de la AMM<\/li>\n<li>Participaci\u00f3n en el Grupo de Trabajo Cuadripartito sobre Participaci\u00f3n Juvenil en la AMR desde octubre de 2023<\/li>\n<\/ul>\n<p><strong>Publicaciones:<\/strong><\/p>\n<ul>\n<li><em>Bolet\u00edn Especial 糖心vlog视频 JDN: Antimicrobial Resistance<\/em>, mayo 2025. <a href=\"https:\/\/www.wma.net\/wp-content\/uploads\/2025\/05\/AMR-Bulletin-4.0.pdf\">Enlace<\/a><\/li>\n<li><em>Youth Manifesto for the United Nations General Assembly High-level Meeting on Antimicrobial Resistance<\/em>, 2024. <a href=\"https:\/\/www.qjsamr.org\/docs\/librariesprovider25\/working-group-on-youth-engagement\/youth-manifesto-final.pdf\">Enlace<\/a><\/li>\n<li><em>The Road to the Antimicrobial Resistance High-Level Meeting 2024<\/em>, <em>World Medical Journal<\/em>, dic. 2023;69(4):51-55. <a href=\"https:\/\/www.wma.net\/wp-content\/uploads\/2023\/12\/WMJ_2023_04_final2-3.pdf\">Enlace<\/a><\/li>\n<li><em>Advocating for Change: Junior Doctors&#8217; Role in Global Antimicrobial Resistance Initiatives<\/em>, <em>World Medical Journal<\/em>, dic. 2023;69(4):55-57. <a href=\"https:\/\/www.wma.net\/wp-content\/uploads\/2023\/12\/WMJ_2023_04_final2-3.pdf\">Enlace<\/a><\/li>\n<\/ul>\n<hr \/>\n<h3>Grupo de Trabajo de Atenci\u00f3n Primaria de Salud (APS)<\/h3>\n<p><strong>Responsables:<\/strong> Adeel Riaz (<a href=\"mailto:adeelriaz369@gmail.com\">adeelriaz369@gmail.com<\/a>) y Eleleta Surafel (<a href=\"mailto:eleletasabay@gmail.com\">eleletasabay@gmail.com<\/a>)<\/p>\n<p><strong>Misi\u00f3n:<\/strong><br \/>\nProporcionar una plataforma de colaboraci\u00f3n internacional, debate y aprendizaje sobre el papel cr\u00edtico de la APS en el fortalecimiento de los sistemas de salud y en el logro de la Cobertura Sanitaria Universal (CSU) y los ODS.<\/p>\n<p><strong>Objetivos:<\/strong><\/p>\n<ul>\n<li>Reforzar la comprensi\u00f3n de la APS como piedra angular de sistemas de salud resilientes<\/li>\n<li>Dotar a los m\u00e9dicos j\u00f3venes de herramientas, conocimientos y habilidades de incidencia para promover la APS a nivel local y nacional<\/li>\n<li>Facilitar el di\u00e1logo mundial y el aprendizaje entre pares sobre modelos innovadores y desaf\u00edos en APS<\/li>\n<li>Abogar por la integraci\u00f3n de los principios de la APS en la gobernanza sanitaria y la preparaci\u00f3n para emergencias<\/li>\n<li>Contribuir a la conversaci\u00f3n global en salud mediante publicaciones, investigaciones y presentaciones en conferencias<\/li>\n<\/ul>\n<p><strong>Actividades:<\/strong><\/p>\n<ul>\n<li>Contribuci\u00f3n a la Declaraci\u00f3n de la AMM sobre APS<\/li>\n<li>Sesiones informativas, grupos focales y seminarios web sobre determinantes sociales de la salud, crisis humanitarias y clim\u00e1ticas, violencia de g\u00e9nero y necesidades de APS en pa\u00edses de ingresos bajos y medianos<\/li>\n<li>Campa\u00f1as globales para la Declaraci\u00f3n de Astan\u00e1 (2022) y la CSU (2024)<\/li>\n<li>Colaboraci\u00f3n con otros grupos y asociaciones m\u00e9dicas nacionales sobre resiliencia de la APS en respuesta a desastres y crisis clim\u00e1tica<\/li>\n<li>Declaraciones en reuniones del Consejo Ejecutivo de la OMS y publicaciones en el Bolet\u00edn JDN<\/li>\n<\/ul>\n<p><strong>Publicaciones destacadas:<\/strong><\/p>\n<ul>\n<li><em>Empowering the Frontlines of PHC: A JDN perspective<\/em>, <em>糖心vlog视频 JDN Bulletin<\/em>, 2025;31:15-16<\/li>\n<li><em>Antimicrobial Resistance: Challenges and Solutions in Primary Health Care<\/em>, Edici\u00f3n Especial AMR 2024;4.0:12-14<\/li>\n<li><em>SATHI Initiative: Addressing Unmet Surgical Needs in LMICs<\/em>, <em>JDN Bulletin<\/em>, ene. 2025;30:26-29<\/li>\n<li><em>Racism: The Insidious Social Determinant of Health<\/em>, <em>JDN Newsletter<\/em>, ago. 2021;23:57-61<\/li>\n<li><em>Comprehensive Primary Health Care Working Group Update<\/em>, <em>JDN Newsletter<\/em>, abr. 2021;21:16-17<\/li>\n<li><em>Challenges and Opportunities in Providing Primary Health Care during the COVID-19 Pandemic in Six Countries<\/em>, <em>JDN Newsletter<\/em>, jul. 2020;19:71<\/li>\n<\/ul>\n<hr \/>\n<h3>Grupo de Trabajo de Preparaci\u00f3n ante Pandemias \/ COVID-19<\/h3>\n<p><strong>Responsables:<\/strong> Marie-Claire Wangari (<a href=\"mailto:mcwangari.wm@gmail.com\">mcwangari.wm@gmail.com<\/a>) y Yassen Tcholakov (<a href=\"mailto:yassentch@gmail.com\">yassentch@gmail.com<\/a>)<\/p>\n<p><strong>Misi\u00f3n:<\/strong><br \/>\nReactivado en enero de 2022 a partir del grupo ad hoc \u201cCOVID-19\u201d, este grupo ofrece un espacio para que los m\u00e9dicos j\u00f3venes compartan experiencias y sigan las novedades en salud p\u00fablica relacionadas con emergencias sanitarias (por ejemplo, COVID-19, Mpox) y contribuyan con su voz a las soluciones propuestas.<\/p>\n<p><strong>Publicaciones:<\/strong><\/p>\n<ul>\n<li><em>Bolet\u00edn JDN 2024<\/em>: panorama del grupo<\/li>\n<li><em>Bolet\u00edn JDN 2022<\/em>: panorama del grupo<\/li>\n<li>Coordinaci\u00f3n de la revisi\u00f3n de la Pol\u00edtica de la AMM sobre Epidemias y Pandemias (2017)<\/li>\n<\/ul>\n<p><strong>Actividades:<\/strong><\/p>\n<ul>\n<li>Campa\u00f1as de incidencia (testimonios de m\u00e9dicos j\u00f3venes en mayo 2023)<\/li>\n<li>Representaci\u00f3n en reuniones de alto nivel de la OMS (INB, RSI)<\/li>\n<li>Campa\u00f1a en redes sociales sobre el Acuerdo de Pandemias y su impacto en la carrera de los m\u00e9dicos j\u00f3venes<\/li>\n<li>Art\u00edculo de opini\u00f3n sobre las negociaciones del Acuerdo de Pandemias<\/li>\n<\/ul>\n<hr \/>\n<h3>Grupo de Trabajo de \u00c9tica M\u00e9dica<\/h3>\n<p><strong>Responsables:<\/strong> Shiv Joshi (<a href=\"mailto:ethics.jdn@wma.net\">ethics.jdn@wma.net<\/a>) y Cristopher Spina Mena (<a href=\"mailto:cristop100@gmail.com\">cristop100@gmail.com<\/a>)<\/p>\n<p><strong>Misi\u00f3n:<\/strong><br \/>\nFomentar una cultura de debate y pr\u00e1ctica \u00e9tica entre m\u00e9dicos j\u00f3venes, conectando marcos te\u00f3ricos con la aplicaci\u00f3n pr\u00e1ctica y amplificando su voz en la gobernanza \u00e9tica mundial.<\/p>\n<p><strong>Objetivos:<\/strong><\/p>\n<ul>\n<li>Aumentar la participaci\u00f3n de los m\u00e9dicos j\u00f3venes en \u00e9tica m\u00e9dica, pol\u00edticas, investigaci\u00f3n e intercambio profesional<\/li>\n<li>Participar en reuniones internas y externas de la AMM sobre \u00e9tica m\u00e9dica<\/li>\n<li>Contribuir a la redacci\u00f3n y revisi\u00f3n de pol\u00edticas y publicaciones de la AMM<\/li>\n<\/ul>\n<p><strong>Actividades:<\/strong><\/p>\n<ul>\n<li><em>Medical Ethics Open House<\/em>: foro interactivo de di\u00e1logo<\/li>\n<li><em>Journal Club<\/em>: 9 sesiones (60-70 min) de debate \u00e9tico (hasta agosto 2025)<\/li>\n<li><em>MEC Policy Discussion Series<\/em>: alinear las perspectivas del JDN con el Comit\u00e9 de \u00c9tica M\u00e9dica de la AMM<\/li>\n<li>Desarrollo de art\u00edculos acad\u00e9micos (IA en cuidados intensivos, roles en conflictos, etc.)<\/li>\n<li>Contribuciones a pol\u00edticas de la AMM desde la perspectiva de m\u00e9dicos j\u00f3venes<\/li>\n<li>Colaboraci\u00f3n con otros grupos para integrar la \u00e9tica en todas las iniciativas del JDN<\/li>\n<\/ul>\n<p><strong>Publicaci\u00f3n reciente:<\/strong><br \/>\n<em>Medical Ethics and Medical Education Special Edition<\/em>, abril 2025. <a href=\"https:\/\/www.wma.net\/wp-content\/uploads\/2025\/04\/糖心vlog视频-JDN-Bulletin-Med-EdEt-04-2025.pdf\">Enlace<\/a><\/p>\n<hr \/>\n<h3>Grupo de Trabajo de Intercambio, Educaci\u00f3n y Movilidad M\u00e9dica Internacional<\/h3>\n<p><strong>Responsables:<\/strong> Merlinda Shazellenne (<a href=\"mailto:dr.merlinda@gmail.com\">dr.merlinda@gmail.com<\/a> \/ <a href=\"mailto:education.jdn@wma.net\">education.jdn@wma.net<\/a>) y Rui Louren\u00e7o Teixeira (<a href=\"mailto:rteixeira@edu.ulisboa.pt\">rteixeira@edu.ulisboa.pt<\/a>)<\/p>\n<p><strong>Misi\u00f3n:<\/strong><br \/>\nServir de plataforma para que los m\u00e9dicos j\u00f3venes participen, aprendan y colaboren en educaci\u00f3n m\u00e9dica, intercambio y movilidad internacional, impulsando la calidad de la formaci\u00f3n m\u00e9dica y su participaci\u00f3n en pol\u00edticas.<\/p>\n<p><strong>Objetivos y Actividades clave:<\/strong><\/p>\n<ul>\n<li>Establecer alianzas con instituciones de salud para favorecer el intercambio internacional<\/li>\n<li>Asesorar a m\u00e9dicos j\u00f3venes en carreras de salud global<\/li>\n<li>Participar en la elaboraci\u00f3n de normas WFME (CPD, posgrado)<\/li>\n<li>Representaci\u00f3n ante ONU, UNODC, MASEAN, etc.<\/li>\n<li>Organizaci\u00f3n de seminarios web de orientaci\u00f3n profesional (por ejemplo <em>Leading from the Frontline<\/em>, oct. 2025)<\/li>\n<li>Revisi\u00f3n de la Resoluci\u00f3n de la AMM sobre fuerza laboral m\u00e9dica (adoptada oct. 2023)<\/li>\n<li>Publicaci\u00f3n de un Bolet\u00edn Especial \u201cEducaci\u00f3n M\u00e9dica y \u00c9tica\u201d, abril 2025<\/li>\n<\/ul>\n<hr \/>\n<h3>Grupo de Trabajo de Salud Planetaria<\/h3>\n<p><strong>Responsables:<\/strong> Lekha Rathod (<a href=\"mailto:lekha.r91+gh@gmail.com\">lekha.r91+gh@gmail.com<\/a>) y Laura Jung (<a href=\"mailto:laurajung.gh@gmail.com\">laurajung.gh@gmail.com<\/a>)<\/p>\n<p><strong>Misi\u00f3n:<\/strong><br \/>\nIncrementar la participaci\u00f3n de los m\u00e9dicos j\u00f3venes en la intersecci\u00f3n entre salud humana y medio ambiente, con un enfoque hol\u00edstico que incluya la crisis clim\u00e1tica, los cambios ambientales globales y la equidad en salud.<\/p>\n<p><strong>Objetivos y Actividades:<\/strong><\/p>\n<ul>\n<li>Crear un espacio de debate y proyectos sobre salud planetaria<\/li>\n<li>Aportar la perspectiva de m\u00e9dicos j\u00f3venes a las pol\u00edticas de la AMM<\/li>\n<li>Participar en reuniones internacionales (UNFCCC, COP27-29, OMS, AMS75)<\/li>\n<li>Redactar y revisar pol\u00edticas (por ejemplo, contaminaci\u00f3n del aire 2023-2024)<\/li>\n<li>Reforzar la representaci\u00f3n de m\u00e9dicos j\u00f3venes en el Caucus Ambiental de la AMM<\/li>\n<\/ul>\n<hr \/>\n<h3>Grupo de Trabajo de Cirug\u00eda Global<\/h3>\n<p><strong>Responsables:<\/strong> Ramitha Eshan Ruwanpathirana (<a href=\"mailto:oakflute@gmail.com\">oakflute@gmail.com<\/a>) y Preeti Sawant (<a href=\"mailto:drpreetisawant@gmail.com\">drpreetisawant@gmail.com<\/a>)<\/p>\n<p><strong>Misi\u00f3n:<\/strong><br \/>\nPromover el acceso equitativo a la atenci\u00f3n quir\u00fargica y anest\u00e9sica en consonancia con el ODS 3, aumentar la conciencia sobre la cirug\u00eda global y fomentar la participaci\u00f3n internacional de estudiantes de medicina y profesionales quir\u00fargicos.<\/p>\n<p><strong>Objetivos y Actividades:<\/strong><\/p>\n<ul>\n<li>Sensibilizaci\u00f3n, incidencia y investigaci\u00f3n para lograr atenci\u00f3n quir\u00fargica de calidad para todas las comunidades<\/li>\n<li>Mentoreo y desarrollo profesional<\/li>\n<li>Colaboraci\u00f3n con asociaciones de cirug\u00eda global (InciSion, IASS, AAGS, G4)<\/li>\n<li>Seminarios y talleres educativos<\/li>\n<\/ul>\n<hr \/>\n<h3>Grupo de Trabajo sobre Enfermedades No Transmisibles (ENT)<\/h3>\n<p><strong>Responsables:<\/strong> Dr. Venkatesh Karthikeyan (<a href=\"mailto:4852012@gmail.com\">4852012@gmail.com<\/a>) y Dr. Muha Hassan (<a href=\"mailto:muhaghp@gmail.com\">muhaghp@gmail.com<\/a>)<\/p>\n<p><strong>Misi\u00f3n:<\/strong><br \/>\nUnir y empoderar a los m\u00e9dicos j\u00f3venes para liderar acciones colaborativas contra las ENT a trav\u00e9s de incidencia, educaci\u00f3n, investigaci\u00f3n y participaci\u00f3n en pol\u00edticas.<\/p>\n<p><strong>Objetivos y Actividades:<\/strong><\/p>\n<ul>\n<li>Coordinar campa\u00f1as globales para al menos dos d\u00edas de salud relacionados con ENT cada a\u00f1o<\/li>\n<li>Publicar una edici\u00f3n especial del Bolet\u00edn JDN sobre ENT<\/li>\n<li>Presentar declaraciones oficiales o recomendaciones en foros internacionales (OMS, AMS)<\/li>\n<li>Organizar seminarios web educativos (D\u00eda Mundial de la Diabetes, D\u00eda Mundial sin Tabaco, etc.)<\/li>\n<li>Iniciar investigaci\u00f3n multinacional sobre necesidades de formaci\u00f3n en ENT y publicar en una revista internacional<\/li>\n<\/ul>\n<hr \/>\n<h3>Grupos de Trabajo Finalizados<\/h3>\n<p>Grupos que completaron sus tareas o cuya pol\u00edtica de la AMM fue adoptada:<\/p>\n<ul>\n<li>T\u00e9rminos de Referencia JDN 2024-2025<\/li>\n<li>10.\u00ba Aniversario del JDN<\/li>\n<li>\u00c9tica de la atenci\u00f3n m\u00e9dica en pacientes psiqui\u00e1tricos<\/li>\n<li>Intercambios m\u00e9dicos de posgrado<\/li>\n<li>Condiciones laborales<\/li>\n<li>Comercio y salud<\/li>\n<li>Planificaci\u00f3n estrat\u00e9gica<\/li>\n<li>Procedimientos electorales<\/li>\n<li>Redes sociales<\/li>\n<li>Educaci\u00f3n m\u00e9dica de posgrado<\/li>\n<li>Salud y bienestar de los m\u00e9dicos<\/li>\n<li>Cambio clim\u00e1tico y salud<\/li>\n<li>Actividades relacionadas con la OMS<\/li>\n<li>Formaci\u00f3n en salud global y sus implicaciones<\/li>\n<li>Grupo de trabajo sobre salud y bienestar de los m\u00e9dicos<\/li>\n<\/ul>\n<hr \/>\n","protected":false},"excerpt":{"rendered":"<p>Peque\u00f1os Grupos de Trabajo Estatus activo Grupo de Trabajo sobre Resistencia a los Antimicrobianos (AMR) Responsables: Pablo Estrella Porter (pestrellaporter@gmail.com) y Olayinka Fakorede (holaryinkafakorede@gmail.com) Apoyo de exalumnos JDN: Caline Mattar (mattar.caline@gmail.com) Misi\u00f3n: Aumentar la concienciaci\u00f3n sobre la aparici\u00f3n de la resistencia a los antimicrobianos, el papel fundamental de la gesti\u00f3n responsable (stewardship) y el uso [&hellip;]<\/p>\n","protected":false},"author":24,"featured_media":0,"parent":998,"menu_order":6,"comment_status":"closed","ping_status":"closed","template":"","meta":[],"acf":[],"_links":{"self":[{"href":"https:\/\/www.wma.net\/es\/wp-json\/wp\/v2\/pages\/21514"}],"collection":[{"href":"https:\/\/www.wma.net\/es\/wp-json\/wp\/v2\/pages"}],"about":[{"href":"https:\/\/www.wma.net\/es\/wp-json\/wp\/v2\/types\/page"}],"author":[{"embeddable":true,"href":"https:\/\/www.wma.net\/es\/wp-json\/wp\/v2\/users\/24"}],"replies":[{"embeddable":true,"href":"https:\/\/www.wma.net\/es\/wp-json\/wp\/v2\/comments?post=21514"}],"version-history":[{"count":16,"href":"https:\/\/www.wma.net\/es\/wp-json\/wp\/v2\/pages\/21514\/revisions"}],"predecessor-version":[{"id":25286,"href":"https:\/\/www.wma.net\/es\/wp-json\/wp\/v2\/pages\/21514\/revisions\/25286"}],"up":[{"embeddable":true,"href":"https:\/\/www.wma.net\/es\/wp-json\/wp\/v2\/pages\/998"}],"wp:attachment":[{"href":"https:\/\/www.wma.net\/es\/wp-json\/wp\/v2\/media?parent=21514"}],"curies":[{"name":"wp","href":"https:\/\/api.w.org\/{rel}","templated":true}]}}