  {"id":22792,"date":"2024-06-03T18:57:43","date_gmt":"2024-06-03T17:57:43","guid":{"rendered":"https:\/\/www.wma.net\/?page_id=22792"},"modified":"2024-06-11T13:51:45","modified_gmt":"2024-06-11T12:51:45","slug":"consulta-publica-sobre-un-proyecto-de-version-revisada-de-la-declaracion-de-helsinki","status":"publish","type":"page","link":"https:\/\/www.wma.net\/es\/que-hacemos\/etica-medica\/declaracion-de-helsinki\/consulta-publica-sobre-un-proyecto-de-version-revisada-de-la-declaracion-de-helsinki\/","title":{"rendered":"Consulta p\u00fablica sobre un proyecto de versi\u00f3n revisada de la Declaraci\u00f3n de Helsinki"},"content":{"rendered":"<h3><a href=\"https:\/\/www.wma.net\/wp-content\/uploads\/2024\/06\/Declaration-of-Helsinki-Public-Comment-Period-Two_For-Circulation_S66.docx\"><strong>Descargar el documento de comentarios p\u00fablicos de la fase 2<\/strong><\/a><\/h3>\n<h4><strong>Env\u00ede por correo electr\u00f3nico el documento completado antes del 24 de junio de 2024 a las 17:00, hora central (UTC-6)<\/strong><\/h4>\n<p><strong>Antecedentes<\/strong><\/p>\n<p>La Asociaci\u00f3n M\u00e9dica Mundial elabor\u00f3 la Declaraci\u00f3n de Helsinki como una declaraci\u00f3n de principios \u00e9ticos para la investigaci\u00f3n m\u00e9dica en seres humanos, tras las atrocidades cometidas por m\u00e9dicos que realizaban investigaciones m\u00e9dicas no \u00e9ticas durante la Segunda Guerra Mundial. Desde que la Asociaci\u00f3n M\u00e9dica Mundial adopt\u00f3 por primera vez la Declaraci\u00f3n de Helsinki en 1964, investigadores, comit\u00e9s de revisi\u00f3n \u00e9tica y gobiernos de todo el mundo conf\u00edan en los principios duraderos de alto nivel del documento para guiar las consideraciones \u00e9ticas fundamentales y la toma de decisiones.<\/p>\n<p>Para garantizar que la Declaraci\u00f3n de Helsinki, o DoH, siga cumpliendo su prop\u00f3sito y abordando los cambiantes desaf\u00edos \u00e9ticos en la comunidad investigadora mundial, la Asociaci\u00f3n M\u00e9dica Mundial invita a revisar peri\u00f3dicamente el documento. Dado que el documento se actualiz\u00f3 por \u00faltima vez en 2013, la Asociaci\u00f3n M\u00e9dica Mundial nombr\u00f3 un nuevo grupo de trabajo[1] para facilitar la revisi\u00f3n actual de la Declaraci\u00f3n de Helsinki.<\/p>\n<p>El proceso de revisi\u00f3n est\u00e1 dise\u00f1ado para ser colaborativo, transparente e inclusivo. Los esfuerzos del grupo de trabajo se basan en reuniones regionales y tem\u00e1ticas celebradas a lo largo de dos a\u00f1os, en las que los temas son debatidos por expertos locales e internacionales y audiencias comprometidas con diversas opiniones. Las modificaciones resultantes de los principios propuestos por el grupo de trabajo se distribuyen finalmente por todo el mundo para que el p\u00fablico presente sus comentarios.<\/p>\n<p>Con el fin de maximizar los aportes de todas las partes interesadas y del p\u00fablico en general, estamos ofreciendo dos periodos separados de comentarios p\u00fablicos. La fase 1 se celebr\u00f3 a principios de este a\u00f1o y la fase 2 se abre ahora.<\/p>\n<p><strong>Abierto ahora: Periodo de comentarios p\u00fablicos de la fase 2 (del 3 al 24 de junio)<\/strong><\/p>\n<p>Las modificaciones propuestas por el grupo de trabajo hasta la fecha ya est\u00e1n a disposici\u00f3n del p\u00fablico. Para enviar los comentarios de su organizaci\u00f3n o los suyos individuales, <a href=\"https:\/\/www.wma.net\/wp-content\/uploads\/2024\/06\/Declaration-of-Helsinki-Public-Comment-Period-Two_For-Circulation_S66.docx\">descargue el documento de comentarios p\u00fablicos<\/a> de la fase 2 e introduzca sus comentarios en la fila correspondiente al p\u00e1rrafo de la DoH objeto de revisi\u00f3n. Si desea ofrecer modificaciones espec\u00edficas para su consideraci\u00f3n, indique la <span style=\"background-color: yellow\">nueva<\/span> redacci\u00f3n propuesta con un texto resaltado en <span style=\"background-color: yellow\">negrita y amarillo<\/span>. Indique las <span style=\"text-decoration: line-through\"><span style=\"background-color: yellow\">eliminaciones<\/span><\/span> propuestas con texto <span style=\"text-decoration: line-through\"><span style=\"background-color: yellow\">tachado resaltado en amarillo<\/span><\/span>. No utilice la funci\u00f3n de track changes.\u00a0 Aseg\u00farese de que todos los comentarios se atribuyen correctamente incluyendo su nombre, cargo y organizaci\u00f3n. Env\u00ede el documento completo por correo electr\u00f3nico a doh@wma.net\u00a0 antes del 24 de junio de 2024, a las 17:00, hora central (UTC-6). Dado que este es el \u00faltimo periodo de comentarios, no se tendr\u00e1n en cuenta los que se reciban despu\u00e9s del 24 de junio.<\/p>\n<p><strong>Examen para adopci\u00f3n: Reuni\u00f3n de la Asamblea General Helsinki, Finlandia<\/strong><\/p>\n<p>El grupo de trabajo tiene la intenci\u00f3n de recomendar un proyecto final actualizado de la Declaraci\u00f3n de Helsinki al Comit\u00e9 de Etica M\u00e9dica de la Asociaci\u00f3n M\u00e9dica Mundial, y el documento debe ser considerado por el Consejo y la Asamblea General en Helsinki, Finlandia, en octubre de 2024.<\/p>\n<p>[1] El grupo de trabajo incluye a los Miembros Constituyentes de la AMM de Bangladesh, B\u00e9lgica, Brasil, China, Dinamarca, Finlandia, Alemania, Israel, Italia, Jap\u00f3n, Malasia, Pa\u00edses Bajos, Nigeria, Sud\u00e1frica, Taiw\u00e1n, Reino Unido, Estados Unidos (Presidencia), Uruguay, Vaticano y los Miembros Asociados de la Asociaci\u00f3n M\u00e9dica Mundial.<\/p>\n","protected":false},"excerpt":{"rendered":"<p>Descargar el documento de comentarios p\u00fablicos de la fase 2 Env\u00ede por correo electr\u00f3nico el documento completado antes del 24 de junio de 2024 a las 17:00, hora central (UTC-6) Antecedentes La Asociaci\u00f3n M\u00e9dica Mundial elabor\u00f3 la Declaraci\u00f3n de Helsinki como una declaraci\u00f3n de principios \u00e9ticos para la investigaci\u00f3n m\u00e9dica en seres humanos, tras las [&hellip;]<\/p>\n","protected":false},"author":17,"featured_media":0,"parent":857,"menu_order":1,"comment_status":"closed","ping_status":"closed","template":"","meta":[],"acf":[],"_links":{"self":[{"href":"https:\/\/www.wma.net\/es\/wp-json\/wp\/v2\/pages\/22792"}],"collection":[{"href":"https:\/\/www.wma.net\/es\/wp-json\/wp\/v2\/pages"}],"about":[{"href":"https:\/\/www.wma.net\/es\/wp-json\/wp\/v2\/types\/page"}],"author":[{"embeddable":true,"href":"https:\/\/www.wma.net\/es\/wp-json\/wp\/v2\/users\/17"}],"replies":[{"embeddable":true,"href":"https:\/\/www.wma.net\/es\/wp-json\/wp\/v2\/comments?post=22792"}],"version-history":[{"count":6,"href":"https:\/\/www.wma.net\/es\/wp-json\/wp\/v2\/pages\/22792\/revisions"}],"predecessor-version":[{"id":22806,"href":"https:\/\/www.wma.net\/es\/wp-json\/wp\/v2\/pages\/22792\/revisions\/22806"}],"up":[{"embeddable":true,"href":"https:\/\/www.wma.net\/es\/wp-json\/wp\/v2\/pages\/857"}],"wp:attachment":[{"href":"https:\/\/www.wma.net\/es\/wp-json\/wp\/v2\/media?parent=22792"}],"curies":[{"name":"wp","href":"https:\/\/api.w.org\/{rel}","templated":true}]}}