  {"id":2799,"date":"2017-01-10T10:50:33","date_gmt":"2017-01-10T10:50:33","guid":{"rendered":"https:\/\/www.wma.net\/?page_id=2799\/"},"modified":"2017-03-14T17:29:25","modified_gmt":"2017-03-14T17:29:25","slug":"bienestar-en-el-lugar-de-trabajo","status":"publish","type":"page","link":"https:\/\/www.wma.net\/es\/que-hacemos\/educacion\/bienestar-en-el-lugar-de-trabajo\/","title":{"rendered":"Bienestar en el lugar de trabajo"},"content":{"rendered":"<p>En la actualidad, la crisis en el personal de salud a nivel mundial es muy grave. Demasiados pa\u00edses tienen gran escasez\u00a0 de profesionales sanitarios, lo que tiene un impacto negativo para los pacientes y el bienestar del personal de salud. Las razones son complejas \u2013 pero destaca la mala calidad de la mayor\u00eda de los lugares de trabajo \u2013 lo que es un factor importante que influye negativamente en el rendimiento y que desanima a los profesionales de la salud.<\/p>\n<p>Crear un entorno de trabajo positivo con excelencia y un trabajo decente tiene el potencial de atraer y retener al personal, mejorar la calidad de la atenci\u00f3n, seguridad, satisfacci\u00f3n de los pacientes y proporcionar servicios rentables. Los profesionales de la salud, gerentes, pacientes, responsables de pol\u00edticas y l\u00edderes comunitarios pueden ser abogados y realizar acciones para crear lugares de trabajo de calidad para una atenci\u00f3n de calidad. Las personas pueden hacer la diferencia a nivel local y juntos pueden implementar cambios positivos para las pol\u00edticas y pr\u00e1cticas regionales e internacionales.<\/p>\n<p>Los principios clave para un entorno de pr\u00e1ctica positivo son:<\/p>\n<ol>\n<li>Reconocimiento profesional<\/li>\n<li>Pr\u00e1cticas de administraci\u00f3n<\/li>\n<li>Estructuras de apoyo<\/li>\n<li>Salud laboral y seguridad<\/li>\n<li>Educaci\u00f3n<\/li>\n<\/ol>\n<p>La AMM junto a otros miembros de la Alianza Mundial de Profesiones de la Salud (WHPA) y la Federaci\u00f3n Internacional de Administraci\u00f3n de Hospitales (IHF) elaboraron la campa\u00f1a PPE con la ayuda de la Global Health Workforce Alliance (GHWA)<\/p>\n","protected":false},"excerpt":{"rendered":"<p>En la actualidad, la crisis en el personal de salud a nivel mundial es muy grave. Demasiados pa\u00edses tienen gran escasez\u00a0 de profesionales sanitarios, lo que tiene un impacto negativo para los pacientes y el bienestar del personal de salud. Las razones son complejas \u2013 pero destaca la mala calidad de la mayor\u00eda de los [&hellip;]<\/p>\n","protected":false},"author":1,"featured_media":0,"parent":901,"menu_order":1,"comment_status":"closed","ping_status":"closed","template":"","meta":[],"acf":[],"_links":{"self":[{"href":"https:\/\/www.wma.net\/es\/wp-json\/wp\/v2\/pages\/2799"}],"collection":[{"href":"https:\/\/www.wma.net\/es\/wp-json\/wp\/v2\/pages"}],"about":[{"href":"https:\/\/www.wma.net\/es\/wp-json\/wp\/v2\/types\/page"}],"author":[{"embeddable":true,"href":"https:\/\/www.wma.net\/es\/wp-json\/wp\/v2\/users\/1"}],"replies":[{"embeddable":true,"href":"https:\/\/www.wma.net\/es\/wp-json\/wp\/v2\/comments?post=2799"}],"version-history":[{"count":4,"href":"https:\/\/www.wma.net\/es\/wp-json\/wp\/v2\/pages\/2799\/revisions"}],"predecessor-version":[{"id":7519,"href":"https:\/\/www.wma.net\/es\/wp-json\/wp\/v2\/pages\/2799\/revisions\/7519"}],"up":[{"embeddable":true,"href":"https:\/\/www.wma.net\/es\/wp-json\/wp\/v2\/pages\/901"}],"wp:attachment":[{"href":"https:\/\/www.wma.net\/es\/wp-json\/wp\/v2\/media?parent=2799"}],"curies":[{"name":"wp","href":"https:\/\/api.w.org\/{rel}","templated":true}]}}