  {"id":632,"date":"2016-11-22T12:19:45","date_gmt":"2016-11-22T12:19:45","guid":{"rendered":"https:\/\/www.wma.net\/es\/declaration-de-tokyo\/"},"modified":"2025-11-07T10:48:46","modified_gmt":"2025-11-07T10:48:46","slug":"declaration-de-tokyo","status":"publish","type":"page","link":"https:\/\/www.wma.net\/es\/que-hacemos\/etica-medica\/declaration-de-tokyo\/","title":{"rendered":"Declaraci\u00f3n de Tokio"},"content":{"rendered":"<p>Los m\u00e9dicos sirven a sus pacientes durante toda su vida para sanarlos, aliviar el sufrimiento o confortarlos, actuando en el respeto de\u00a0los intereses del paciente. Esta responsabilidad est\u00e1 vigente siempre que el m\u00e9dico utilice su conocimiento en su interacci\u00f3n con el paciente.<\/p>\n<p>La Asociaci\u00f3n M\u00e9dica Mundial fue fundada en septiembre de 1947, d\u00edas despu\u00e9s de los juicios de Nuremberg por los abusos de la medicina en los campos\u00a0de concentraci\u00f3n y las actividades de eutanasia en la Alemania Nazi.\u00a0Aunque la magnitud de lo ocurrido durante la Segunda Guerra mundial sea extrema, el mal uso del conocimiento m\u00e9dico sigue existiendo hoy en d\u00eda en gran parte\u00a0del mundo.<\/p>\n<p>Existe una distinci\u00f3n clara entre la medicina para el beneficio de la persona y el abuso de la medicina. Sin embargo, los m\u00e9dicos pueden encontrarse en situaciones de dif\u00edcil gesti\u00f3n\u00a0donde\u00a0el Estado utiliza o tolera la tortura u otros tratos degradantes y para ello solicita\u00a0o fuerza la colaboraci\u00f3n de estos m\u00e9dicos en la atenci\u00f3n a las v\u00edctimas. Los m\u00e9dicos tienen la obligaci\u00f3n de diagnosticar y tratar a las v\u00edctimas de tortura. Por otro lado, tienen la prohibici\u00f3n \u00e9tica de realizar cualquier estudio o facilitar informaci\u00f3n o tratamiento que pueda llevar a una perpetuaci\u00f3n de la tortura. Por tanto, estas acciones implican la participaci\u00f3n del m\u00e9dico en la tortura, lo cual no solo no es \u00e9tico, si no que tambi\u00e9n promueve la aceptaci\u00f3n de estos procedimientos,\u00a0destruyendo la confianza de los pacientes en la medicina. test<\/p>\n<p>&nbsp;<\/p>\n<p>&nbsp;<\/p>\n","protected":false},"excerpt":{"rendered":"<p>Los m\u00e9dicos sirven a sus pacientes durante toda su vida para sanarlos, aliviar el sufrimiento o confortarlos, actuando en el respeto de\u00a0los intereses del paciente. Esta responsabilidad est\u00e1 vigente siempre que el m\u00e9dico utilice su conocimiento en su interacci\u00f3n con el paciente. La Asociaci\u00f3n M\u00e9dica Mundial fue fundada en septiembre de 1947, d\u00edas despu\u00e9s de [&hellip;]<\/p>\n","protected":false},"author":3,"featured_media":0,"parent":854,"menu_order":2,"comment_status":"closed","ping_status":"closed","template":"","meta":[],"acf":[],"_links":{"self":[{"href":"https:\/\/www.wma.net\/es\/wp-json\/wp\/v2\/pages\/632"}],"collection":[{"href":"https:\/\/www.wma.net\/es\/wp-json\/wp\/v2\/pages"}],"about":[{"href":"https:\/\/www.wma.net\/es\/wp-json\/wp\/v2\/types\/page"}],"author":[{"embeddable":true,"href":"https:\/\/www.wma.net\/es\/wp-json\/wp\/v2\/users\/3"}],"replies":[{"embeddable":true,"href":"https:\/\/www.wma.net\/es\/wp-json\/wp\/v2\/comments?post=632"}],"version-history":[{"count":15,"href":"https:\/\/www.wma.net\/es\/wp-json\/wp\/v2\/pages\/632\/revisions"}],"predecessor-version":[{"id":25751,"href":"https:\/\/www.wma.net\/es\/wp-json\/wp\/v2\/pages\/632\/revisions\/25751"}],"up":[{"embeddable":true,"href":"https:\/\/www.wma.net\/es\/wp-json\/wp\/v2\/pages\/854"}],"wp:attachment":[{"href":"https:\/\/www.wma.net\/es\/wp-json\/wp\/v2\/media?parent=632"}],"curies":[{"name":"wp","href":"https:\/\/api.w.org\/{rel}","templated":true}]}}