  {"id":854,"date":"2016-11-22T12:10:27","date_gmt":"2016-11-22T12:10:27","guid":{"rendered":"https:\/\/www.wma.net\/es\/?page_id=854"},"modified":"2019-06-06T14:05:05","modified_gmt":"2019-06-06T13:05:05","slug":"etica-medica","status":"publish","type":"page","link":"https:\/\/www.wma.net\/es\/que-hacemos\/etica-medica\/","title":{"rendered":"\u00c9tica M\u00e9dica"},"content":{"rendered":"<p>Desde que fue fundada en 1947, el objetivo fundamental de la Asociaci\u00f3n M\u00e9dica Mundial (AMM)\u00a0ha sido formular y promover las normas m\u00e1s elevadas posibles de conducta \u00e9tica\u00a0y atenci\u00f3n m\u00e9dica realizada por los m\u00e9dicos. Para llevar a cabo este objetivo, la AMM ha adoptado declaraciones de pol\u00edtica sobre un gran n\u00famero de cuestiones \u00e9ticas relativas al profesionalismo m\u00e9dico, atenci\u00f3n de pacientes,\u00a0investigaci\u00f3n en seres humanos y salud p\u00fablica. El Consejo de la AMM y los comit\u00e9s permanentes revisan y actualizan las pol\u00edticas establecidas y elaboran nuevas\u00a0pol\u00edticas sobre asuntos \u00e9ticos emergentes.<\/p>\n<p>La AMM sirve de centro de recursos para sus miembros en materia de \u00e9tica, en cooperaci\u00f3n con instituciones acad\u00e9micas, organizaciones mundiales abocadas a asuntos \u00e9ticos y tambi\u00e9n con expertos en el campo\u00a0de la \u00e9tica m\u00e9dica.<\/p>\n<p>La AMM ha adoptado muchas pol\u00edticas que son\u00a0reconocidas a nivel internacional como el est\u00e1ndar \u00e9tico global en relaci\u00f3n al asunto del que tratan. La siguiente lista es una selecci\u00f3n de los m\u00e1s importantes documentos sobre pol\u00edticas de \u00e9tica de la AMM:<\/p>\n","protected":false},"excerpt":{"rendered":"<p>Desde que fue fundada en 1947, el objetivo fundamental de la Asociaci\u00f3n M\u00e9dica Mundial (AMM)\u00a0ha sido formular y promover las normas m\u00e1s elevadas posibles de conducta \u00e9tica\u00a0y atenci\u00f3n m\u00e9dica realizada por los m\u00e9dicos. Para llevar a cabo este objetivo, la AMM ha adoptado declaraciones de pol\u00edtica sobre un gran n\u00famero de cuestiones \u00e9ticas relativas al [&hellip;]<\/p>\n","protected":false},"author":3,"featured_media":0,"parent":620,"menu_order":0,"comment_status":"closed","ping_status":"closed","template":"","meta":[],"acf":[],"_links":{"self":[{"href":"https:\/\/www.wma.net\/es\/wp-json\/wp\/v2\/pages\/854"}],"collection":[{"href":"https:\/\/www.wma.net\/es\/wp-json\/wp\/v2\/pages"}],"about":[{"href":"https:\/\/www.wma.net\/es\/wp-json\/wp\/v2\/types\/page"}],"author":[{"embeddable":true,"href":"https:\/\/www.wma.net\/es\/wp-json\/wp\/v2\/users\/3"}],"replies":[{"embeddable":true,"href":"https:\/\/www.wma.net\/es\/wp-json\/wp\/v2\/comments?post=854"}],"version-history":[{"count":25,"href":"https:\/\/www.wma.net\/es\/wp-json\/wp\/v2\/pages\/854\/revisions"}],"predecessor-version":[{"id":12773,"href":"https:\/\/www.wma.net\/es\/wp-json\/wp\/v2\/pages\/854\/revisions\/12773"}],"up":[{"embeddable":true,"href":"https:\/\/www.wma.net\/es\/wp-json\/wp\/v2\/pages\/620"}],"wp:attachment":[{"href":"https:\/\/www.wma.net\/es\/wp-json\/wp\/v2\/media?parent=854"}],"curies":[{"name":"wp","href":"https:\/\/api.w.org\/{rel}","templated":true}]}}