  {"id":859,"date":"2016-11-22T12:22:49","date_gmt":"2016-11-22T12:22:49","guid":{"rendered":"https:\/\/www.wma.net\/es\/?page_id=859"},"modified":"2017-07-05T11:04:28","modified_gmt":"2017-07-05T10:04:28","slug":"derechos-humanos","status":"publish","type":"page","link":"https:\/\/www.wma.net\/es\/que-hacemos\/derechos-humanos\/","title":{"rendered":"Derechos Humanos"},"content":{"rendered":"<p>Junto a sus asociaciones miembros, la Asociaci\u00f3n M\u00e9dica Mundial (AMM) est\u00e1 comprometida con la promoci\u00f3n de los derechos humanos relacionados con la salud para todos en el plano internacional y nacional. Como profesionales de la salud, los m\u00e9dicos tienen una funci\u00f3n clave en la prestaci\u00f3n de atenci\u00f3n de alta calidad para todos los pacientes sin discriminaci\u00f3n y en la prevenci\u00f3n de actos de tortura y malos tratos que constituyen graves violaciones de los derechos humanos. Pero los m\u00e9dicos y los pacientes tambi\u00e9n pueden ser v\u00edctimas de violaciones de los derechos humanos.\u00a0 La AMM interviene para apoyarlos y denunciar dichas violaciones.<\/p>\n","protected":false},"excerpt":{"rendered":"<p>Junto a sus asociaciones miembros, la Asociaci\u00f3n M\u00e9dica Mundial (AMM) est\u00e1 comprometida con la promoci\u00f3n de los derechos humanos relacionados con la salud para todos en el plano internacional y nacional. Como profesionales de la salud, los m\u00e9dicos tienen una funci\u00f3n clave en la prestaci\u00f3n de atenci\u00f3n de alta calidad para todos los pacientes sin [&hellip;]<\/p>\n","protected":false},"author":3,"featured_media":0,"parent":620,"menu_order":1,"comment_status":"closed","ping_status":"closed","template":"","meta":[],"acf":[],"_links":{"self":[{"href":"https:\/\/www.wma.net\/es\/wp-json\/wp\/v2\/pages\/859"}],"collection":[{"href":"https:\/\/www.wma.net\/es\/wp-json\/wp\/v2\/pages"}],"about":[{"href":"https:\/\/www.wma.net\/es\/wp-json\/wp\/v2\/types\/page"}],"author":[{"embeddable":true,"href":"https:\/\/www.wma.net\/es\/wp-json\/wp\/v2\/users\/3"}],"replies":[{"embeddable":true,"href":"https:\/\/www.wma.net\/es\/wp-json\/wp\/v2\/comments?post=859"}],"version-history":[{"count":4,"href":"https:\/\/www.wma.net\/es\/wp-json\/wp\/v2\/pages\/859\/revisions"}],"predecessor-version":[{"id":8434,"href":"https:\/\/www.wma.net\/es\/wp-json\/wp\/v2\/pages\/859\/revisions\/8434"}],"up":[{"embeddable":true,"href":"https:\/\/www.wma.net\/es\/wp-json\/wp\/v2\/pages\/620"}],"wp:attachment":[{"href":"https:\/\/www.wma.net\/es\/wp-json\/wp\/v2\/media?parent=859"}],"curies":[{"name":"wp","href":"https:\/\/api.w.org\/{rel}","templated":true}]}}