  {"id":866,"date":"2016-11-22T12:23:53","date_gmt":"2016-11-22T12:23:53","guid":{"rendered":"https:\/\/www.wma.net\/es\/?page_id=866"},"modified":"2022-11-08T13:35:24","modified_gmt":"2022-11-08T13:35:24","slug":"proteger-a-los-pacientes-y-sus-medicos","status":"publish","type":"page","link":"https:\/\/www.wma.net\/es\/que-hacemos\/derechos-humanos\/proteger-a-los-pacientes-y-sus-medicos\/","title":{"rendered":"Protecci\u00f3n a los m\u00e9dicos y sus pacientes"},"content":{"rendered":"<p>En los \u00faltimos a\u00f1os, ha habido una tendencia preocupante de m\u00e9dicos torturados o v\u00edctimas de reg\u00edmenes dictatoriales o grupos terroristas. Igualmente, el acceso a la atenci\u00f3n m\u00e9dica de parte de los detenidos a veces es obstruido deliberadamente por las autoridades carcelarias, de tal manera que llega a ser una forma de trato degradante o tortura.<\/p>\n<p>Cada vez m\u00e1s, durante las guerras y los conflictos armados, los hospitales y otros establecimientos m\u00e9dicos son\u00a0atacados con frecuencia y mal utilizados. Los pacientes y el personal m\u00e9dico son\u00a0asesinados o heridos.<\/p>\n<p>La Asociaci\u00f3n Medica Mundial (AMM) condena sin reservas\u00a0estos abusos que constituyen una violaci\u00f3n flagrante del derecho internacional humanitario y de derechos humanos y colabora con otras organizaciones de salud, humanitarias y derechos humanos para crear alianzas, combinar fuerzas y abogar por los m\u00e1s altos est\u00e1ndares posibles de salud para todos. Desde 2012, la AMM es miembro del proyecto <a href=\"\/wma?page_id=898\">Salud en Peligro<\/a> (HCiD) liderado por el Comit\u00e9 Internacional de la Cruz Roja (CICR).<\/p>\n<p><strong>En el contexto de la pandemia de Covid-19, las organizaciones mundiales han unido a sus voces en un llamado para proteger a los trabajadores de la salud de la violencia<\/strong>: 13 organizaciones mundiales m\u00e9dicas y humanitarias que representan a m\u00e1s de 30 millones de profesionales de la salud han emitido una <a href=\"https:\/\/healthcareindanger.org\/es\/resource-centre-3\/declaracion-de-la-comunidad-de-interes-de-asistencia-de-salud-en-peligro-acerca-de-la-actual-situacion-de-violencia-contra-la-asistencia-de-salud\/\">declaraci\u00f3n<\/a> condenando los crecientes incidentes de ataques contra trabajadores de salud e instalaciones.<\/p>\n","protected":false},"excerpt":{"rendered":"<p>En los \u00faltimos a\u00f1os, ha habido una tendencia preocupante de m\u00e9dicos torturados o v\u00edctimas de reg\u00edmenes dictatoriales o grupos terroristas. Igualmente, el acceso a la atenci\u00f3n m\u00e9dica de parte de los detenidos a veces es obstruido deliberadamente por las autoridades carcelarias, de tal manera que llega a ser una forma de trato degradante o tortura. [&hellip;]<\/p>\n","protected":false},"author":3,"featured_media":0,"parent":859,"menu_order":1,"comment_status":"closed","ping_status":"closed","template":"","meta":[],"acf":[],"_links":{"self":[{"href":"https:\/\/www.wma.net\/es\/wp-json\/wp\/v2\/pages\/866"}],"collection":[{"href":"https:\/\/www.wma.net\/es\/wp-json\/wp\/v2\/pages"}],"about":[{"href":"https:\/\/www.wma.net\/es\/wp-json\/wp\/v2\/types\/page"}],"author":[{"embeddable":true,"href":"https:\/\/www.wma.net\/es\/wp-json\/wp\/v2\/users\/3"}],"replies":[{"embeddable":true,"href":"https:\/\/www.wma.net\/es\/wp-json\/wp\/v2\/comments?post=866"}],"version-history":[{"count":18,"href":"https:\/\/www.wma.net\/es\/wp-json\/wp\/v2\/pages\/866\/revisions"}],"predecessor-version":[{"id":19621,"href":"https:\/\/www.wma.net\/es\/wp-json\/wp\/v2\/pages\/866\/revisions\/19621"}],"up":[{"embeddable":true,"href":"https:\/\/www.wma.net\/es\/wp-json\/wp\/v2\/pages\/859"}],"wp:attachment":[{"href":"https:\/\/www.wma.net\/es\/wp-json\/wp\/v2\/media?parent=866"}],"curies":[{"name":"wp","href":"https:\/\/api.w.org\/{rel}","templated":true}]}}