  {"id":867,"date":"2016-11-22T12:24:43","date_gmt":"2016-11-22T12:24:43","guid":{"rendered":"https:\/\/www.wma.net\/es\/?page_id=867"},"modified":"2019-06-06T14:21:14","modified_gmt":"2019-06-06T13:21:14","slug":"prevencion-de-la-tortura","status":"publish","type":"page","link":"https:\/\/www.wma.net\/es\/que-hacemos\/derechos-humanos\/prevencion-de-la-tortura\/","title":{"rendered":"Prevenci\u00f3n de la Tortura"},"content":{"rendered":"<p>La tortura es una de las m\u00e1s graves violaciones de los derechos fundamentales de una persona. Destruye la dignidad, el cuerpo y la mente y tiene efectos prolongados en la familia y la comunidad. La vida sin tortura es un derecho humano universal y fundamental para todos como lo garantiza el derecho internacional y lo define la <a href=\"http:\/\/www.unhchr.ch\/spanish\/html\/menu3\/b\/h_cat39_sp.htm\" target=\"_blank\" rel=\"noopener noreferrer\">Convenci\u00f3n de la ONU contra la Tortura<\/a>. Sin embargo, su pr\u00e1ctica se mantiene generalizada, en especial en lugares ocultos.<\/p>\n<p>La Asociaci\u00f3n M\u00e9dica Mundial (AMM) est\u00e1 comprometida desde hace mucho contra toda forma de tortura y malos tratos y toma medidas para evitarla. La AMM condena tambi\u00e9n en\u00e9rgicamente toda participaci\u00f3n de m\u00e9dicos en actos de tortura, ya sea activa o pasiva, como una violaci\u00f3n grave del <a href=\"\/wma?p=6646\">C\u00f3digo Internacional de \u00c9tica<\/a> y del Derecho Internacional de los Derechos Humanos.<\/p>\n<h2>Protocolo de Estambul: Manual para la investigaci\u00f3n y documentaci\u00f3n eficaces de la tortura y otros tratos o penas crueles, inhumanos o degradantes<\/h2>\n<p>El\u00a0<a href=\"http:\/\/www.ohchr.org\/Documents\/Publications\/training8Rev1sp.pdf\">Protocolo de Estambul <\/a>(1999), que ha sido aprobado por la ONU, proporciona el primer conjunto de directrices reconocidas internacionalmente para los expertos m\u00e9dicos y legales sobre c\u00f3mo determinar si una persona ha sido torturada. Establece evidencia independiente v\u00e1lida que puede ser utilizada en tribunales en casos de supuestos torturadores. El Protocolo de Estambul se ha convertido en un instrumento crucial en el esfuerzo global para terminar con la impunidad de los responsables. Junto a otras organizaciones, la AMM particip\u00f3 de manera activa en el proceso de preparaci\u00f3n y apoya su distribuci\u00f3n y utilizaci\u00f3n.<\/p>\n<h3>Reglas de Nelson Mandela<\/h3>\n<p>Las Reglas M\u00ednimas Est\u00e1ndares para el Trato de Presos fueron adoptadas en 1957 y revisadas y cambiadas de nombre a <a href=\"https:\/\/www.unodc.org\/documents\/justice-and-prison-reform\/GA-RESOLUTION\/E_ebook.pdf\" target=\"_blank\" rel=\"noopener noreferrer\">Reglas de Nelson Mandela en 2015<\/a>. A menudo son\u00a0consideradas por los Estados como la primera fuente de normas sobre el trato en detenci\u00f3n. Las reglas revisadas incluyen estipulaciones sobre condiciones m\u00e1s estrictas en celdas de aislamiento, examines f\u00edsicos y tambi\u00e9n el reconocimiento que los profesionales de salud independientes tienen el deber de no participar en torturas u otros malos tratos.<\/p>\n<h3>OPCAT<\/h3>\n<p><a href=\"http:\/\/www.ohchr.org\/SP\/ProfessionalInterest\/Pages\/OPCAT.aspx\">El Protocolo Facultativo de la Convenci\u00f3n contra la Tortura (OPCAT)<\/a> tiene como objetivo \u201cestablecer un sistema de visitas peri\u00f3dicas a cargo de \u00f3rganos internacionales y nacionales independientes a los lugares en que se encuentren personas privadas de su libertad, con el fin de prevenir la tortura y otros tratos o penas crueles, inhumanos o degradantes\u201d (art\u00edculo 1 del Protocolo).<\/p>\n<p>Como parte del sistema, se invita a los Estados Partes a establecer un organismo de visita para la prevenci\u00f3n de la tortura (llamado com\u00fanmente Mecanismo Nacional de Prevenci\u00f3n, NMP). La AMM considera que la participaci\u00f3n de m\u00e9dicos en estos mecanismos de visita es esencial para abordar los temas de salud relacionados con la tortura y el maltrato, para evaluar el sistema de salud y el impacto de las condiciones generales de detenci\u00f3n sobre la salud de los detenidos.<\/p>\n","protected":false},"excerpt":{"rendered":"<p>La tortura es una de las m\u00e1s graves violaciones de los derechos fundamentales de una persona. Destruye la dignidad, el cuerpo y la mente y tiene efectos prolongados en la familia y la comunidad. La vida sin tortura es un derecho humano universal y fundamental para todos como lo garantiza el derecho internacional y lo [&hellip;]<\/p>\n","protected":false},"author":3,"featured_media":0,"parent":859,"menu_order":2,"comment_status":"closed","ping_status":"closed","template":"","meta":[],"acf":[],"_links":{"self":[{"href":"https:\/\/www.wma.net\/es\/wp-json\/wp\/v2\/pages\/867"}],"collection":[{"href":"https:\/\/www.wma.net\/es\/wp-json\/wp\/v2\/pages"}],"about":[{"href":"https:\/\/www.wma.net\/es\/wp-json\/wp\/v2\/types\/page"}],"author":[{"embeddable":true,"href":"https:\/\/www.wma.net\/es\/wp-json\/wp\/v2\/users\/3"}],"replies":[{"embeddable":true,"href":"https:\/\/www.wma.net\/es\/wp-json\/wp\/v2\/comments?post=867"}],"version-history":[{"count":15,"href":"https:\/\/www.wma.net\/es\/wp-json\/wp\/v2\/pages\/867\/revisions"}],"predecessor-version":[{"id":12788,"href":"https:\/\/www.wma.net\/es\/wp-json\/wp\/v2\/pages\/867\/revisions\/12788"}],"up":[{"embeddable":true,"href":"https:\/\/www.wma.net\/es\/wp-json\/wp\/v2\/pages\/859"}],"wp:attachment":[{"href":"https:\/\/www.wma.net\/es\/wp-json\/wp\/v2\/media?parent=867"}],"curies":[{"name":"wp","href":"https:\/\/api.w.org\/{rel}","templated":true}]}}