  {"id":868,"date":"2016-11-22T12:25:19","date_gmt":"2016-11-22T12:25:19","guid":{"rendered":"https:\/\/www.wma.net\/es\/?page_id=868"},"modified":"2019-06-06T14:33:35","modified_gmt":"2019-06-06T13:33:35","slug":"la-mujer-y-la-salud","status":"publish","type":"page","link":"https:\/\/www.wma.net\/es\/que-hacemos\/derechos-humanos\/la-mujer-y-la-salud\/","title":{"rendered":"La Mujer y la Salud"},"content":{"rendered":"<p>El derecho de la mujer a disfrutar del m\u00e1s alto nivel de salud debe garantizarse a trav\u00e9s de toda su vida en igualdad con el hombre. Las mujeres se ven afectadas por muchas de las mismas condiciones de salud que los hombres, pero ellas las sufren de manera distinta. La frecuencia entre las mujeres de la pobreza y dependencia econ\u00f3mica, la experiencia de violencia, actitudes negativas hacia las mujeres y ni\u00f1as, discriminaci\u00f3n racial y de otras formas, el poder limitado que tienen muchas mujeres sobre su vida sexual y reproductiva y la falta de influencia en la toma de decisiones son\u00a0realidades sociales que tienen un impacto adverso en su salud. La buena salud es esencial para tener una vida productiva y plena y el derecho de todas las mujeres a controlar todos los aspectos de su salud, en particular su propia fecundidad, es b\u00e1sico para su logro.<\/p>\n<p>En el art\u00edculo 12 de la\u00a0<a href=\"http:\/\/www.un.org\/womenwatch\/daw\/cedaw\/text\/sconvention.htm\">Convenci\u00f3n sobre la Eliminaci\u00f3n de todas las Formas de Discriminaci\u00f3n contra la Mujer <\/a>(1979), los Estados Partes se comprometen a \u201cadoptar todas las medidas apropiadas para eliminar la discriminaci\u00f3n contra la mujer en la esfera de la atenci\u00f3n m\u00e9dica a fin de asegurar, en condiciones de igualdad entre hombres y mujeres, el acceso a servicios de atenci\u00f3n m\u00e9dica, inclusive los que se refieren a la planificaci\u00f3n familiar\u201d.<\/p>\n<p>La Asociaci\u00f3n M\u00e9dica Mundial est\u00e1 comprometida en trabajar para erradicar los obst\u00e1culos que evitan que las mujeres en el mundo demanden su derecho a los m\u00e1s altos est\u00e1ndares posibles de salud.<\/p>\n","protected":false},"excerpt":{"rendered":"<p>El derecho de la mujer a disfrutar del m\u00e1s alto nivel de salud debe garantizarse a trav\u00e9s de toda su vida en igualdad con el hombre. Las mujeres se ven afectadas por muchas de las mismas condiciones de salud que los hombres, pero ellas las sufren de manera distinta. La frecuencia entre las mujeres de [&hellip;]<\/p>\n","protected":false},"author":3,"featured_media":0,"parent":859,"menu_order":3,"comment_status":"closed","ping_status":"closed","template":"","meta":[],"acf":[],"_links":{"self":[{"href":"https:\/\/www.wma.net\/es\/wp-json\/wp\/v2\/pages\/868"}],"collection":[{"href":"https:\/\/www.wma.net\/es\/wp-json\/wp\/v2\/pages"}],"about":[{"href":"https:\/\/www.wma.net\/es\/wp-json\/wp\/v2\/types\/page"}],"author":[{"embeddable":true,"href":"https:\/\/www.wma.net\/es\/wp-json\/wp\/v2\/users\/3"}],"replies":[{"embeddable":true,"href":"https:\/\/www.wma.net\/es\/wp-json\/wp\/v2\/comments?post=868"}],"version-history":[{"count":12,"href":"https:\/\/www.wma.net\/es\/wp-json\/wp\/v2\/pages\/868\/revisions"}],"predecessor-version":[{"id":12794,"href":"https:\/\/www.wma.net\/es\/wp-json\/wp\/v2\/pages\/868\/revisions\/12794"}],"up":[{"embeddable":true,"href":"https:\/\/www.wma.net\/es\/wp-json\/wp\/v2\/pages\/859"}],"wp:attachment":[{"href":"https:\/\/www.wma.net\/es\/wp-json\/wp\/v2\/media?parent=868"}],"curies":[{"name":"wp","href":"https:\/\/api.w.org\/{rel}","templated":true}]}}