  {"id":870,"date":"2016-11-22T12:26:36","date_gmt":"2016-11-22T12:26:36","guid":{"rendered":"https:\/\/www.wma.net\/es\/?page_id=870"},"modified":"2019-06-06T14:44:43","modified_gmt":"2019-06-06T13:44:43","slug":"salud-publica","status":"publish","type":"page","link":"https:\/\/www.wma.net\/es\/que-hacemos\/salud-publica\/","title":{"rendered":"Salud P\u00fablica"},"content":{"rendered":"<p>Por Salud P\u00fablica se entiende el cuidado y la promoci\u00f3n de la salud aplicados a toda la poblaci\u00f3n o a un grupo preciso de la poblaci\u00f3n. A\u00fan cuando la salud p\u00fablica no implica directamente la oferta de atenci\u00f3n m\u00e9dica a las personas, la AMM afirma el papel de los m\u00e9dicos cuando se trata de salud p\u00fablica. Los m\u00e9dicos tienen la responsabilidad de cuidar la salud de las personas concienci\u00e1ndolas al mismo tiempo sobre la salud p\u00fablica. La AMM insiste en que no se considere la salud p\u00fablica como algo aparte, pues est\u00e1 estrechamente relacionada con la salud de cada uno, la atenci\u00f3n m\u00e9dica y los cuidados m\u00e9dicos. La AMM aboga por el desarrollo de sistemas de cuidados de la salud integrados en los que se traten por igual la salud p\u00fablica y la salud individual. La m\u00e1s alta calidad de los cuidados, tanto primarios como secundarios o terciarios, es fundamental para asegurar un sistema sanitario eficaz. Los viajes a\u00e9reos entre regiones y continentes, las epidemias de HIV\/SIDA, la reaparici\u00f3n de la tuberculosis, la persistencia de la malaria, la aparici\u00f3n del SRAS y la pandemia de gripe son\u00a0prueba de que la atenci\u00f3n de la salud p\u00fablica es m\u00e1s importante que nunca. El <a href=\"http:\/\/www.who.int\/ihr\/publications\/9789241580496\/es\/\">Reglamento Sanitario Internacional<\/a>\u00a0promulgadas por la Organizaci\u00f3n Mundial de la Salud instauran un sistema obligatorio de alerta e informaci\u00f3n mutuas a fin de ayudar en la lucha y la contenci\u00f3n de todo brote de enfermedades contagiosas.<\/p>\n<p>Al contrario de lo que ocurr\u00eda en el pasado, cuando la salud p\u00fablica se ocupaba sobre todo de enfermedades contagiosas y de sanidad, hoy en d\u00eda la salud p\u00fablica analiza toda una gama de determinantes sanitarios y se concentra en promover la salud y en adoptar medidas preventivas. Numerosos factores sociales influyen poderosamente sobre la salud p\u00fablica, por lo cual es necesario considerarla con una perspectiva general. Adem\u00e1s de enfermedades contagiosas y sanidad, tal enfoque deber\u00eda incluir los determinantes sociales de la salud, las enfermedades no contagiosas y los estilos de vida. Actualmente, en materia de salud p\u00fablica, la AMM se ocupa del control de pandemias, antitabaquismo, abuso perjudicial del alcohol, nutrici\u00f3n, obesidad e inactividad f\u00edsica, y de tuberculosis multirresistente.<\/p>\n","protected":false},"excerpt":{"rendered":"<p>Por Salud P\u00fablica se entiende el cuidado y la promoci\u00f3n de la salud aplicados a toda la poblaci\u00f3n o a un grupo preciso de la poblaci\u00f3n. A\u00fan cuando la salud p\u00fablica no implica directamente la oferta de atenci\u00f3n m\u00e9dica a las personas, la AMM afirma el papel de los m\u00e9dicos cuando se trata de salud [&hellip;]<\/p>\n","protected":false},"author":3,"featured_media":0,"parent":620,"menu_order":2,"comment_status":"closed","ping_status":"closed","template":"","meta":[],"acf":[],"_links":{"self":[{"href":"https:\/\/www.wma.net\/es\/wp-json\/wp\/v2\/pages\/870"}],"collection":[{"href":"https:\/\/www.wma.net\/es\/wp-json\/wp\/v2\/pages"}],"about":[{"href":"https:\/\/www.wma.net\/es\/wp-json\/wp\/v2\/types\/page"}],"author":[{"embeddable":true,"href":"https:\/\/www.wma.net\/es\/wp-json\/wp\/v2\/users\/3"}],"replies":[{"embeddable":true,"href":"https:\/\/www.wma.net\/es\/wp-json\/wp\/v2\/comments?post=870"}],"version-history":[{"count":13,"href":"https:\/\/www.wma.net\/es\/wp-json\/wp\/v2\/pages\/870\/revisions"}],"predecessor-version":[{"id":12807,"href":"https:\/\/www.wma.net\/es\/wp-json\/wp\/v2\/pages\/870\/revisions\/12807"}],"up":[{"embeddable":true,"href":"https:\/\/www.wma.net\/es\/wp-json\/wp\/v2\/pages\/620"}],"wp:attachment":[{"href":"https:\/\/www.wma.net\/es\/wp-json\/wp\/v2\/media?parent=870"}],"curies":[{"name":"wp","href":"https:\/\/api.w.org\/{rel}","templated":true}]}}