  {"id":876,"date":"2016-11-22T12:27:08","date_gmt":"2016-11-22T12:27:08","guid":{"rendered":"https:\/\/www.wma.net\/es\/?page_id=876"},"modified":"2020-12-08T15:02:37","modified_gmt":"2020-12-08T15:02:37","slug":"enfermedades-no-transmisibles","status":"publish","type":"page","link":"https:\/\/www.wma.net\/es\/que-hacemos\/salud-publica\/enfermedades-no-transmisibles\/","title":{"rendered":"Enfermedades no transmisibles"},"content":{"rendered":"<p>Las enfermedades no transmisibles plantean un desaf\u00edo cada vez mayor para los sistemas de salud. A parte de las enfermedades cr\u00f3nicas contagiadas por infecciones, muchas de las enfermedades no transmisibles (NCD), principalmente las enfermedades cardiovasculares, c\u00e1nceres, diabetes, obesidad, enfermedades respiratorias cr\u00f3nicas y enfermedades m\u00fasculo-esquel\u00e9ticas y trastornos mentales representan una importante amenaza para la salud humana y el desarrollo en el mundo de hoy. Estad\u00edsticamente, estos factores NCD son&nbsp;las primeras causas de muerte en el mundo. Las NCD son el resultado de una combinaci\u00f3n de diversos factores gen\u00e9ticos, ambientales y en especial de estilos de vida, incluido el tabaquismo, abuso del alcohol, dietas no saludables e inactividad f\u00edsica. Las NCD a menudo se dan en las clases y \u00e1reas socio-econ\u00f3micas bajas y son un obst\u00e1culo para el crecimiento econ\u00f3mico de muchos pa\u00edses.<\/p>\n<p>La carga de las enfermedades NCD es con frecuencia m\u00faltiple y cr\u00f3nica y las enfermedades y sufrimiento de la persona importante. S\u00f3lo una visi\u00f3n combinada, basada en atenci\u00f3n primaria, colaboradora y un enfoque de toda la persona puede tener \u00e9xito.<\/p>\n<p>La Asociaci\u00f3n M\u00e9dica Mundial (AMM) aboga por un enfoque completo que relacione a las NCD con los determinantes sociales y econ\u00f3micos de la salud, las condiciones en que la gente nace, crece, vive, trabaja y envejece, al igual que las influencias de la sociedad. Desde el comienzo, los Estados miembros deben abordar las NCD junto con las SDH y las enfermedades transmisibles y no separadamente o como parte de un enfoque vertical.<\/p>\n<p><strong>Control del tabaco<\/strong><\/p>\n<p>El tabaco es la primera causa de muerte evitable en el mundo y causa millones de muertes en el mundo cada a\u00f1o. El consumo del tabaco afecta cada \u00f3rgano en el cuerpo y es un factor de riesgo para seis de las ocho principales causas de muerte en el mundo.<\/p>\n<p>El tabaquismo pasivo tambi\u00e9n es peligroso para la salud y produce enfermedad card\u00edaca y muchas enfermedades respiratorias y cardiovasculares graves en los adultos, que pueden terminar con la muerte. Aproximadamente 700 millones de ni\u00f1os, o casi la mitad de los ni\u00f1os del mundo, respiran aire contaminado por el humo del tabaco, en especial en sus hogares. No existe un nivel de exposici\u00f3n seguro para el tabaquismo pasivo, solamente los ambientes 100% sin humo representan una protecci\u00f3n eficaz.<\/p>\n<p>La funci\u00f3n del m\u00e9dico en la cesaci\u00f3n del tabaquismo es el de una persona respetada y confiable para crear conciencia y educaci\u00f3n entre los pacientes durante la visita m\u00e9dica.<\/p>\n<p>Durante el dif\u00edcil tiempo de la cesaci\u00f3n, los m\u00e9dicos pueden ofrecer a sus pacientes una ayuda regular, tratamiento farmacol\u00f3gico y profilaxis recurrente. Estas actividades aumentan el porcentaje de cesaci\u00f3n a 15-20%.<\/p>\n<p><strong>Alcohol y salud<\/strong><\/p>\n<p>A pesar de los efectos sociales, econ\u00f3micos y sanitarios negativos del&nbsp;consumo nocivo de alcohol, \u00e9ste sigue siendo un fen\u00f3meno com\u00fan en el mundo. Las distintas cantidades de consumo tienen relaci\u00f3n con el desarrollo econ\u00f3mico, las normas culturales, la disponibilidad del alcohol y la legislaci\u00f3n sobre el alcohol. Por ejemplo, los pa\u00edses con altos ingresos generalmente consumen m\u00e1s alcohol y tienen el m\u00e1s alto nivel de consumo compulsivo. Sin embargo, las consecuencias del consumo nocivo de alcohol se pueden ver en todo el mundo. En realidad, el consumo de alcohol fue&nbsp;responsable de casi 6% de todas las muertes globalmente en 2012. Esto es porque el alcohol es un factor de causa&nbsp;importante de las enfermedades no transmisibles, como las enfermedades cardiovasculares y algunos c\u00e1nceres, adem\u00e1s de las lesiones producidas&nbsp;por el alcohol, como los accidentes de tr\u00e1nsito y la violencia (<a href=\"http:\/\/www.who.int\/mediacentre\/factsheets\/fs349\/es\/\">OMS<\/a>, 2015).<\/p>\n<p>La AMM reconoce los efectos nocivos del excesivo consumo de alcohol, est\u00e1 comprometida a disminuirlo y apoya a sus&nbsp;miembros en sus esfuerzos para promover pol\u00edticas de reducci\u00f3n de da\u00f1os, como la <a href=\"https:\/\/www.wma.net\/es\/policies-post\/declaracion-de-la-amm-sobre-la-reduccion-del-impacto-mundial-del-alcohol-en-la-salud-y-la-sociedad\/\">Declaraci\u00f3n de la AMM sobre la Reducci\u00f3n del impacto mundial del alcohol en la salud<\/a> y la sociedad y la <a href=\"https:\/\/www.wma.net\/es\/policies-post\/declaracion-del-amm-sobre-el-alcohol\/\">Declaraci\u00f3n sobre el Alcohol<\/a>.<\/p>\n<p><strong>NCDs<\/strong><\/p>\n<p>El reforzamiento de los sistemas de salud y las medidas preventivas eficaces para las enfermedades en general mejorar\u00e1n la salud, lo que llevar\u00e1 a un mejor tratamiento de las enfermedades transmisibles y no transmisibles de manera simult\u00e1nea.<\/p>\n<p>Por estas razones, la AMM ha preparado los siguientes mensajes clave para abordar la epidemia de NCD. La AMM insta a:<\/p>\n<ul>\n<li>La adopci\u00f3n de una perspectiva global en base a los factores de riesgo comunes. Esta perspectiva tambi\u00e9n es aplicable a las enfermedades transmisibles.<\/li>\n<li>Un enfoque sobre un acceso equitativo a la atenci\u00f3n m\u00e9dica como un derecho humano para abordar las diferencias importantes dentro del mismo pa\u00eds y entre pa\u00edses diferentes.<\/li>\n<\/ul>\n","protected":false},"excerpt":{"rendered":"<p>Las enfermedades no transmisibles plantean un desaf\u00edo cada vez mayor para los sistemas de salud. A parte de las enfermedades cr\u00f3nicas contagiadas por infecciones, muchas de las enfermedades no transmisibles (NCD), principalmente las enfermedades cardiovasculares, c\u00e1nceres, diabetes, obesidad, enfermedades respiratorias cr\u00f3nicas y enfermedades m\u00fasculo-esquel\u00e9ticas y trastornos mentales representan una importante amenaza para la salud humana [&hellip;]<\/p>\n","protected":false},"author":3,"featured_media":0,"parent":870,"menu_order":0,"comment_status":"closed","ping_status":"closed","template":"","meta":[],"acf":[],"_links":{"self":[{"href":"https:\/\/www.wma.net\/es\/wp-json\/wp\/v2\/pages\/876"}],"collection":[{"href":"https:\/\/www.wma.net\/es\/wp-json\/wp\/v2\/pages"}],"about":[{"href":"https:\/\/www.wma.net\/es\/wp-json\/wp\/v2\/types\/page"}],"author":[{"embeddable":true,"href":"https:\/\/www.wma.net\/es\/wp-json\/wp\/v2\/users\/3"}],"replies":[{"embeddable":true,"href":"https:\/\/www.wma.net\/es\/wp-json\/wp\/v2\/comments?post=876"}],"version-history":[{"count":19,"href":"https:\/\/www.wma.net\/es\/wp-json\/wp\/v2\/pages\/876\/revisions"}],"predecessor-version":[{"id":15681,"href":"https:\/\/www.wma.net\/es\/wp-json\/wp\/v2\/pages\/876\/revisions\/15681"}],"up":[{"embeddable":true,"href":"https:\/\/www.wma.net\/es\/wp-json\/wp\/v2\/pages\/870"}],"wp:attachment":[{"href":"https:\/\/www.wma.net\/es\/wp-json\/wp\/v2\/media?parent=876"}],"curies":[{"name":"wp","href":"https:\/\/api.w.org\/{rel}","templated":true}]}}