  {"id":879,"date":"2016-11-22T12:28:46","date_gmt":"2016-11-22T12:28:46","guid":{"rendered":"https:\/\/www.wma.net\/es\/?page_id=879"},"modified":"2019-06-06T16:21:18","modified_gmt":"2019-06-06T15:21:18","slug":"manejo-de-los-productos-quimicos","status":"publish","type":"page","link":"https:\/\/www.wma.net\/es\/que-hacemos\/salud-publica\/manejo-de-los-productos-quimicos\/","title":{"rendered":"Productos qu\u00edmicos"},"content":{"rendered":"<p>Los avances en la investigaci\u00f3n de salud ambiental ha ayudado a destacar preocupaciones obvias sobre el grave peligro potencial de algunos productos qu\u00edmicos para la salud humana.<\/p>\n<p>Desde 2006, el <a href=\"http:\/\/www.saicm.org\/\"><strong>Strategic Approach to International Chemicals Management <\/strong>(SAICM)<\/a> busca promover el manejo de los productos qu\u00edmicos. El SAICM es un marco de pol\u00edticas multisectorial y de varias partes interesadas que \u00a0promueve el manejo de productos qu\u00edmicos y\u00a0 residuos peligrosos en el contexto de desarrollo sostenible. Desde 2009, incluye un elemento para reforzar el <strong>compromiso del sector de la salud<\/strong> en la implementaci\u00f3n del enfoque estrat\u00e9gico, en consulta con la OMS. Se debe prestar una atenci\u00f3n especial para proteger a los que en la sociedad son\u00a0particularmente vulnerables a los productos qu\u00edmicos peligrosos, ni\u00f1os y trabajadores. La Asociaci\u00f3n M\u00e9dica Mundial (AMM) ha tomado parte en la elaboraci\u00f3n de la estrategia para reforzar la participaci\u00f3n del sector de la salud en el SAICM.<\/p>\n<h3>Mercurio<\/h3>\n<p>El mercurio, incluso en dosis relativamente bajas, puede tener graves consecuencias para la salud, en particular en el neurodesarrollo. El mercurio ha sido parte integral de muchos aparatos m\u00e9dicos, principalmente term\u00f3metros y esfigmoman\u00f3metros. Estos aparatos se quiebran o filtran con regularidad, lo que se agrega al da\u00f1o global producido por el mercurio en el medio ambiente y exponen al personal de salud a los graves efectos del metal.<\/p>\n<p>Una gran cantidad de organizaciones de salud y medio ambiente defienden y tienen proyectos a nivel mundial para disminuir la sobreexposici\u00f3n al mercurio en ni\u00f1os y adultos y explorar el reemplazo de aparatos m\u00e9dicos por alternativas econ\u00f3micas, precisas y m\u00e1s seguras.<\/p>\n<p>En 2008, la AMM se uni\u00f3 al UNEP Global Mercury Partnership y en particular al \u00e1rea de <a href=\"http:\/\/www.chem.unep.ch\/mercury\/Sector-Specific-Information\/Mercury-in-products.htm\" target=\"_blank\" rel=\"noopener noreferrer\">\u201cel mercurio en los productos\u201d<\/a>, y comparte los objetivos de proteger la salud humana y el medio ambiente en el mundo del derrame de mercurio y sus componentes.<\/p>\n<p>En 2013, los pa\u00edses adoptaron <a href=\"http:\/\/www.mercuryconvention.org\/Convention\/tabid\/3426\/Default.aspx\" target=\"_blank\" rel=\"noopener noreferrer\"><strong>la Minamata Convention on Mercury<\/strong><\/a><strong>, <\/strong>acuerdo legalmente vinculante ambiental multilateral. Regula el uso y liberaci\u00f3n al medio ambiente del mercurio de sectores como la miner\u00eda artesanal, combusti\u00f3n de carb\u00f3n y productos con mercurio. La AMM particip\u00f3 en el proceso de negociaci\u00f3n del Convenio.<\/p>\n","protected":false},"excerpt":{"rendered":"<p>Los avances en la investigaci\u00f3n de salud ambiental ha ayudado a destacar preocupaciones obvias sobre el grave peligro potencial de algunos productos qu\u00edmicos para la salud humana. Desde 2006, el Strategic Approach to International Chemicals Management (SAICM) busca promover el manejo de los productos qu\u00edmicos. El SAICM es un marco de pol\u00edticas multisectorial y de [&hellip;]<\/p>\n","protected":false},"author":3,"featured_media":0,"parent":870,"menu_order":3,"comment_status":"closed","ping_status":"closed","template":"","meta":[],"acf":[],"_links":{"self":[{"href":"https:\/\/www.wma.net\/es\/wp-json\/wp\/v2\/pages\/879"}],"collection":[{"href":"https:\/\/www.wma.net\/es\/wp-json\/wp\/v2\/pages"}],"about":[{"href":"https:\/\/www.wma.net\/es\/wp-json\/wp\/v2\/types\/page"}],"author":[{"embeddable":true,"href":"https:\/\/www.wma.net\/es\/wp-json\/wp\/v2\/users\/3"}],"replies":[{"embeddable":true,"href":"https:\/\/www.wma.net\/es\/wp-json\/wp\/v2\/comments?post=879"}],"version-history":[{"count":12,"href":"https:\/\/www.wma.net\/es\/wp-json\/wp\/v2\/pages\/879\/revisions"}],"predecessor-version":[{"id":12835,"href":"https:\/\/www.wma.net\/es\/wp-json\/wp\/v2\/pages\/879\/revisions\/12835"}],"up":[{"embeddable":true,"href":"https:\/\/www.wma.net\/es\/wp-json\/wp\/v2\/pages\/870"}],"wp:attachment":[{"href":"https:\/\/www.wma.net\/es\/wp-json\/wp\/v2\/media?parent=879"}],"curies":[{"name":"wp","href":"https:\/\/api.w.org\/{rel}","templated":true}]}}