  {"id":889,"date":"2016-11-22T12:31:35","date_gmt":"2016-11-22T12:31:35","guid":{"rendered":"https:\/\/www.wma.net\/es\/?page_id=889"},"modified":"2019-06-06T15:11:29","modified_gmt":"2019-06-06T14:11:29","slug":"iniciativa-medicos-dedicados-del-mundo","status":"publish","type":"page","link":"https:\/\/www.wma.net\/es\/que-hacemos\/iniciativa-medicos-dedicados-del-mundo\/","title":{"rendered":"Iniciativa M\u00e9dicos Dedicados del Mundo"},"content":{"rendered":"<p>La dedicaci\u00f3n, \u00e9tica y ciencia son tres tradiciones fundamentales y perdurables que unen a los profesionales m\u00e9dicos en todo el mundo. Debido a estas tres tradiciones, encontramos similitudes globales en los deseos y preocupaciones de los m\u00e9dicos, a pesar de los variados ambientes y circunstancias en las que los m\u00e9dicos atienden a los pacientes. La iniciativa M\u00e9dicos dedicados del Mundo fue dise\u00f1ada para restaurar el entusiasmo y optimismo en la medicina a trav\u00e9s del liderazgo\u00a0 social y m\u00e9dico basado en las permanentes tradiciones de la profesi\u00f3n m\u00e9dica: dedicaci\u00f3n, \u00e9tica y ciencia. La iniciativa fue ideada en Helsinki, Finlandia, durante la Asamblea General 2003 de la Asociaci\u00f3n M\u00e9dica Mundial (AMM) y todav\u00eda est\u00e1 vigente.<\/p>\n<p><em>\u201cThe most important thing is caring, so do it first, for the caring Physician best inspires hope and trust.\u201d<\/em><\/p>\n<p><strong>Sir William Osler<\/strong><\/p>\n<p>Desde 2007, la AMM organiza un curso de l\u00edderes que hasta 2015 fue realizado por el International Business School INSEAD. Primero en el campus Fontainebleau, al sur de Par\u00eds y despu\u00e9s en su campus de Singapur, el curso ha ofrecido una variedad de herramientas de liderazgo para las personas nominadas por sus asociaciones m\u00e9dicas. Liderazgo con o sin autoridad, negociaci\u00f3n, lobby, relaciones con la prensa y cooperaci\u00f3n internacional fueron los elementos centrales del curr\u00edculo del curso de una semana. Desde 2016, la AMM realiza el curso de manera aut\u00f3noma con el apoyo de una facultad externa y la cl\u00ednica Mayo, que tambi\u00e9n realiz\u00f3 el curso en su campus en Jacksonville, Florida.<\/p>\n<p>Un total de 222 participantes de 48 pa\u00edses diferentes de todos los continentes han asistido a los 7 cursos hasta 2016. Muchos de estos fueron nuevos l\u00edderes en sus organizaciones y ya eran presidentes o secretarios generales elegidos. Muchos otros participantes fueron elegidos despu\u00e9s.\u00a0 Muchos participantes nos facilitaron algunas declaraciones en v\u00eddeos en las que enfatizan la utilidad de los cursos. Por favor entren a los enlaces en la secci\u00f3n de recursos.<\/p>\n<p>La iniciativa de los M\u00e9dicos Dedicados del Mundo ha sido posible gracias al auspicio de Pfizer Humanities Initiative, Pfizer Inc. y Bayer AG.<\/p>\n","protected":false},"excerpt":{"rendered":"<p>La dedicaci\u00f3n, \u00e9tica y ciencia son tres tradiciones fundamentales y perdurables que unen a los profesionales m\u00e9dicos en todo el mundo. Debido a estas tres tradiciones, encontramos similitudes globales en los deseos y preocupaciones de los m\u00e9dicos, a pesar de los variados ambientes y circunstancias en las que los m\u00e9dicos atienden a los pacientes. La [&hellip;]<\/p>\n","protected":false},"author":3,"featured_media":0,"parent":620,"menu_order":4,"comment_status":"closed","ping_status":"closed","template":"","meta":[],"acf":[],"_links":{"self":[{"href":"https:\/\/www.wma.net\/es\/wp-json\/wp\/v2\/pages\/889"}],"collection":[{"href":"https:\/\/www.wma.net\/es\/wp-json\/wp\/v2\/pages"}],"about":[{"href":"https:\/\/www.wma.net\/es\/wp-json\/wp\/v2\/types\/page"}],"author":[{"embeddable":true,"href":"https:\/\/www.wma.net\/es\/wp-json\/wp\/v2\/users\/3"}],"replies":[{"embeddable":true,"href":"https:\/\/www.wma.net\/es\/wp-json\/wp\/v2\/comments?post=889"}],"version-history":[{"count":8,"href":"https:\/\/www.wma.net\/es\/wp-json\/wp\/v2\/pages\/889\/revisions"}],"predecessor-version":[{"id":12827,"href":"https:\/\/www.wma.net\/es\/wp-json\/wp\/v2\/pages\/889\/revisions\/12827"}],"up":[{"embeddable":true,"href":"https:\/\/www.wma.net\/es\/wp-json\/wp\/v2\/pages\/620"}],"wp:attachment":[{"href":"https:\/\/www.wma.net\/es\/wp-json\/wp\/v2\/media?parent=889"}],"curies":[{"name":"wp","href":"https:\/\/api.w.org\/{rel}","templated":true}]}}