  {"id":899,"date":"2016-11-22T12:37:52","date_gmt":"2016-11-22T12:37:52","guid":{"rendered":"https:\/\/www.wma.net\/es\/?page_id=899"},"modified":"2018-01-04T14:40:52","modified_gmt":"2018-01-04T14:40:52","slug":"proyecto-foro-africano","status":"publish","type":"page","link":"https:\/\/www.wma.net\/es\/que-hacemos\/campanas\/proyecto-foro-africano\/","title":{"rendered":"Proyecto Foro Africano"},"content":{"rendered":"<h3>Introducci\u00f3n<\/h3>\n<p>La solidez de los sistemas de salud en pa\u00edses donde hay buenos resultados en salud depende en gran parte del liderazgo profesional que proporcionan las asociaciones m\u00e9dicas nacionales (AMNs). Estas son\u00a0organizaciones de la sociedad civil cuyos miembros son m\u00e9dicos de diversos \u00e1mbitos que incluye acad\u00e9micos, investigadores, planificadores de salud, actores pol\u00edticos, administradores de salud y profesionales cl\u00ednicos. Las AMNs est\u00e1n bien organizadas, est\u00e1n en primera l\u00ednea para promover las normas profesionales entre los m\u00e9dicos y la defensa de la atenci\u00f3n m\u00e9dica de salud, su liderazgo es reconocido por sus gobiernos y otras organizaciones de salud. Son considerados por la opini\u00f3n p\u00fablica como fuentes cre\u00edbles de informaci\u00f3n para servir a sus sistemas de salud.<\/p>\n<p>La Asociaci\u00f3n M\u00e9dica Mundial (AMM) es un organismo profesional global establecido en 1947, sus miembros son las asociaciones m\u00e9dicas nacionales. La AMM proporciona a las AMNs orientaci\u00f3n y aumento de capacidad sobre c\u00f3mo contribuir a sus sistemas de salud. Ofrece oportunidades de contactos e intercambio de informaci\u00f3n entre m\u00e9dicos que trabajan en sistemas de salud s\u00f3lidos y los que est\u00e1n en los m\u00e1s d\u00e9biles.<\/p>\n<p>En 2013-2014 se realiz\u00f3 una encuesta sobre necesidades b\u00e1sicas que consisti\u00f3 en cuatro talleres consultativos regionales realizados en Sud\u00e1frica, Kenia, Nigeria y T\u00fanez. Los ejecutivos m\u00e1ximos de las AMNs africanas tambi\u00e9n respondieron la encuesta. Tambi\u00e9n hubo consultas con AMNs fuera del continente africano como las de EE.UU., Reino Unido, Jap\u00f3n, Australia y Nueva Zelanda. Se concluy\u00f3 que las AMNs africanas no tienen capacidad para ejercer sus funciones de liderazgo para influenciar a sus sistemas de salud nacionales.<\/p>\n<p>Las 9 \u00e1reas espec\u00edficas identificadas para aumentar la capacidad para las AMNs africanas son las siguientes:<\/p>\n<ol>\n<li>Refuerzo de organizaci\u00f3n<\/li>\n<li>Defensa en educaci\u00f3n m\u00e9dica<\/li>\n<li>Mejorar el acceso al desarrollo profesional continuo<\/li>\n<li>Cobertura de salud universal<\/li>\n<li>Promover los determinantes sociales de salud<\/li>\n<li>Enfoque de Una Salud<\/li>\n<li>Fuga de cerebros<\/li>\n<li>Investigaci\u00f3n y publicaci\u00f3n<\/li>\n<li>E-salud<\/li>\n<\/ol>\n<p>La AMM iniciar\u00e1 el aumento de capacidad de las AMNs en las \u00e1reas espec\u00edficas mencionadas con anterioridad.<\/p>\n<p>Se form\u00f3 un equipo de la especialistas m\u00e9dicos de la Asociaci\u00f3n M\u00e9dica de Uganda en Kampala y los miembros ejecutivos de la AMM que proporcionar\u00e1 supervisi\u00f3n t\u00e9cnica. Se cre\u00f3 un secretariado administrativo para respaldar las actividades del proyecto.<\/p>\n<h3>Duraci\u00f3n del Proyecto<\/h3>\n<p>5 a\u00f1os (2015-2020)<\/p>\n<h3>Objetivo del Proyecto<\/h3>\n<p>Reforzar la capacidad de las AMNs africanas para que implementen su funci\u00f3n de liderazgo profesional y mejorar los sistemas de salud de sus pa\u00edses.<\/p>\n<h3>Resultado Anticipado<\/h3>\n<p>Las AMNs africanas influencian efectivamente los sistemas de salud de sus pa\u00edses.<\/p>\n<h3><strong>Objetivo Espec\u00edfico<\/strong><\/h3>\n<p>Aumentar la capacidad de las AMNs africanas en \u00e1reas espec\u00edficas identificadas.<\/p>\n<h3>Estrategia<\/h3>\n<h4>Debates en l\u00ednea<\/h4>\n<p>Se invitar\u00e1 a personas con experiencias en \u00e1reas identificadas para aumentar capacidad, a fin de moderar los debates en l\u00ednea relacionados con las \u00e1reas identificadas para crear capacidad.<\/p>\n<h4>Reuniones regionales y conferencias y talleres panafricanas<\/h4>\n<p>Estos eventos buscan dar a los l\u00edderes de las AMNs africanas oportunidades para compartir desaf\u00edos e innovaciones que han utilizado para influenciar a sus sistemas de salud. Tambi\u00e9n se invitar\u00e1 a las AMNs que no son\u00a0del continente africano a participar y compartir sus experiencias.<\/p>\n<h4>Hermanamiento<\/h4>\n<p>Se invitar\u00e1 a las AMNs fuera del continente africano a hermanarse y colaborar con las AMNs africanas en \u00e1reas espec\u00edficas.<\/p>\n<h4>Asociaciones de colaboraci\u00f3n<\/h4>\n<p>Se invitar\u00e1 a los gobiernos y a organizaciones del sector privado a apoyar a las AMNs.<\/p>\n<h4>Seguimiento\u00a0del Proyecto, Evaluaci\u00f3n y Aprendizaje<\/h4>\n<p>Se han identificado los indicadores de referencia y evaluaci\u00f3n del impacto para permitir la evaluaci\u00f3n y\u00a0seguimiento del progreso del proyecto y aprendizaje para el futuro. Se realizar\u00e1 una revisi\u00f3n intermedia despu\u00e9s del tercer a\u00f1o para evaluar y aprender de los resultados del proyecto.<\/p>\n","protected":false},"excerpt":{"rendered":"<p>Introducci\u00f3n La solidez de los sistemas de salud en pa\u00edses donde hay buenos resultados en salud depende en gran parte del liderazgo profesional que proporcionan las asociaciones m\u00e9dicas nacionales (AMNs). Estas son\u00a0organizaciones de la sociedad civil cuyos miembros son m\u00e9dicos de diversos \u00e1mbitos que incluye acad\u00e9micos, investigadores, planificadores de salud, actores pol\u00edticos, administradores de salud [&hellip;]<\/p>\n","protected":false},"author":3,"featured_media":0,"parent":2736,"menu_order":2,"comment_status":"closed","ping_status":"closed","template":"","meta":[],"acf":[],"_links":{"self":[{"href":"https:\/\/www.wma.net\/es\/wp-json\/wp\/v2\/pages\/899"}],"collection":[{"href":"https:\/\/www.wma.net\/es\/wp-json\/wp\/v2\/pages"}],"about":[{"href":"https:\/\/www.wma.net\/es\/wp-json\/wp\/v2\/types\/page"}],"author":[{"embeddable":true,"href":"https:\/\/www.wma.net\/es\/wp-json\/wp\/v2\/users\/3"}],"replies":[{"embeddable":true,"href":"https:\/\/www.wma.net\/es\/wp-json\/wp\/v2\/comments?post=899"}],"version-history":[{"count":8,"href":"https:\/\/www.wma.net\/es\/wp-json\/wp\/v2\/pages\/899\/revisions"}],"predecessor-version":[{"id":10121,"href":"https:\/\/www.wma.net\/es\/wp-json\/wp\/v2\/pages\/899\/revisions\/10121"}],"up":[{"embeddable":true,"href":"https:\/\/www.wma.net\/es\/wp-json\/wp\/v2\/pages\/2736"}],"wp:attachment":[{"href":"https:\/\/www.wma.net\/es\/wp-json\/wp\/v2\/media?parent=899"}],"curies":[{"name":"wp","href":"https:\/\/api.w.org\/{rel}","templated":true}]}}