  {"id":908,"date":"2016-11-22T12:39:57","date_gmt":"2016-11-22T12:39:57","guid":{"rendered":"https:\/\/www.wma.net\/es\/?page_id=908"},"modified":"2019-06-06T16:53:14","modified_gmt":"2019-06-06T15:53:14","slug":"curso-de-lideres-cpw","status":"publish","type":"page","link":"https:\/\/www.wma.net\/es\/que-hacemos\/educacion\/curso-de-lideres-cpw\/","title":{"rendered":"Curso de L\u00edderes CPW"},"content":{"rendered":"<p>Uno de los objetivos de la <a href=\"\/wma?page_id=889\">Iniciativa M\u00e9dicos dedicados del Mundo<\/a> es abordar la emergente necesidad de desarrollar la defensa y el liderazgo de los m\u00e9dicos. En 2006 y 2007 la AMM, en colaboraci\u00f3n con INSEAD, una de las escuelas de negocios m\u00e1s grandes del mundo,\u00a0y con el partenariado de Pfizer, Inc., ofreci\u00f3 el Curso de L\u00edderes AMM\/CPW. Desde 2013, el Curso de L\u00edderes tambi\u00e9n recibe el apoyo de BAYER Pharmaceuticals.<\/p>\n<p>Los m\u00f3dulos del programa se centran en desarrollar la defensa y el liderazgo de los m\u00e9dicos, aumentar sus capacidades para defender m\u00e1s eficazmente la atenci\u00f3n m\u00e9dica, educaci\u00f3n, investigaci\u00f3n, \u00e9tica y la profesi\u00f3n m\u00e9dica. Se incluyeron m\u00f3dulos sobre Valor de la Diplomacia M\u00e9dica y Tradiciones, Sistemas de Salud en el mundo, Percepci\u00f3n de la Profesi\u00f3n de parte del M\u00e9dico, Opini\u00f3n Individual y Toma de Decisiones en Grupo, Relaciones Profesionales entre Culturas, Estilos de Liderazgo Efectivos, Arte y Pr\u00e1ctica del Lobby (Defensa), Definici\u00f3n y Logro del \u00c9xito en Negociaciones, Negociaciones con Varias Partes, Formaci\u00f3n de Coaliciones, Mejorar la Comunicaci\u00f3n Virtual y entre Culturas, Manejo de los Medios de Comunicaci\u00f3n y Formaci\u00f3n.<\/p>\n<p>Los primeros dos cursos se dictaron en diciembre de 2007 y 2008 en la sede de INSEAD en Fontainebleau, Francia.\u00a0Desde 2010 hasta 2015, los cursos se realizaron en el campus de INSEAD de Asia, en Singapur. En 2016, el curso se dict\u00f3 en el campus Jacksonville de la cl\u00ednica Mayo. Los participantes deben ser presentados por los directivos de sus asociaciones m\u00e9dicas nacionales.<\/p>\n<p><a href=\"https:\/\/www.wma.net\/wp-content\/uploads\/2016\/11\/010407_CPW_long_r1.pdf\" target=\"_blank\" rel=\"noopener noreferrer\">M\u00e1s informaci\u00f3n sobre la Iniciativa M\u00e9dicos dedicados del Mundo<\/a>.<\/p>\n","protected":false},"excerpt":{"rendered":"<p>Uno de los objetivos de la Iniciativa M\u00e9dicos dedicados del Mundo es abordar la emergente necesidad de desarrollar la defensa y el liderazgo de los m\u00e9dicos. En 2006 y 2007 la AMM, en colaboraci\u00f3n con INSEAD, una de las escuelas de negocios m\u00e1s grandes del mundo,\u00a0y con el partenariado de Pfizer, Inc., ofreci\u00f3 el Curso [&hellip;]<\/p>\n","protected":false},"author":3,"featured_media":0,"parent":901,"menu_order":2,"comment_status":"closed","ping_status":"closed","template":"","meta":[],"acf":[],"_links":{"self":[{"href":"https:\/\/www.wma.net\/es\/wp-json\/wp\/v2\/pages\/908"}],"collection":[{"href":"https:\/\/www.wma.net\/es\/wp-json\/wp\/v2\/pages"}],"about":[{"href":"https:\/\/www.wma.net\/es\/wp-json\/wp\/v2\/types\/page"}],"author":[{"embeddable":true,"href":"https:\/\/www.wma.net\/es\/wp-json\/wp\/v2\/users\/3"}],"replies":[{"embeddable":true,"href":"https:\/\/www.wma.net\/es\/wp-json\/wp\/v2\/comments?post=908"}],"version-history":[{"count":10,"href":"https:\/\/www.wma.net\/es\/wp-json\/wp\/v2\/pages\/908\/revisions"}],"predecessor-version":[{"id":12834,"href":"https:\/\/www.wma.net\/es\/wp-json\/wp\/v2\/pages\/908\/revisions\/12834"}],"up":[{"embeddable":true,"href":"https:\/\/www.wma.net\/es\/wp-json\/wp\/v2\/pages\/901"}],"wp:attachment":[{"href":"https:\/\/www.wma.net\/es\/wp-json\/wp\/v2\/media?parent=908"}],"curies":[{"name":"wp","href":"https:\/\/api.w.org\/{rel}","templated":true}]}}