  {"id":911,"date":"2016-11-22T12:41:18","date_gmt":"2016-11-22T12:41:18","guid":{"rendered":"https:\/\/www.wma.net\/es\/?page_id=911"},"modified":"2021-02-19T14:35:39","modified_gmt":"2021-02-19T14:35:39","slug":"medicina-en-las-prisiones","status":"publish","type":"page","link":"https:\/\/www.wma.net\/es\/que-hacemos\/educacion\/medicina-en-las-prisiones\/","title":{"rendered":"Medicina en las prisiones"},"content":{"rendered":"<p><strong>Curso para m\u00e9dicos que trabajan en prisiones: derechos humanos<\/strong><strong>\/\u00e9tica<\/strong><\/p>\n<p><strong>Curso por Internet para el personal de salud que trabaja en prisiones<\/strong><\/p>\n<p>La Asociaci\u00f3n M\u00e9dica de Noruega, en cooperaci\u00f3n con la Asociaci\u00f3n M\u00e9dica Mundial (AMM) y el Comit\u00e9 Internacional de la Cruz Roja (CICR), elaboraron en 2004 un curso por Internet sobre derechos humanos y \u00e9tica para los m\u00e9dicos que trabajan en prisiones. Varias asociaciones y organizaciones han colaborado en este curso. El proyecto fue auspiciado por el Ministerio de Relaciones Exteriores de Noruega.<\/p>\n<p>El derecho internacional de los derechos humanos y la \u00e9tica m\u00e9dica son din\u00e1micos, se adaptan a la evoluci\u00f3n de las sociedades y al ejercicio de la medicina. Es por esto que los cursos necesitan ser actualizados regularmente. En 2019-2020, el CICR y la AMM actualizaron este curso, espec\u00edficamente en relaci\u00f3n con los derechos humanos, la \u00e9tica m\u00e9dica, la salud mental, la atenci\u00f3n m\u00e9dica de mujeres y el acompa\u00f1amiento de ni\u00f1os en detenci\u00f3n y otros grupos vulnerables.<\/p>\n<p><strong>Desaf\u00edos para los m\u00e9dicos que trabajan en prisiones<\/strong><\/p>\n<p>Los m\u00e9dicos \u00a0y otros profesionales de la salud que trabajan en prisiones enfrentan problemas que son distintos a los que tienen los m\u00e9dicos que atienden las necesidades del resto de la poblaci\u00f3n. Los m\u00e9dicos de las prisiones deben poder entregar atenci\u00f3n m\u00e9dica adecuada en el ambiente especial de las prisiones. La conducta del m\u00e9dico no debe entrar en conflicto con las normas internacionales \u00e9ticas y de derechos humanos.<\/p>\n<p>En muchos pa\u00edses, la educaci\u00f3n de los m\u00e9dicos de prisiones no es una prioridad. Esto tiene repercusiones directas en la calidad de la atenci\u00f3n m\u00e9dica prestada a los reclusos y en la salud de esta poblaci\u00f3n. Muchos ni siquiera tienen acceso a las convenciones y reglas internacionales que regulan los servicios de atenci\u00f3n para los presos; constatan violaciones de los derechos humanos, pero no saben c\u00f3mo abordarlas de manera adecuada. Esperamos que este curso trate sobre algunas necesidades que tienen muchos m\u00e9dicos de prisi\u00f3n en cuanto a conocimientos y experiencia en derechos humanos y \u00e9tica m\u00e9dica.<\/p>\n<p><strong>Objetivos del programa<\/strong><\/p>\n<p>Los objetivos del curso son:<\/p>\n<ul>\n<li>presentar declaraciones internacionales pertinentes que regulan el trato m\u00e9dico de presos.<\/li>\n<li>crear conciencia en los m\u00e9dicos de prisiones de sus funciones en las distintas \u00e1reas de conflicto de intereses entre el preso (paciente) y la administraci\u00f3n de la prisi\u00f3n y entre el preso (paciente) y la salud p\u00fablica en la prisi\u00f3n.<\/li>\n<\/ul>\n<p>Consideramos que este curso es un recurso educacional importante para los m\u00e9dicos de prisiones. Ofrece una orientaci\u00f3n detallada pr\u00e1ctica para cualquier m\u00e9dico que desee ampliar sus conocimientos sobre los derechos humanos y las dimensiones \u00e9ticas de su trabajo.<\/p>\n<p>Los cursos actualizados incluyen 18 cap\u00edtulos y se necesitan 18 horas y 15 minutos para completarlos.<\/p>\n<p><strong>Cr\u00e9ditos<\/strong><\/p>\n<p>La Asociaci\u00f3n M\u00e9dica de Noruega ha otorgado al curso 18 horas como curso cl\u00ednico en medicina de prisi\u00f3n para la pr\u00e1ctica general.<\/p>\n<p><strong>Costo del Curso <\/strong><\/p>\n<p>El curso es gratuito<\/p>\n<p><strong>Accesib<\/strong><strong>ilidad<\/strong><\/p>\n<p>El curso estar\u00e1 accesible para todos a trav\u00e9s de Internet. Cualquiera puede seguir el curso como invitado. Los profesionales de la salud que deseen un diploma deben inscribirse. Se puede avanzar a su propio ritmo. El curso es interactivo con casos que el participante puede analizar. Cada cap\u00edtulo est\u00e1 dividido en lecciones. Para probar sus conocimientos hay preguntas con selecci\u00f3n m\u00faltiple al final de cada lecci\u00f3n. Cuando los profesionales de la salud hayan terminado todos los cap\u00edtulos, completado todos los tests y la evaluaci\u00f3n final, pueden recibir el diploma por correo electr\u00f3nico.<\/p>\n<p><strong>Editores<\/strong><\/p>\n<p><em>Editores de la primera versi\u00f3n:<\/em><\/p>\n<p>Bj\u00f8rn Oscar Hoftvedt, Asociaci\u00f3n M\u00e9dica de Noruega<br \/>\nHern\u00e1n Reyes, Comit\u00e9 Internacional de la Cruz Roja<\/p>\n<p><em>Editores de la versi\u00f3n actualizada:<\/em><\/p>\n<p>Comit\u00e9 Internacional de la Cruz Roja<br \/>\nAsociaci\u00f3n M\u00e9dica Mundial<\/p>\n<p>El curso est\u00e1 accessible en: <a href=\"https:\/\/course.wcea.education\/app\/course-worldmedicalassociation\/elearning\/medical-professional\/doctors-in-prisons\/196456\">Doctors working in prison: human rights and ethical dilemmas<\/a><\/p>\n","protected":false},"excerpt":{"rendered":"<p>Curso para m\u00e9dicos que trabajan en prisiones: derechos humanos\/\u00e9tica Curso por Internet para el personal de salud que trabaja en prisiones La Asociaci\u00f3n M\u00e9dica de Noruega, en cooperaci\u00f3n con la Asociaci\u00f3n M\u00e9dica Mundial (AMM) y el Comit\u00e9 Internacional de la Cruz Roja (CICR), elaboraron en 2004 un curso por Internet sobre derechos humanos y \u00e9tica [&hellip;]<\/p>\n","protected":false},"author":3,"featured_media":0,"parent":901,"menu_order":5,"comment_status":"closed","ping_status":"closed","template":"","meta":[],"acf":[],"_links":{"self":[{"href":"https:\/\/www.wma.net\/es\/wp-json\/wp\/v2\/pages\/911"}],"collection":[{"href":"https:\/\/www.wma.net\/es\/wp-json\/wp\/v2\/pages"}],"about":[{"href":"https:\/\/www.wma.net\/es\/wp-json\/wp\/v2\/types\/page"}],"author":[{"embeddable":true,"href":"https:\/\/www.wma.net\/es\/wp-json\/wp\/v2\/users\/3"}],"replies":[{"embeddable":true,"href":"https:\/\/www.wma.net\/es\/wp-json\/wp\/v2\/comments?post=911"}],"version-history":[{"count":7,"href":"https:\/\/www.wma.net\/es\/wp-json\/wp\/v2\/pages\/911\/revisions"}],"predecessor-version":[{"id":15928,"href":"https:\/\/www.wma.net\/es\/wp-json\/wp\/v2\/pages\/911\/revisions\/15928"}],"up":[{"embeddable":true,"href":"https:\/\/www.wma.net\/es\/wp-json\/wp\/v2\/pages\/901"}],"wp:attachment":[{"href":"https:\/\/www.wma.net\/es\/wp-json\/wp\/v2\/media?parent=911"}],"curies":[{"name":"wp","href":"https:\/\/api.w.org\/{rel}","templated":true}]}}