  {"id":919,"date":"2016-11-22T12:43:10","date_gmt":"2016-11-22T12:43:10","guid":{"rendered":"https:\/\/www.wma.net\/es\/?page_id=919"},"modified":"2019-06-06T15:13:34","modified_gmt":"2019-06-06T14:13:34","slug":"salud-en-peligro","status":"publish","type":"page","link":"https:\/\/www.wma.net\/es\/que-hacemos\/educacion\/salud-en-peligro\/","title":{"rendered":"Salud en Peligro"},"content":{"rendered":"<p>En octubre de 2014, el CICR lanz\u00f3 un nuevo <a href=\"http:\/\/www.healthcareindanger.org\/elearning\" target=\"_blank\" rel=\"noopener noreferrer\"><strong>e-learning course on health care responsibilities in times of conflict\u00a0and other emergencies<\/strong><\/a><strong><u>.<\/u><\/strong>\u00a0 Este m\u00f3dulo est\u00e1 dise\u00f1ado espec\u00edficamente para que el personal de salud comprenda los efectos de la violencia en salud, sus propios derechos y responsabilidades y dilemas \u00e9ticos que pueden encontrar en situaciones de violencia. \u00abEste m\u00f3dulo en l\u00ednea es una herramienta esencial que aporta claridad a todos y empoderar\u00e1 a los m\u00e9dicos en todo el mundo\u00bb, expres\u00f3 el Dr. Xavier Deau, ex Presidente de la Asociaci\u00f3n M\u00e9dica Mundial. \u00abLes permitir\u00e1 entender sus derechos y responsabilidades y obligaciones \u00e9ticas en situaciones de emergencias. La AMM recibe con satisfacci\u00f3n esta iniciativa del CICR\u00bb. <a href=\"\/wma?p=5099\">Lea el comunicado<\/a>.<\/p>\n<p>En octubre de 2015, la Asamblea General de la AMM adopt\u00f3 el <a href=\"https:\/\/www.wma.net\/wp-content\/uploads\/2016\/11\/HCiD-toolkit-for-Doctors-2015.pdf\" target=\"_blank\" rel=\"noopener noreferrer\">Toolkit for Doctors Working in Situation of Violence<\/a> como contribuci\u00f3n a la iniciativa de Salud en Peligro del Comit\u00e9 Internacional de la Cruz Roja (CICR).<\/p>\n<p>En junio de 2017, el Institute of Global Health de la Universidad de Ginebra, en colaboraci\u00f3n con el proyecto de Salud en Peligro del Comit\u00e9 Internacional de la Cruz Roja, ha elaborado un curso en l\u00ednea llamado <a href=\"https:\/\/www.coursera.org\/learn\/violence-against-healthcare\">massive open online course (MOOC)<\/a>, (en ingl\u00e9s), que es gratuito y disponible para todos. En sus seis cap\u00edtulos se llama a reflexionar sobre\u00a0los derechos y responsabilidades del personal de salud, el marco legal que protege a la salud, las profesiones involucradas en los servicios hospitalarios de emergencia, la funci\u00f3n de los hospitales, la medicina militar y por \u00faltimo el rol potencial de la sociedad civil, en particular la cruz roja nacional y las sociedades de la media luna roja.<\/p>\n","protected":false},"excerpt":{"rendered":"<p>En octubre de 2014, el CICR lanz\u00f3 un nuevo e-learning course on health care responsibilities in times of conflict\u00a0and other emergencies.\u00a0 Este m\u00f3dulo est\u00e1 dise\u00f1ado espec\u00edficamente para que el personal de salud comprenda los efectos de la violencia en salud, sus propios derechos y responsabilidades y dilemas \u00e9ticos que pueden encontrar en situaciones de violencia. [&hellip;]<\/p>\n","protected":false},"author":3,"featured_media":0,"parent":901,"menu_order":8,"comment_status":"closed","ping_status":"closed","template":"","meta":[],"acf":[],"_links":{"self":[{"href":"https:\/\/www.wma.net\/es\/wp-json\/wp\/v2\/pages\/919"}],"collection":[{"href":"https:\/\/www.wma.net\/es\/wp-json\/wp\/v2\/pages"}],"about":[{"href":"https:\/\/www.wma.net\/es\/wp-json\/wp\/v2\/types\/page"}],"author":[{"embeddable":true,"href":"https:\/\/www.wma.net\/es\/wp-json\/wp\/v2\/users\/3"}],"replies":[{"embeddable":true,"href":"https:\/\/www.wma.net\/es\/wp-json\/wp\/v2\/comments?post=919"}],"version-history":[{"count":9,"href":"https:\/\/www.wma.net\/es\/wp-json\/wp\/v2\/pages\/919\/revisions"}],"predecessor-version":[{"id":12830,"href":"https:\/\/www.wma.net\/es\/wp-json\/wp\/v2\/pages\/919\/revisions\/12830"}],"up":[{"embeddable":true,"href":"https:\/\/www.wma.net\/es\/wp-json\/wp\/v2\/pages\/901"}],"wp:attachment":[{"href":"https:\/\/www.wma.net\/es\/wp-json\/wp\/v2\/media?parent=919"}],"curies":[{"name":"wp","href":"https:\/\/api.w.org\/{rel}","templated":true}]}}