  {"id":921,"date":"2016-11-22T12:55:17","date_gmt":"2016-11-22T12:55:17","guid":{"rendered":"https:\/\/www.wma.net\/es\/?page_id=921"},"modified":"2021-05-21T13:24:58","modified_gmt":"2021-05-21T12:24:58","slug":"green-doctor","status":"publish","type":"page","link":"https:\/\/www.wma.net\/es\/que-hacemos\/educacion\/green-doctor\/","title":{"rendered":"Pr\u00e1cticas sostenibles: My Green Doctor"},"content":{"rendered":"<p>My Green Doctor es el programa gratuito de sostenibilidad ambiental y cambio clim\u00e1tico que ofrece la Asociaci\u00f3n M\u00e9dica Mundial. Las oficinas y las cl\u00ednicas aprenden a realizar mejoras graduales en el uso de energ\u00eda, agua, productos qu\u00edmicos, papel y otros recursos. El programa es f\u00e1cil de usar, agregando solo cinco minutos de tema del Equipo Verde a cada reuni\u00f3n regular del personal.<\/p>\n<p>La mayor\u00eda de las cl\u00ednicas ahorran dinero durante el primer mes con My Green Doctor. Funciona para cl\u00ednicas de salud, consultorios y centros ambulatorios. Una pr\u00e1ctica de cinco consultorios en los Estados Unidos ahorra US$ 1.500 por m\u00e9dico cada a\u00f1o y reduce sus gases de efecto invernadero, sin inversi\u00f3n financiera.<\/p>\n<p>Comience por el administrador de la cl\u00ednica y un m\u00e9dico interesado que se inscriba en www.MyGreenDoctor.org. Todos en la cl\u00ednica pueden inscribirse. A continuaci\u00f3n, la cl\u00ednica se compromete con el objetivo de la sostenibilidad medioambiental y con la incorporaci\u00f3n de Green Team a la agenda de cada reuni\u00f3n de la cl\u00ednica. Cada reuni\u00f3n tiene un cap\u00edtulo completo en la \u201cGu\u00eda reuni\u00f3n por reuni\u00f3n\u201d para que el gerente o el director no tenga que estudiar o preparar nada. Las cl\u00ednicas pueden optar al Certificado de Consultorio M\u00e9dico Verde de la Asociaci\u00f3n M\u00e9dica Mundial en unos pocos meses.<\/p>\n<p>My Green Doctor ofrece folletos, carteles y otras herramientas de ense\u00f1anza gratuitas para ayudar a compartir decisiones acertadas con los pacientes y sus familias. Esto puede significar utilizar menos energ\u00eda y agua, aire m\u00e1s limpio, menos gases de efecto invernadero y mejores resultados en salud.<\/p>\n<p>Para obtener m\u00e1s detalles o sugerencias, comun\u00edquese con el Dr. Todd L Sack, MD FACP, Director, My Green Doctor, tsack8@gmail.com Lea tambi\u00e9n el comunicado de prensa de la AMM sobre este tema.<\/p>\n<p>\u00a1Inscr\u00edbase hoy en My Green Doctor para comenzar a ahorrar dinero y mejorar la salud!<\/p>\n","protected":false},"excerpt":{"rendered":"<p>My Green Doctor es el programa gratuito de sostenibilidad ambiental y cambio clim\u00e1tico que ofrece la Asociaci\u00f3n M\u00e9dica Mundial. Las oficinas y las cl\u00ednicas aprenden a realizar mejoras graduales en el uso de energ\u00eda, agua, productos qu\u00edmicos, papel y otros recursos. El programa es f\u00e1cil de usar, agregando solo cinco minutos de tema del Equipo [&hellip;]<\/p>\n","protected":false},"author":3,"featured_media":0,"parent":901,"menu_order":10,"comment_status":"closed","ping_status":"closed","template":"","meta":[],"acf":[],"_links":{"self":[{"href":"https:\/\/www.wma.net\/es\/wp-json\/wp\/v2\/pages\/921"}],"collection":[{"href":"https:\/\/www.wma.net\/es\/wp-json\/wp\/v2\/pages"}],"about":[{"href":"https:\/\/www.wma.net\/es\/wp-json\/wp\/v2\/types\/page"}],"author":[{"embeddable":true,"href":"https:\/\/www.wma.net\/es\/wp-json\/wp\/v2\/users\/3"}],"replies":[{"embeddable":true,"href":"https:\/\/www.wma.net\/es\/wp-json\/wp\/v2\/comments?post=921"}],"version-history":[{"count":7,"href":"https:\/\/www.wma.net\/es\/wp-json\/wp\/v2\/pages\/921\/revisions"}],"predecessor-version":[{"id":16287,"href":"https:\/\/www.wma.net\/es\/wp-json\/wp\/v2\/pages\/921\/revisions\/16287"}],"up":[{"embeddable":true,"href":"https:\/\/www.wma.net\/es\/wp-json\/wp\/v2\/pages\/901"}],"wp:attachment":[{"href":"https:\/\/www.wma.net\/es\/wp-json\/wp\/v2\/media?parent=921"}],"curies":[{"name":"wp","href":"https:\/\/api.w.org\/{rel}","templated":true}]}}