  {"id":926,"date":"2016-11-22T12:55:41","date_gmt":"2016-11-22T12:55:41","guid":{"rendered":"https:\/\/www.wma.net\/es\/?page_id=926"},"modified":"2019-06-06T15:07:56","modified_gmt":"2019-06-06T14:07:56","slug":"medicamentos-falsos","status":"publish","type":"page","link":"https:\/\/www.wma.net\/es\/que-hacemos\/educacion\/medicamentos-falsos\/","title":{"rendered":"Medicamentos falsos"},"content":{"rendered":"<p>Los medicamentos falsos y otros productos de salud pueden tener efectos peligrosos para la salud del paciente, incluida la muerte en el peor de los casos. Estos productos falsos tambi\u00e9n van en perjuicio de los esfuerzos de salud p\u00fablica para enfrentar las enfermedades en los pa\u00edses, que ya son dif\u00edciles con los limitados recursos destinados a salud.<\/p>\n<p>La falsificaci\u00f3n de medicamentos ha sido un problema durante muchas d\u00e9cadas en varios pa\u00edses a trav\u00e9s del mundo. Como los mercados internacionales se expanden con la globalizaci\u00f3n, el problema se ha extendido a todos los pa\u00edses y las regiones, aunque est\u00e1 m\u00e1s presente en los pa\u00edses en desarrollo. El aumento del uso comercial de Internet tambi\u00e9n ha contribuido a acrecentar el problema, ya que muchos productos falsos son vendidos ilegalmente en sitios no autorizados.<\/p>\n<p>Todos nosotros tenemos el objetivo com\u00fan de proteger el bienestar de los pacientes en todas las partes del mundo de productos m\u00e9dicos de mala calidad, bajos est\u00e1ndares y falsos. Los profesionales de la salud est\u00e1n adoptando medidas proactivas en colaboraci\u00f3n con los Estados miembros y la OMS a fin de asegurar la calidad, seguridad y eficacia de todos los productos m\u00e9dicos disponibles en los pa\u00edses, conforme a las normas internacionales reconocidas. Esta forma de garant\u00eda de calidad se aplica tanto a los productos de marca como a los gen\u00e9ricos, en el sector p\u00fablico y privado y a productos fabricados localmente y a los importados.<\/p>\n<p>La AMM junto a otros profesionales de la salud de la Alianza Mundial de Profesiones de la Salud (WHPA) han creado la campa\u00f1a \u201cBe aware\u201d que ofrece herramientas y estrategias para abogar por inversiones apropiadas en educaci\u00f3n y creaci\u00f3n de capacidades de los profesionales de la salud para detectar los productos falsos e informar a los colegas y pacientes.<\/p>\n","protected":false},"excerpt":{"rendered":"<p>Los medicamentos falsos y otros productos de salud pueden tener efectos peligrosos para la salud del paciente, incluida la muerte en el peor de los casos. Estos productos falsos tambi\u00e9n van en perjuicio de los esfuerzos de salud p\u00fablica para enfrentar las enfermedades en los pa\u00edses, que ya son dif\u00edciles con los limitados recursos destinados [&hellip;]<\/p>\n","protected":false},"author":3,"featured_media":0,"parent":901,"menu_order":11,"comment_status":"closed","ping_status":"closed","template":"","meta":[],"acf":[],"_links":{"self":[{"href":"https:\/\/www.wma.net\/es\/wp-json\/wp\/v2\/pages\/926"}],"collection":[{"href":"https:\/\/www.wma.net\/es\/wp-json\/wp\/v2\/pages"}],"about":[{"href":"https:\/\/www.wma.net\/es\/wp-json\/wp\/v2\/types\/page"}],"author":[{"embeddable":true,"href":"https:\/\/www.wma.net\/es\/wp-json\/wp\/v2\/users\/3"}],"replies":[{"embeddable":true,"href":"https:\/\/www.wma.net\/es\/wp-json\/wp\/v2\/comments?post=926"}],"version-history":[{"count":4,"href":"https:\/\/www.wma.net\/es\/wp-json\/wp\/v2\/pages\/926\/revisions"}],"predecessor-version":[{"id":12826,"href":"https:\/\/www.wma.net\/es\/wp-json\/wp\/v2\/pages\/926\/revisions\/12826"}],"up":[{"embeddable":true,"href":"https:\/\/www.wma.net\/es\/wp-json\/wp\/v2\/pages\/901"}],"wp:attachment":[{"href":"https:\/\/www.wma.net\/es\/wp-json\/wp\/v2\/media?parent=926"}],"curies":[{"name":"wp","href":"https:\/\/api.w.org\/{rel}","templated":true}]}}