  {"id":942,"date":"2016-11-22T14:00:24","date_gmt":"2016-11-22T14:00:24","guid":{"rendered":"https:\/\/www.wma.net\/es\/?page_id=942"},"modified":"2017-03-30T13:47:15","modified_gmt":"2017-03-30T12:47:15","slug":"herramientas","status":"publish","type":"page","link":"https:\/\/www.wma.net\/es\/publicaciones\/herramientas\/","title":{"rendered":"Herramientas"},"content":{"rendered":"<p>EST\u00c9 ALERTA- Ayude a luchar contra la falsificaci\u00f3n de medicamentos y a mantener a los pacientes seguros, <a href=\"http:\/\/www.whpa.org\/counterfeit_campaign.htm\" target=\"_blank\">WHPA Be aware campaign<\/a> con herramientas para los profesionales de la salud en ingl\u00e9s, franc\u00e9s, espa\u00f1ol y chino.<\/p>\n<p>Core Competency Framework for International Health Consultants, WHPA <a href=\"http:\/\/www.whpa.org\/pub2007_IHC.pdf\" target=\"_blank\">http:\/\/www.whpa.org\/pub2007_IHC.pdf<\/a><\/p>\n<p>PPE &#8211; Guidelines: Incentives for Health Professionals, WHPA <a href=\"http:\/\/www.whpa.org\/PPE_Incentives_Guidelines.pdf\" target=\"_blank\">http:\/\/www.whpa.org\/PPE_Incentives_Guidelines.pdf<\/a><\/p>\n","protected":false},"excerpt":{"rendered":"<p>EST\u00c9 ALERTA- Ayude a luchar contra la falsificaci\u00f3n de medicamentos y a mantener a los pacientes seguros, WHPA Be aware campaign con herramientas para los profesionales de la salud en ingl\u00e9s, franc\u00e9s, espa\u00f1ol y chino. Core Competency Framework for International Health Consultants, WHPA http:\/\/www.whpa.org\/pub2007_IHC.pdf PPE &#8211; Guidelines: Incentives for Health Professionals, WHPA http:\/\/www.whpa.org\/PPE_Incentives_Guidelines.pdf<\/p>\n","protected":false},"author":3,"featured_media":0,"parent":939,"menu_order":3,"comment_status":"closed","ping_status":"closed","template":"","meta":[],"acf":[],"_links":{"self":[{"href":"https:\/\/www.wma.net\/es\/wp-json\/wp\/v2\/pages\/942"}],"collection":[{"href":"https:\/\/www.wma.net\/es\/wp-json\/wp\/v2\/pages"}],"about":[{"href":"https:\/\/www.wma.net\/es\/wp-json\/wp\/v2\/types\/page"}],"author":[{"embeddable":true,"href":"https:\/\/www.wma.net\/es\/wp-json\/wp\/v2\/users\/3"}],"replies":[{"embeddable":true,"href":"https:\/\/www.wma.net\/es\/wp-json\/wp\/v2\/comments?post=942"}],"version-history":[{"count":5,"href":"https:\/\/www.wma.net\/es\/wp-json\/wp\/v2\/pages\/942\/revisions"}],"predecessor-version":[{"id":7844,"href":"https:\/\/www.wma.net\/es\/wp-json\/wp\/v2\/pages\/942\/revisions\/7844"}],"up":[{"embeddable":true,"href":"https:\/\/www.wma.net\/es\/wp-json\/wp\/v2\/pages\/939"}],"wp:attachment":[{"href":"https:\/\/www.wma.net\/es\/wp-json\/wp\/v2\/media?parent=942"}],"curies":[{"name":"wp","href":"https:\/\/api.w.org\/{rel}","templated":true}]}}