  {"id":985,"date":"2016-11-22T14:10:55","date_gmt":"2016-11-22T14:10:55","guid":{"rendered":"https:\/\/www.wma.net\/es\/?page_id=985"},"modified":"2025-07-28T14:56:01","modified_gmt":"2025-07-28T13:56:01","slug":"secretariado","status":"publish","type":"page","link":"https:\/\/www.wma.net\/es\/quienes-somos\/secretariado\/","title":{"rendered":"Secretariado"},"content":{"rendered":"<table class=\"table table-striped stack-table\">\n<thead>\n<tr>\n<th style=\"width: 25%;height: 5px\" width=\"20%\" height=\"5\"><\/th>\n<th style=\"width: 75%;height: 5px\" width=\"80%\" height=\"5\"><\/th>\n<\/tr>\n<\/thead>\n<tbody>\n<tr>\n<td><img loading=\"lazy\" class=\"alignnone wp-image-5218 size-thumbnail\" src=\"https:\/\/www.wma.net\/wp-content\/uploads\/2016\/11\/Otmar-Kloiber-150x150.jpg\" width=\"150\" height=\"150\" \/><\/td>\n<td>El Dr. Otmar Kloiber asumi\u00f3 como Secretario General de la Asociaci\u00f3n M\u00e9dica Mundial en febrero de 2005. Antes de trabajar para la AMM, el Dr. Kloiber fue Secretario General subrogante de la Asociaci\u00f3n M\u00e9dica de Alemania. Dirige el Secretariado y es responsable de organizar y dirigir al personal y las actividades de la AMM. Representa a la AMM ante los miembros, la profesi\u00f3n m\u00e9dica, representantes del gobierno, la comunidad y el p\u00fablico.<\/td>\n<\/tr>\n<tr>\n<td><img loading=\"lazy\" class=\"alignnone wp-image-5215 size-thumbnail\" src=\"https:\/\/www.wma.net\/wp-content\/uploads\/2016\/11\/Julia-Tainijoki-Seyer-150x150.jpeg\" width=\"150\" height=\"150\" \/><\/td>\n<td>La Dra. Julia Tainijoki-Seyer dirige una variedad de proyectos estrat\u00e9gicos en la AMM, de enfermedades infecciosas y no transmisibles a refuerzo de los sistemas de salud, seguridad del paciente, acceso a medicamentos de calidad y los determinantes sociales de la salud. Representa a la AMM en las organizaciones de la ONU, incluida la OMS y otras instituciones internacionales en Ginebra, Suiza y est\u00e1 a cargo del comit\u00e9 de Etica M\u00e9dica. La Dra. Tainijoki-Seyer es m\u00e9dico de familia de formaci\u00f3n que ha trabajado en Alemania, Gran Breta\u00f1a y Suiza, obtuvo un Master en International Health Economy and Policy, de la Universidad Bocconi en Mil\u00e1n, Italia. Dirige el Secretariado de la Alianza Mundial de Profesionales de la Salud (WHPA) en el que la AMM proporciona este servicio en rotaci\u00f3n.<\/td>\n<\/tr>\n<tr>\n<td><img loading=\"lazy\" class=\"alignnone wp-image-5212 size-thumbnail\" src=\"https:\/\/www.wma.net\/wp-content\/uploads\/2016\/11\/Clarisse-Delorme_V2-150x150.jpg\" width=\"150\" height=\"150\" \/><\/td>\n<td>Clarisse Delorme es la encargada de relaciones exteriores. Clarisse es una abogada francesa con una larga experiencia (m\u00e1s de 10 a\u00f1os) de lobby en Bruselas y es especialista en derechos humanos y derecho internacional. Clarisse se ocupa de nuestras relaciones con la OMS, Consejo de Derechos Humanos, UNEP y organizaciones de derechos humanos. Est\u00e1 a cargo del trabajo de derechos humanos y medio ambiente. En materia de salud p\u00fablica, trabaja con el asesor m\u00e9dico de la AMM y participa en la Alianza Mundial de Profesiones de Salud. Clarisse est\u00e1 a cargo del comit\u00e9 de Asuntos M\u00e9dico-Sociales y grupos de trabajo sobre defensa.<\/td>\n<\/tr>\n<tr>\n<td><img loading=\"lazy\" class=\"alignnone wp-image-5224 size-thumbnail\" src=\"https:\/\/www.wma.net\/wp-content\/uploads\/2016\/11\/Sunny-Park-150x150.jpg\" width=\"150\" height=\"150\" \/><\/td>\n<td>Yoonsun Park (Sunny), Directora de Operaciones, estuvo trabajando en la oficina internacional de la Asociaci\u00f3n M\u00e9dica de Corea hasta 2007. Est\u00e1 a cargo de la planificaci\u00f3n y ejecuci\u00f3n del trabajo diario de la organizaci\u00f3n. Se ocupa de la contabilidad, informe financiero y coordina la planificaci\u00f3n de reuniones. Sunny est\u00e1 a cargo del comit\u00e9 de Planes y Finanzas.<\/td>\n<\/tr>\n<tr>\n<td><img loading=\"lazy\" class=\"alignnone wp-image-8603 \" src=\"https:\/\/www.wma.net\/wp-content\/uploads\/2016\/11\/1960853_10204661657198758_1843546939620482482_o-289x300.jpg\" alt=\"\" width=\"152\" height=\"158\" srcset=\"https:\/\/www.wma.net\/wp-content\/uploads\/2016\/11\/1960853_10204661657198758_1843546939620482482_o-289x300.jpg 289w, https:\/\/www.wma.net\/wp-content\/uploads\/2016\/11\/1960853_10204661657198758_1843546939620482482_o-768x796.jpg 768w, https:\/\/www.wma.net\/wp-content\/uploads\/2016\/11\/1960853_10204661657198758_1843546939620482482_o-988x1024.jpg 988w, https:\/\/www.wma.net\/wp-content\/uploads\/2016\/11\/1960853_10204661657198758_1843546939620482482_o.jpg 1120w\" sizes=\"(max-width: 152px) 100vw, 152px\" \/><\/td>\n<td>Magda Mihaila es la responsable de Comunicaci\u00f3n e Informaci\u00f3n de la AMM. Ha trabajado para varias organizaciones p\u00fablicas y privadas de Rumania, Francia y B\u00e9lgica despu\u00e9s de obtener su diploma. Su papel es ayudar al desarrollo y la puesta en pr\u00e1ctica de la estrategia de las relaciones p\u00fablicas y de la comunicaci\u00f3n de la AMM mientras que es responsable de la presencia del web site y de los medios sociales. Tambi\u00e9n es responsable de los miembros asociados de la AMM.<\/td>\n<\/tr>\n<tr>\n<td><img loading=\"lazy\" class=\"alignnone  wp-image-25008\" src=\"https:\/\/www.wma.net\/wp-content\/uploads\/2025\/07\/7347959A-9FF4-4C10-A0D3-EA3611B7B792-297x300.png\" alt=\"\" width=\"148\" height=\"149\" srcset=\"https:\/\/www.wma.net\/wp-content\/uploads\/2025\/07\/7347959A-9FF4-4C10-A0D3-EA3611B7B792-297x300.png 297w, https:\/\/www.wma.net\/wp-content\/uploads\/2025\/07\/7347959A-9FF4-4C10-A0D3-EA3611B7B792-150x150.png 150w, https:\/\/www.wma.net\/wp-content\/uploads\/2025\/07\/7347959A-9FF4-4C10-A0D3-EA3611B7B792-768x776.png 768w, https:\/\/www.wma.net\/wp-content\/uploads\/2025\/07\/7347959A-9FF4-4C10-A0D3-EA3611B7B792.png 792w\" sizes=\"(max-width: 148px) 100vw, 148px\" \/><\/td>\n<td>Roderic Dennett es traductor de idioma espa\u00f1ol. Roderic traduce nuestros documentos y pol\u00edticas al espa\u00f1ol, al igual que se ocupa de la correspondencia con los miembros de asociaciones, instituciones y personas hispanohablantes. Roderic tambi\u00e9n es responsable de la log\u00edstica para la preparaci\u00f3n de nuestras reuniones estatutarias.<\/td>\n<\/tr>\n<tr>\n<td><img loading=\"lazy\" class=\"alignleft wp-image-24786 size-thumbnail\" src=\"https:\/\/www.wma.net\/wp-content\/uploads\/2025\/05\/1100A973-2D8C-4FFD-8F7E-0E2CF15A4AFB_1_201_a-e1753710875635-150x150.jpeg\" alt=\"\" width=\"150\" height=\"150\" \/><\/td>\n<td>Anne-Marie Delage (Anna) es secretaria y se ocupa de la correspondencia y comunicaciones, continuidad del trabajo de oficina y otros asuntos administrativos. Ayuda a la Directora de Operaciones y al Secretario General con la contabilidad. Tambi\u00e9n colabora en la organizaci\u00f3n de las reuniones y conferencias.<\/td>\n<\/tr>\n<tr>\n<td><img loading=\"lazy\" class=\"alignnone wp-image-16380 size-thumbnail\" src=\"https:\/\/www.wma.net\/wp-content\/uploads\/2021\/06\/image002-150x150.jpg\" alt=\"\" width=\"150\" height=\"150\" \/><\/td>\n<td>Marie FERREIRA DE OLIVEIRA es responsable de los servicios t\u00e9cnicos y generales de la AMM. Gestiona los proyectos t\u00e9cnicos dentro de la organizaci\u00f3n, supervisa el mantenimiento de las instalaciones y las relaciones con nuestros inquilinos y contratistas y asiste a los miembros asociados de la AMM. Antes de unirse a la AMM en mayo de 2021, Marie trabaj\u00f3 como coordinadora de ventas en un hotel de cinco estrellas en Francia.<\/td>\n<\/tr>\n<tr>\n<td><img loading=\"lazy\" class=\"wp-image-16440 size-thumbnail\" src=\"https:\/\/www.wma.net\/wp-content\/uploads\/2021\/06\/Marielle-Guirlet_202106_2176-150x150.jpg\" alt=\"\" width=\"150\" height=\"150\" \/><\/td>\n<td>Marielle GUIRLET es responsable de los archivos electr\u00f3nicos y en papel de la AMM. Con un m\u00e1ster en Ciencias de la Tierra y un doctorado en Ciencias Atmosf\u00e9ricas, ha trabajado en investigaci\u00f3n acad\u00e9mica, investigaci\u00f3n y desarrollo y comunicaci\u00f3n cient\u00edfica en Francia, Reino Unido y Suiza. Recientemente tambi\u00e9n obtuvo un m\u00e1ster en Ciencias de la Informaci\u00f3n. Ha estado trabajando con la AMM como consultora desde 2014. Se incorpor\u00f3 al Secretariado en mayo de 2021, donde ahora trabaja a tiempo parcial. Como coordinadora principal de los Archivos de la AMM, gestiona los registros y la base de datos relacionados con los archivos de la AMM, especialmente los documentos oficiales e hist\u00f3ricos de la AMM, y atiende las solicitudes de los miembros. Tambi\u00e9n colabora en el trabajo relacionado con los documentos de las reuniones estatutarias.<\/td>\n<\/tr>\n<tr>\n<td><img loading=\"lazy\" class=\"alignnone size-thumbnail wp-image-5550\" src=\"https:\/\/www.wma.net\/wp-content\/uploads\/2016\/11\/Radhia-Smaali-150x150.jpg\" alt=\"\" width=\"150\" height=\"150\" \/><\/td>\n<td>La Sra. Radhia Smaali trabaja a tiempo parcial en la mantenci\u00f3n y limpieza de la oficina.<\/td>\n<\/tr>\n<\/tbody>\n<\/table>\n<p>&nbsp;<\/p>\n","protected":false},"excerpt":{"rendered":"<p>El Dr. Otmar Kloiber asumi\u00f3 como Secretario General de la Asociaci\u00f3n M\u00e9dica Mundial en febrero de 2005. Antes de trabajar para la AMM, el Dr. Kloiber fue Secretario General subrogante de la Asociaci\u00f3n M\u00e9dica de Alemania. Dirige el Secretariado y es responsable de organizar y dirigir al personal y las actividades de la AMM. Representa [&hellip;]<\/p>\n","protected":false},"author":3,"featured_media":0,"parent":971,"menu_order":4,"comment_status":"closed","ping_status":"closed","template":"","meta":[],"acf":[],"_links":{"self":[{"href":"https:\/\/www.wma.net\/es\/wp-json\/wp\/v2\/pages\/985"}],"collection":[{"href":"https:\/\/www.wma.net\/es\/wp-json\/wp\/v2\/pages"}],"about":[{"href":"https:\/\/www.wma.net\/es\/wp-json\/wp\/v2\/types\/page"}],"author":[{"embeddable":true,"href":"https:\/\/www.wma.net\/es\/wp-json\/wp\/v2\/users\/3"}],"replies":[{"embeddable":true,"href":"https:\/\/www.wma.net\/es\/wp-json\/wp\/v2\/comments?post=985"}],"version-history":[{"count":19,"href":"https:\/\/www.wma.net\/es\/wp-json\/wp\/v2\/pages\/985\/revisions"}],"predecessor-version":[{"id":25012,"href":"https:\/\/www.wma.net\/es\/wp-json\/wp\/v2\/pages\/985\/revisions\/25012"}],"up":[{"embeddable":true,"href":"https:\/\/www.wma.net\/es\/wp-json\/wp\/v2\/pages\/971"}],"wp:attachment":[{"href":"https:\/\/www.wma.net\/es\/wp-json\/wp\/v2\/media?parent=985"}],"curies":[{"name":"wp","href":"https:\/\/api.w.org\/{rel}","templated":true}]}}