  {"id":996,"date":"2016-11-22T14:14:16","date_gmt":"2016-11-22T14:14:16","guid":{"rendered":"https:\/\/www.wma.net\/es\/?page_id=996"},"modified":"2017-02-27T15:50:35","modified_gmt":"2017-02-27T15:50:35","slug":"relaciones-oficiales","status":"publish","type":"page","link":"https:\/\/www.wma.net\/es\/quienes-somos\/alianza-y-asociados\/relaciones-oficiales\/","title":{"rendered":"Relaciones Oficiales"},"content":{"rendered":"<p>Desde sus comienzos, la Asociaci\u00f3n M\u00e9dica Mundial, como representante mundial de los m\u00e9dicos, ha buscado la cooperaci\u00f3n con las Naciones Unidas y otras organizaciones internacionales clave. Al principio, la AMM ten\u00eda su sede en Nueva York, cerca de las oficinas principales de la ONU. En 1974, se decidi\u00f3 cambiar el Secretariado de la AMM a Ferney-Voltaire, a pasos de Ginebra, para estar cerca de la Organizaci\u00f3n Mundial de la Salud y en el centro de la creciente comunidad internacional.<\/p>\n<p>Como la mission principal de la AMM es promover la salud y el bienestar de los medicos y pacientes, la Organizaci\u00f3n Mundial de la Salud es nuestro destinatario principal en las relaciones externas. La AMM tiene relaciones oficiales con la OMS, lo que significa que nos comprometemos a apoyar las pol\u00edticas y la labor de la OMS. Viceversa, tratamos de asesorar e influenciar la labor de este organismo gubernamental. Nuestra cooperaci\u00f3n con la OMS es muy amplia, cubre m\u00e1s o menos todos los \u00e1mbitos de la medicina. Sin embargo, hay un enfoque claro en la creaci\u00f3n y reforzamiento de sistemas de salud y salud p\u00fablica, como el control del Tabaco (v\u00e9ase el <a href=\"http:\/\/www.who.int\/fctc\/en\/\" target=\"_blank\">WHO Framework Convention for Tobacco Control &#8211; FCTC<\/a><u>).<\/u><\/p>\n<p>Para informaci\u00f3n sobre las relaciones oficiales con la OMS: Principles Governing Relations with Nongovernmental Organisations, v\u00e9ase: <a href=\"http:\/\/apps.who.int\/gb\/ngo\/pdf\/ngo-principles-governing-rela-en.pdf\" target=\"_blank\">http:\/\/apps.who.int\/gb\/ngo\/pdf\/ngo-principles-governing-rela-en.pdf<\/a><\/p>\n<p>De igual modo, la AMM coopera con la mayor\u00eda de las organizaciones de la ONU que est\u00e1n relacionadas con temas de salud, como:<\/p>\n<ul>\n<li><u><a href=\"http:\/\/www.unaids.org\/\" target=\"_blank\">Joint United Nations Programme on HIV\/AIDS (UNAIDS)<\/a><\/u><\/li>\n<li><a href=\"http:\/\/www.ilo.org\/\" target=\"_blank\">International Labour Organization (ILO)<\/a><\/li>\n<li><a href=\"http:\/\/www.iom.int\/\" target=\"_blank\">International Organization for Migration (IOM)<\/a><\/li>\n<li><a href=\"http:\/\/www.unesco.org\/\" target=\"_blank\">United Nations Educational and Scientific and Cultural Organization (UNESCO)<\/a><\/li>\n<li><a href=\"http:\/\/www.unicef.org\/\" target=\"_blank\">United Nations Children&#8217;s Fund (UNICEF)<\/a><\/li>\n<li><a href=\"http:\/\/www.fao.org\/\" target=\"_blank\">Food and Agriculture Organization of the United Nations (FAO)<\/a><\/li>\n<li><a href=\"http:\/\/www.unhcr.org\/\" target=\"_blank\">United Nations High Commissioner for Refugees (UNHCR)<\/a><\/li>\n<li><a href=\"http:\/\/www.unep.org\/\" target=\"_blank\">United Nations Environment Program (UNEP)<\/a><\/li>\n<li><a href=\"http:\/\/www.un.org\/ecosoc\/\" target=\"_blank\">United Nations<u> Economic and Social Committee (ECOSOC)<\/u><\/a><\/li>\n<\/ul>\n<p>La AMM tambi\u00e9n coopera con otros organismos de la ONU como la <a href=\"http:\/\/www.wto.org\/\" target=\"_blank\">World Trade Organization<\/a>, la <a href=\"http:\/\/www.wipo.int\/\" target=\"_blank\">World Intellectual Property Organization<\/a> o la <a href=\"http:\/\/www.itu.int\/\" target=\"_blank\">International Telecommunication Union<\/a>.<\/p>\n<p>Tiene una funci\u00f3n especial nuestra labor con el <a href=\"http:\/\/www2.ohchr.org\/english\/bodies\/hrcouncil\/\" target=\"_blank\">United Nations Human Rights Council<\/a> y el Special Raporteur for health. <a href=\"\/wma?page_id=859\">M\u00e1s informaci\u00f3n sobre la labor de la AMM en derechos humanos.<\/a><\/p>\n<p>Desde 1950 la AMM ha mantenido relaciones de trabajo con el Comit\u00e9 Internacional de Medicina Militar (ICMM) que es un organismo intergubernamental.<\/p>\n","protected":false},"excerpt":{"rendered":"<p>Desde sus comienzos, la Asociaci\u00f3n M\u00e9dica Mundial, como representante mundial de los m\u00e9dicos, ha buscado la cooperaci\u00f3n con las Naciones Unidas y otras organizaciones internacionales clave. Al principio, la AMM ten\u00eda su sede en Nueva York, cerca de las oficinas principales de la ONU. En 1974, se decidi\u00f3 cambiar el Secretariado de la AMM a [&hellip;]<\/p>\n","protected":false},"author":3,"featured_media":0,"parent":995,"menu_order":0,"comment_status":"closed","ping_status":"closed","template":"","meta":[],"acf":[],"_links":{"self":[{"href":"https:\/\/www.wma.net\/es\/wp-json\/wp\/v2\/pages\/996"}],"collection":[{"href":"https:\/\/www.wma.net\/es\/wp-json\/wp\/v2\/pages"}],"about":[{"href":"https:\/\/www.wma.net\/es\/wp-json\/wp\/v2\/types\/page"}],"author":[{"embeddable":true,"href":"https:\/\/www.wma.net\/es\/wp-json\/wp\/v2\/users\/3"}],"replies":[{"embeddable":true,"href":"https:\/\/www.wma.net\/es\/wp-json\/wp\/v2\/comments?post=996"}],"version-history":[{"count":5,"href":"https:\/\/www.wma.net\/es\/wp-json\/wp\/v2\/pages\/996\/revisions"}],"predecessor-version":[{"id":7188,"href":"https:\/\/www.wma.net\/es\/wp-json\/wp\/v2\/pages\/996\/revisions\/7188"}],"up":[{"embeddable":true,"href":"https:\/\/www.wma.net\/es\/wp-json\/wp\/v2\/pages\/995"}],"wp:attachment":[{"href":"https:\/\/www.wma.net\/es\/wp-json\/wp\/v2\/media?parent=996"}],"curies":[{"name":"wp","href":"https:\/\/api.w.org\/{rel}","templated":true}]}}