  {"id":997,"date":"2016-11-22T14:15:24","date_gmt":"2016-11-22T14:15:24","guid":{"rendered":"https:\/\/www.wma.net\/es\/?page_id=997"},"modified":"2025-07-29T14:12:51","modified_gmt":"2025-07-29T13:12:51","slug":"asociados","status":"publish","type":"page","link":"https:\/\/www.wma.net\/es\/quienes-somos\/alianza-y-asociados\/asociados\/","title":{"rendered":"Asociados"},"content":{"rendered":"<p>La Asociaci\u00f3n M\u00e9dica Mundial forma parte de una red organizaciones que van desde asociaciones m\u00e9dicas hasta asociaciones de entidades comerciales. Aqu\u00ed entregamos un listado de los asociados m\u00e1s importantes de la AMM, aunque no est\u00e1n todos.<\/p>\n<h3>Centros acad\u00e9micos (en cooperaci\u00f3n con la AMM)<\/h3>\n<ul>\n<li><a href=\"http:\/\/www.iegm.uni-tuebingen.de\/index.php\/en\/\" target=\"_blank\" rel=\"noopener noreferrer\">Institute of Ethics and History of Medicine, University of T\u00fcbingen<\/a><\/li>\n<li><a href=\"http:\/\/www2.unine.ch\/ids\" target=\"_blank\" rel=\"noopener noreferrer\">Institut de droit de la sant\u00e9,Universit\u00e9 de Neuch\u00e2tel, Suisse<\/a><\/li>\n<li><a href=\"http:\/\/www.int-chair-bioethics.org\/\" target=\"_blank\" rel=\"noopener\">International Chair in Bioethics<\/a> (<a href=\"https:\/\/www.wma.net\/wp-content\/uploads\/2021\/04\/MOU-ÌÇÐÄvlogÊÓÆµ-ICB_2021.pdf\">MoU<\/a> firmado por la ICB y la AMM el 23 abril 2021)<\/li>\n<\/ul>\n<h3>Asociados corporativos<\/h3>\n<ul>\n<li>Bayer AG<\/li>\n<li>Eli Lilly and Company<\/li>\n<li>GlaxoSmithKline<\/li>\n<li>Pfizer, Inc<\/li>\n<\/ul>\n<h3>Recursos educacionales<\/h3>\n<ul>\n<li><a href=\"http:\/\/www.hso.info\/\" target=\"_blank\" rel=\"noopener noreferrer\">Health Sciences Online HSO<\/a><\/li>\n<li><a href=\"http:\/\/www.healthinternetwork.org\/\" target=\"_blank\" rel=\"noopener noreferrer\">Health InterNetwork &#8211; HINARI<\/a><\/li>\n<\/ul>\n<h3>Organizaciones internacionales<\/h3>\n<ul>\n<li><a href=\"http:\/\/www.amnesty.org\/\" target=\"_blank\" rel=\"noopener noreferrer\">Amnesty International &#8211; AI<\/a><\/li>\n<li><a href=\"https:\/\/ifapp.org\/\" target=\"_blank\" rel=\"noopener noreferrer\">International Federation of Associations of Pharmaceutical Physicians &#8211; IFAPP<\/a>\u00a0(<a href=\"https:\/\/www.wma.net\/wp-content\/uploads\/2016\/11\/MoU-IFAPP-Oct-2017s.pdf\" target=\"_blank\" rel=\"noopener noreferrer\">MoU<\/a>\u00a0firmado por la\u00a0IFAPP y la AMM el 14 de octubre de 2017)<\/li>\n<li><a href=\"http:\/\/www.ifpma.org\/\">International Federation of Pharmaceutical Manufacturers &amp; Associations IFPMA<\/a><\/li>\n<li><a href=\"http:\/\/www.ihf-fih.org\/\" target=\"_blank\" rel=\"noopener noreferrer\">International Hospital Federation &#8211; IHF<\/a><\/li>\n<li><a href=\"http:\/\/www.irct.org\/\" target=\"_blank\" rel=\"noopener noreferrer\">International Rehabilitation Council for Torture Victims &#8211; IRCT<\/a><\/li>\n<li><a href=\"https:\/\/www.msf.org\/\" target=\"_blank\" rel=\"noopener\">M\u00e9decins Sans Fronti\u00e8res &#8211; MSF<\/a><\/li>\n<li><a href=\"http:\/\/physiciansforhumanrights.org\/\" target=\"_blank\" rel=\"noopener noreferrer\">Physicians for Human Rights &#8211; PHR<\/a><\/li>\n<li><a href=\"http:\/\/www.ishhr.com\/\" target=\"_blank\" rel=\"noopener noreferrer\">International Society for Health and Human Rights &#8211; ISHHR<\/a><\/li>\n<li><a href=\"http:\/\/www.whcaonline.org\/\" target=\"_blank\" rel=\"noopener noreferrer\">World Health Editors\u2019 Network &#8211; WHEN<\/a><\/li>\n<li><a href=\"http:\/\/www.world-psi.org\/\" target=\"_blank\" rel=\"noopener noreferrer\">Public Service International &#8211; PSI<\/a><\/li>\n<li><a href=\"http:\/\/www.wsmi.org\/\" target=\"_blank\" rel=\"noopener noreferrer\">World Self-Medication Industry &#8211; WSMI<\/a><\/li>\n<\/ul>\n<h3>Estudiantes de medicina<\/h3>\n<ul>\n<li><a href=\"http:\/\/www.ifmsa.org\/\" target=\"_blank\" rel=\"noopener noreferrer\">International Federation of Medical Students\u2019 Associations &#8211; IFMSA<\/a><\/li>\n<\/ul>\n<h3>Organizaci\u00f3n de pacientes<\/h3>\n<ul>\n<li><a href=\"http:\/\/www.patientsorganizations.org\/\" target=\"_blank\" rel=\"noopener noreferrer\">International Alliance of Patients\u2019 Organizations &#8211; IAPO<\/a><\/li>\n<\/ul>\n<h3>Organizaciones profesionales<\/h3>\n<ul>\n<li><a href=\"http:\/\/www.whpa.org\/\">World Health Professions Alliance &#8211; WHPA<\/a><\/li>\n<li><a href=\"http:\/\/www.fdiworldental.org\/\">World Dental Federation &#8211; FDI<\/a><\/li>\n<li><a href=\"http:\/\/www.fip.nl\/\">International Pharmaceutical Federation &#8211; FIP<\/a><\/li>\n<li><a href=\"http:\/\/www.icn.ch\/\">International Council of Nurses &#8211; ICN<\/a><\/li>\n<li><a href=\"http:\/\/www.g-i-n.net\/\">Guidelines International Network &#8211; G-I-N<\/a><\/li>\n<li><a href=\"http:\/\/www.cimm-icmm.org\/index_en.php\" target=\"_blank\" rel=\"noopener noreferrer\">International Committee of Military Medicine &#8211; ICMM<\/a>\u00a0(<a href=\"https:\/\/www.wma.net\/wp-content\/uploads\/2016\/11\/MoU_ICMM_En.pdf\" target=\"_blank\" rel=\"noopener noreferrer\">MoU<\/a> firmado por la\u00a0ICMM y la AMM el 14 de octubre de 2017)<\/li>\n<li><a href=\"http:\/\/www.internationalmidwives.org\/\">International Confederation of Midwives &#8211; ICM<\/a><\/li>\n<li><a href=\"http:\/\/www.cioms.ch\/\">International Council of Medical Scientific Organizations CIOMS<\/a><\/li>\n<li><a href=\"http:\/\/www.wcpt.org\/\">International Federation of Physiotherapists &#8211; WCPT<\/a><\/li>\n<li><a href=\"http:\/\/mwia.net\/\">Medical Women\u2019s International Association &#8211; MWIA<\/a><\/li>\n<li><a href=\"https:\/\/www.wma.net\/es\/que-hacemos\/educacion\/federacion-mundial-de-educacion-medica\/\" target=\"_blank\" rel=\"noopener\">World Federation for Medical Education &#8211; WFME<\/a><\/li>\n<li><a href=\"http:\/\/www.wpanet.org\/\">World Psychiatric Association &#8211; WPA<\/a><\/li>\n<li><a href=\"http:\/\/www.worldvet.org\/\">World Veterinary Association\u00a0 &#8211; WVA<\/a> (<a href=\"https:\/\/www.wma.net\/wp-content\/uploads\/2025\/07\/MoU_WVA_signed-2025.pdf\">MoU<\/a> firmado por la WVA y la AMM el 18 de Julio de 2025)<\/li>\n<\/ul>\n<h3>Cruz Roja<\/h3>\n<ul>\n<li><a href=\"http:\/\/www.icrc.org\/\">International Committee of the Red Cross &#8211; ICRC<\/a><\/li>\n<li><a href=\"http:\/\/www.ifrc.org\/\">The International Federation of Red Cross and Red Crescent Societies &#8211; IFRC<\/a><\/li>\n<\/ul>\n<h3>Organizaciones m\u00e9dicas regionales<\/h3>\n<ul>\n<li><a href=\"https:\/\/twitter.com\/canma_africa\" target=\"_blank\" rel=\"noopener\">Coalition of African National Medical Associations &#8211; CANMA<\/a><\/li>\n<li><a href=\"https:\/\/www.arabmu.com\/\" target=\"_blank\" rel=\"noopener noreferrer\">Arab Medical Union &#8211; AMU<\/a><\/li>\n<li><a href=\"http:\/\/www.cmaao.org\/\" target=\"_blank\" rel=\"noopener noreferrer\">Confederation of Medical Associations of Asia and Oceania &#8211; CMAAO<\/a><\/li>\n<li><a href=\"http:\/\/www.medical-chambers.org\/about.html\" target=\"_blank\" rel=\"noopener noreferrer\">Conference of the Central and East European Chambers<\/a><\/li>\n<li>Conference of the Francophone Medical Associations &#8211; CFOM<\/li>\n<li><a href=\"http:\/\/www.medical-chambers.org\/about.html\" target=\"_blank\" rel=\"noopener noreferrer\">European Council of Medical Orders &#8211; CEOM<\/a><\/li>\n<li><a href=\"http:\/\/www.efma-forum.com\/\" target=\"_blank\" rel=\"noopener noreferrer\">European Forum of Medical Associations and EFMA\/WHO<\/a><\/li>\n<li><a href=\"http:\/\/www.confemel.com\/fieme\/\" target=\"_blank\" rel=\"noopener noreferrer\">Forum of Ibero-American Medical Associations &#8211; FIEME<\/a><\/li>\n<li><a href=\"https:\/\/masean.net\/\" target=\"_blank\" rel=\"noopener noreferrer\">Medical Association of South East Asian Nations &#8211; MASEAN<\/a><\/li>\n<li><a href=\"http:\/\/www.confemel.com\/\" target=\"_blank\" rel=\"noopener noreferrer\">Medical Confederation of Latin-America and the Caribbean &#8211; CONFEMEL<\/a><\/li>\n<li>SAARC (South Asian\u00a0Association\u00a0for Regional Cooperation) Medical Association<\/li>\n<li><a href=\"http:\/\/seemf.org\/\" target=\"_blank\" rel=\"noopener noreferrer\">South East Europe Media Forum &#8211; SEEMF<\/a><\/li>\n<li><a href=\"http:\/\/www.cpme.eu\/\" target=\"_blank\" rel=\"noopener noreferrer\">Standing committee of European Physicians &#8211; CPME<\/a><\/li>\n<\/ul>\n","protected":false},"excerpt":{"rendered":"<p>La Asociaci\u00f3n M\u00e9dica Mundial forma parte de una red organizaciones que van desde asociaciones m\u00e9dicas hasta asociaciones de entidades comerciales. Aqu\u00ed entregamos un listado de los asociados m\u00e1s importantes de la AMM, aunque no est\u00e1n todos. Centros acad\u00e9micos (en cooperaci\u00f3n con la AMM) Institute of Ethics and History of Medicine, University of T\u00fcbingen Institut de [&hellip;]<\/p>\n","protected":false},"author":3,"featured_media":0,"parent":995,"menu_order":1,"comment_status":"closed","ping_status":"closed","template":"","meta":[],"acf":[],"_links":{"self":[{"href":"https:\/\/www.wma.net\/es\/wp-json\/wp\/v2\/pages\/997"}],"collection":[{"href":"https:\/\/www.wma.net\/es\/wp-json\/wp\/v2\/pages"}],"about":[{"href":"https:\/\/www.wma.net\/es\/wp-json\/wp\/v2\/types\/page"}],"author":[{"embeddable":true,"href":"https:\/\/www.wma.net\/es\/wp-json\/wp\/v2\/users\/3"}],"replies":[{"embeddable":true,"href":"https:\/\/www.wma.net\/es\/wp-json\/wp\/v2\/comments?post=997"}],"version-history":[{"count":27,"href":"https:\/\/www.wma.net\/es\/wp-json\/wp\/v2\/pages\/997\/revisions"}],"predecessor-version":[{"id":25032,"href":"https:\/\/www.wma.net\/es\/wp-json\/wp\/v2\/pages\/997\/revisions\/25032"}],"up":[{"embeddable":true,"href":"https:\/\/www.wma.net\/es\/wp-json\/wp\/v2\/pages\/995"}],"wp:attachment":[{"href":"https:\/\/www.wma.net\/es\/wp-json\/wp\/v2\/media?parent=997"}],"curies":[{"name":"wp","href":"https:\/\/api.w.org\/{rel}","templated":true}]}}