  {"id":999,"date":"2016-11-22T14:16:23","date_gmt":"2016-11-22T14:16:23","guid":{"rendered":"https:\/\/www.wma.net\/es\/?page_id=999"},"modified":"2026-03-18T09:06:43","modified_gmt":"2026-03-18T09:06:43","slug":"sobre-nosotros","status":"publish","type":"page","link":"https:\/\/www.wma.net\/es\/medicos-jovenes\/sobre-nosotros\/","title":{"rendered":"Qui\u00e9nes somos"},"content":{"rendered":"<p>La Red de M\u00e9dicos J\u00f3venes (JDN) sirve de plataforma internacional para los m\u00e9dicos j\u00f3venes con el fin de facilitar un di\u00e1logo abierto sobre los acontecimientos y actividades mundiales que son pertinentes para su formaci\u00f3n de postgrado y la Asociaci\u00f3n M\u00e9dica Mundial (AMM).<\/p>\n<p>Fue creada en la 61\u00aa Asamblea General de la AMM (octubre 2010) en Vancouver, Canad\u00e1 y la reuni\u00f3n inaugural de la JDN se celebr\u00f3 en la 62\u00aa Asamblea General de la AMM (octubre 2011) en Montevideo, Uruguay. La red, que comenz\u00f3 con unos pocos m\u00e9dicos j\u00f3venes motivados, tiene ahora un total de m\u00e1s de 500 miembros de m\u00e1s de 90 pa\u00edses de todas las regiones del mundo.<\/p>\n<p>Los miembros del JDN deben haberse graduado de la facultad de medicina hace menos de diez a\u00f1os y ser miembros asociados de la AMM.<\/p>\n<h3>Misi\u00f3n<\/h3>\n<p>\u201cEmpoderar a los m\u00e9dicos j\u00f3venes para trabajar juntos por un mundo m\u00e1s sano a trav\u00e9s de la defensa, educaci\u00f3n y colaboraci\u00f3n internacional\u201d<\/p>\n<h3>\u00bfQu\u00e9 hacemos?<\/h3>\n<p>Trabajo en red:<br \/>\nDurante las reuniones peri\u00f3dicas de la JDN, los miembros se conocen entre s\u00ed, debaten cuestiones de salud mundial, comparten retos e inician colaboraciones en temas de salud mundial. La JDN se re\u00fane en varias ocasiones a lo largo del a\u00f1o, tanto en persona como a trav\u00e9s de teleconferencias:<\/p>\n<ul>\n<li>Reuniones semestrales coincidiendo con la reuni\u00f3n <a href=\"https:\/\/www.wma.net\/what-we-do\/events\/\" target=\"_blank\" rel=\"noopener\">del Consejo y la Asamblea General de la AMM<\/a> (abril y octubre).<\/li>\n<li>Teleconferencias mensuales generales de los miembros y del equipo directivo.<\/li>\n<li>Seminarios virtuales ad hoc organizados por la JDN<\/li>\n<\/ul>\n<h3>JDN Leadership 2025\/2026<\/h3>\n<table class=\"table table-striped stack-table\">\n<tbody>\n<tr>\n<td><img loading=\"lazy\" class=\"alignnone wp-image-25780 size-thumbnail\" src=\"https:\/\/www.wma.net\/wp-content\/uploads\/2025\/11\/Pablo-scaled-e1763033553730-150x150.jpg\" alt=\"\" width=\"150\" height=\"150\" srcset=\"https:\/\/www.wma.net\/wp-content\/uploads\/2025\/11\/Pablo-scaled-e1763033553730-150x150.jpg 150w, https:\/\/www.wma.net\/wp-content\/uploads\/2025\/11\/Pablo-scaled-e1763033553730-300x300.jpg 300w, https:\/\/www.wma.net\/wp-content\/uploads\/2025\/11\/Pablo-scaled-e1763033553730-1024x1024.jpg 1024w, https:\/\/www.wma.net\/wp-content\/uploads\/2025\/11\/Pablo-scaled-e1763033553730-768x768.jpg 768w, https:\/\/www.wma.net\/wp-content\/uploads\/2025\/11\/Pablo-scaled-e1763033553730.jpg 1297w\" sizes=\"(max-width: 150px) 100vw, 150px\" \/><\/td>\n<td><strong>Dr Pablo Estrella Porter <\/strong>(Ecuador\/Espa\u00f1a)<br \/>\nPresidente<\/td>\n<td><img loading=\"lazy\" class=\"alignnone wp-image-25786 size-thumbnail\" src=\"https:\/\/www.wma.net\/wp-content\/uploads\/2025\/11\/Shiv-e1763033594255-150x150.png\" alt=\"\" width=\"150\" height=\"150\" srcset=\"https:\/\/www.wma.net\/wp-content\/uploads\/2025\/11\/Shiv-e1763033594255-150x150.png 150w, https:\/\/www.wma.net\/wp-content\/uploads\/2025\/11\/Shiv-e1763033594255-300x300.png 300w, https:\/\/www.wma.net\/wp-content\/uploads\/2025\/11\/Shiv-e1763033594255-1024x1024.png 1024w, https:\/\/www.wma.net\/wp-content\/uploads\/2025\/11\/Shiv-e1763033594255-768x768.png 768w, https:\/\/www.wma.net\/wp-content\/uploads\/2025\/11\/Shiv-e1763033594255-1536x1536.png 1536w, https:\/\/www.wma.net\/wp-content\/uploads\/2025\/11\/Shiv-e1763033594255-2048x2048.png 2048w\" sizes=\"(max-width: 150px) 100vw, 150px\" \/><\/td>\n<td><strong>Dr Shiv Joshi <\/strong>(India)<br \/>\nSecretaria<\/td>\n<\/tr>\n<tr>\n<td><img loading=\"lazy\" class=\"alignnone wp-image-25774 size-thumbnail\" src=\"https:\/\/www.wma.net\/wp-content\/uploads\/2025\/11\/Liban-scaled-e1763033633557-150x150.jpg\" alt=\"\" width=\"150\" height=\"150\" \/><\/td>\n<td><strong>Dr Liban Hassan Mohamud <\/strong>(Somalia)<br \/>\nResponsable de \u00e9tica m\u00e9dica<\/td>\n<td><img loading=\"lazy\" class=\"alignnone size-thumbnail wp-image-25765\" src=\"https:\/\/www.wma.net\/wp-content\/uploads\/2025\/11\/Adeel-150x150.png\" alt=\"\" width=\"150\" height=\"150\" \/><\/td>\n<td><strong>Dr Mehr Muhammad Adeel Riaz <\/strong>(Pakist\u00e1n)<br \/>\nResponsable de asuntos m\u00e9dico-sociales<\/td>\n<\/tr>\n<tr>\n<td><img loading=\"lazy\" class=\"alignnone wp-image-25771 size-thumbnail\" src=\"https:\/\/www.wma.net\/wp-content\/uploads\/2025\/11\/Jeazul-e1763033677616-150x150.jpg\" alt=\"\" width=\"150\" height=\"150\" srcset=\"https:\/\/www.wma.net\/wp-content\/uploads\/2025\/11\/Jeazul-e1763033677616-150x150.jpg 150w, https:\/\/www.wma.net\/wp-content\/uploads\/2025\/11\/Jeazul-e1763033677616-300x300.jpg 300w, https:\/\/www.wma.net\/wp-content\/uploads\/2025\/11\/Jeazul-e1763033677616-768x768.jpg 768w, https:\/\/www.wma.net\/wp-content\/uploads\/2025\/11\/Jeazul-e1763033677616.jpg 968w\" sizes=\"(max-width: 150px) 100vw, 150px\" \/><\/td>\n<td><strong>Dr Delta Jeazul Ponce Hernandez<\/strong><br \/>\n(M\u00e9xico\/Espa\u00f1a)<br \/>\nEducaci\u00f3n M\u00e9dica<\/td>\n<td><img loading=\"lazy\" class=\"alignnone size-thumbnail wp-image-25777\" src=\"https:\/\/www.wma.net\/wp-content\/uploads\/2025\/11\/Mauricio-150x150.jpg\" alt=\"\" width=\"150\" height=\"150\" \/><\/td>\n<td><strong>Dr Mauricio Josue Murillo Argueta<\/strong><br \/>\n(Honduras)<br \/>\nResponsable de Comunicaci\u00f3n<\/td>\n<\/tr>\n<tr>\n<td><img loading=\"lazy\" class=\"alignnone size-thumbnail wp-image-25792\" src=\"https:\/\/www.wma.net\/wp-content\/uploads\/2025\/11\/Yassine-150x150.jpg\" alt=\"\" width=\"150\" height=\"150\" \/><\/td>\n<td><strong>DrYassine Bahr<\/strong> (France)<br \/>\nResponsable de Afiliaci\u00f3n<\/td>\n<td><img loading=\"lazy\" class=\"alignnone size-thumbnail wp-image-25789\" src=\"https:\/\/www.wma.net\/wp-content\/uploads\/2025\/11\/Venkatesh-150x150.png\" alt=\"\" width=\"150\" height=\"150\" \/><\/td>\n<td><strong>Dr Venkatesh Karthikeyan <\/strong>(India)<br \/>\nResponsable de Publicaciones<\/td>\n<\/tr>\n<tr>\n<td><img loading=\"lazy\" class=\"alignnone size-thumbnail wp-image-25768\" src=\"https:\/\/www.wma.net\/wp-content\/uploads\/2025\/11\/Balkiss-150x150.png\" alt=\"\" width=\"150\" height=\"150\" \/><\/td>\n<td><strong>Dr Balkiss Abdelmula <\/strong>(T\u00fanez\/Alemania)<br \/>\nVicepresidente saliente<\/td>\n<td><img loading=\"lazy\" class=\"alignnone size-thumbnail wp-image-25783\" src=\"https:\/\/www.wma.net\/wp-content\/uploads\/2025\/11\/Sazi-150x150.png\" alt=\"\" width=\"150\" height=\"150\" \/><\/td>\n<td><strong>Dr Sazi Nzama <\/strong>(Sud\u00e1frica)<br \/>\nEquipo directivo anterior (nombrado)<\/td>\n<\/tr>\n<tr>\n<td><\/td>\n<td><\/td>\n<td><\/td>\n<td><\/td>\n<\/tr>\n<\/tbody>\n<\/table>\n<p><strong>Follow us on Social Media<\/strong><\/p>\n<div class=\"mceTemp\"><\/div>\n<p><a href=\"https:\/\/twitter.com\/ÌÇÐÄvlogÊÓÆµJDN\" target=\"_blank\" rel=\"noopener\"><img loading=\"lazy\" class=\"alignnone wp-image-21366 size-full\" src=\"https:\/\/www.wma.net\/wp-content\/uploads\/2023\/12\/twitter-logo.png\" alt=\"\" width=\"62\" height=\"67\" \/><\/a> <a href=\"https:\/\/www.instagram.com\/wma_jdn\/\" target=\"_blank\" rel=\"noopener\"><img loading=\"lazy\" class=\"alignnone wp-image-21369 size-full\" src=\"https:\/\/www.wma.net\/wp-content\/uploads\/2023\/12\/Instagram-logo.jpg\" alt=\"\" width=\"60\" height=\"60\" \/><\/a> \u00a0<a href=\"https:\/\/www.facebook.com\/profile.php?id=100077826644766\" target=\"_blank\" rel=\"noopener\"><img loading=\"lazy\" class=\"alignnone wp-image-21372 size-full\" src=\"https:\/\/www.wma.net\/wp-content\/uploads\/2023\/12\/Facebook-logo.jpg\" alt=\"\" width=\"60\" height=\"60\" \/><\/a> <a href=\"https:\/\/www.linkedin.com\/showcase\/wma-junior-doctors-network-jdn\" target=\"_blank\" rel=\"noopener\">\u00a0<\/a><a href=\"https:\/\/www.linkedin.com\/showcase\/wma-junior-doctors-network-jdn\" target=\"_blank\" rel=\"noopener\"><img loading=\"lazy\" class=\"alignnone wp-image-24432\" src=\"https:\/\/www.wma.net\/wp-content\/uploads\/2025\/04\/linkedin-300x300.jpg\" alt=\"\" width=\"61\" height=\"61\" srcset=\"https:\/\/www.wma.net\/wp-content\/uploads\/2025\/04\/linkedin-300x300.jpg 300w, https:\/\/www.wma.net\/wp-content\/uploads\/2025\/04\/linkedin-150x150.jpg 150w, https:\/\/www.wma.net\/wp-content\/uploads\/2025\/04\/linkedin.jpg 500w\" sizes=\"(max-width: 61px) 100vw, 61px\" \/><\/a> <a href=\"https:\/\/bsky.app\/profile\/wma-jdn.bsky.social\" target=\"_blank\" rel=\"noopener\"><img loading=\"lazy\" class=\"alignnone wp-image-24453\" src=\"https:\/\/www.wma.net\/wp-content\/uploads\/2025\/04\/BlueSky-5.jpg\" alt=\"\" width=\"60\" height=\"60\" \/>\u00a0<\/a><a href=\"https:\/\/jdn-workspace.notion.site\/ÌÇÐÄvlogÊÓÆµ-JDN-Workspace-1316a1d0075b80829f42cd6a17673c36\" target=\"_blank\" rel=\"noopener\"><img loading=\"lazy\" class=\"alignnone wp-image-26186\" src=\"https:\/\/www.wma.net\/wp-content\/uploads\/2026\/03\/Notion_logo.png\" alt=\"\" width=\"60\" height=\"60\" \/><\/a><\/p>\n","protected":false},"excerpt":{"rendered":"<p>La Red de M\u00e9dicos J\u00f3venes (JDN) sirve de plataforma internacional para los m\u00e9dicos j\u00f3venes con el fin de facilitar un di\u00e1logo abierto sobre los acontecimientos y actividades mundiales que son pertinentes para su formaci\u00f3n de postgrado y la Asociaci\u00f3n M\u00e9dica Mundial (AMM). Fue creada en la 61\u00aa Asamblea General de la AMM (octubre 2010) en [&hellip;]<\/p>\n","protected":false},"author":3,"featured_media":0,"parent":998,"menu_order":0,"comment_status":"closed","ping_status":"closed","template":"","meta":[],"acf":[],"_links":{"self":[{"href":"https:\/\/www.wma.net\/es\/wp-json\/wp\/v2\/pages\/999"}],"collection":[{"href":"https:\/\/www.wma.net\/es\/wp-json\/wp\/v2\/pages"}],"about":[{"href":"https:\/\/www.wma.net\/es\/wp-json\/wp\/v2\/types\/page"}],"author":[{"embeddable":true,"href":"https:\/\/www.wma.net\/es\/wp-json\/wp\/v2\/users\/3"}],"replies":[{"embeddable":true,"href":"https:\/\/www.wma.net\/es\/wp-json\/wp\/v2\/comments?post=999"}],"version-history":[{"count":35,"href":"https:\/\/www.wma.net\/es\/wp-json\/wp\/v2\/pages\/999\/revisions"}],"predecessor-version":[{"id":26214,"href":"https:\/\/www.wma.net\/es\/wp-json\/wp\/v2\/pages\/999\/revisions\/26214"}],"up":[{"embeddable":true,"href":"https:\/\/www.wma.net\/es\/wp-json\/wp\/v2\/pages\/998"}],"wp:attachment":[{"href":"https:\/\/www.wma.net\/es\/wp-json\/wp\/v2\/media?parent=999"}],"curies":[{"name":"wp","href":"https:\/\/api.w.org\/{rel}","templated":true}]}}