  {"id":14206,"date":"2020-02-25T16:16:54","date_gmt":"2020-02-25T16:16:54","guid":{"rendered":"https:\/\/www.wma.net\/?page_id=14206"},"modified":"2025-10-16T13:27:09","modified_gmt":"2025-10-16T12:27:09","slug":"projet-de-programme-strategique-de-lamm","status":"publish","type":"page","link":"https:\/\/www.wma.net\/fr\/ce-que-nous-faisons\/projet-de-programme-strategique-de-lamm\/","title":{"rendered":"Planification strat\u00e9gique de l\u2019AMM"},"content":{"rendered":"\r\n<p>L&rsquo;Assembl\u00e9e g\u00e9n\u00e9rale de l&rsquo;AMM, Porto 2025 a adopt\u00e9 son planification strat\u00e9gique pour les cinq prochaines ann\u00e9es, 2026 \u00e0 2030.<\/p>\r\n<p><strong><span style=\"color: #0000ff\">\u21d2 <a href=\"https:\/\/www.wma.net\/wp-content\/uploads\/2025\/10\/2026-2030-ÌÇÐÄvlogÊÓÆµ-Strategic-Plan_F.pdf\" target=\"_blank\" rel=\"noopener\">Cliquez <em>ici <\/em>pour t\u00e9l\u00e9charger<\/a><\/span><\/strong><\/p>\r\n<p>Le planification strat\u00e9gique pour 2020-2025, adopt\u00e9 par l&rsquo;Assembl\u00e9e g\u00e9n\u00e9rale de l&rsquo;AMM, Tbilissi 2019, est disponible <strong><span style=\"color: #0000ff\"><a href=\"https:\/\/www.wma.net\/wp-content\/uploads\/2020\/02\/2020-2025-Strategic-plan_F.pdf\"><em>ici<\/em><\/a>.<\/span><\/strong><\/p>\r\n","protected":false},"excerpt":{"rendered":"<p>L&rsquo;Assembl\u00e9e g\u00e9n\u00e9rale de l&rsquo;AMM, Porto 2025 a adopt\u00e9 son planification strat\u00e9gique pour les cinq prochaines ann\u00e9es, 2026 \u00e0 2030. \u21d2 Cliquez ici pour t\u00e9l\u00e9charger Le planification strat\u00e9gique pour 2020-2025, adopt\u00e9 par l&rsquo;Assembl\u00e9e g\u00e9n\u00e9rale de l&rsquo;AMM, Tbilissi 2019, est disponible ici.<\/p>\n","protected":false},"author":5,"featured_media":0,"parent":618,"menu_order":11,"comment_status":"closed","ping_status":"closed","template":"","meta":[],"acf":[],"_links":{"self":[{"href":"https:\/\/www.wma.net\/fr\/wp-json\/wp\/v2\/pages\/14206"}],"collection":[{"href":"https:\/\/www.wma.net\/fr\/wp-json\/wp\/v2\/pages"}],"about":[{"href":"https:\/\/www.wma.net\/fr\/wp-json\/wp\/v2\/types\/page"}],"author":[{"embeddable":true,"href":"https:\/\/www.wma.net\/fr\/wp-json\/wp\/v2\/users\/5"}],"replies":[{"embeddable":true,"href":"https:\/\/www.wma.net\/fr\/wp-json\/wp\/v2\/comments?post=14206"}],"version-history":[{"count":6,"href":"https:\/\/www.wma.net\/fr\/wp-json\/wp\/v2\/pages\/14206\/revisions"}],"predecessor-version":[{"id":25541,"href":"https:\/\/www.wma.net\/fr\/wp-json\/wp\/v2\/pages\/14206\/revisions\/25541"}],"up":[{"embeddable":true,"href":"https:\/\/www.wma.net\/fr\/wp-json\/wp\/v2\/pages\/618"}],"wp:attachment":[{"href":"https:\/\/www.wma.net\/fr\/wp-json\/wp\/v2\/media?parent=14206"}],"curies":[{"name":"wp","href":"https:\/\/api.w.org\/{rel}","templated":true}]}}