  {"id":17448,"date":"2021-12-22T15:03:45","date_gmt":"2021-12-22T15:03:45","guid":{"rendered":"https:\/\/www.wma.net\/?page_id=17448"},"modified":"2022-01-03T13:49:57","modified_gmt":"2022-01-03T13:49:57","slug":"world-federation-for-medical-education%e2%80%89-%e2%80%89federation-mondiale-pour-lenseignement-de-la-medecine","status":"publish","type":"page","link":"https:\/\/www.wma.net\/fr\/ce-que-nous-faisons\/education\/world-federation-for-medical-education%e2%80%89-%e2%80%89federation-mondiale-pour-lenseignement-de-la-medecine\/","title":{"rendered":"World Federation for Medical Education\u2009\u2013\u2009F\u00e9d\u00e9ration mondiale pour l\u2019enseignement de la m\u00e9decine"},"content":{"rendered":"\n<p>Jusqu\u2019aux ann\u00e9es&nbsp;1970, l\u2019Association m\u00e9dicale mondiale organisait les premi\u00e8res Conf\u00e9rences mondiales sur l\u2019enseignement de la m\u00e9decine. L\u2019AMM a \u00e9galement anim\u00e9 un Comit\u00e9 permanent pour l\u2019enseignement de la m\u00e9decine entre&nbsp;1950 et&nbsp;1982. Consciente du r\u00f4le essentiel des facult\u00e9s et \u00e9coles de m\u00e9decine, et de celui de l\u2019organisation mondiale des \u00e9tudiants en m\u00e9decine, l\u2019alors puissante F\u00e9d\u00e9ration internationale des associations d\u2019\u00e9tudiants en m\u00e9decine (IFMSA), l\u2019AMM s\u2019est jointe \u00e0 l\u2019Organisation mondiale de la sant\u00e9 (OMS), aux organisations r\u00e9gionales regroupant les facult\u00e9s de m\u00e9decine et les professeurs d\u2019universit\u00e9 et \u00e0 l\u2019IFMSA pour fonder la F\u00e9d\u00e9ration mondiale pour l\u2019enseignement de la m\u00e9decine (WFME) en&nbsp;1972.<\/p>\n\n\n\n<p>Depuis lors, la WFME a servi de plateforme commune pour convenir des principes et normes r\u00e9gissant l\u2019enseignement de la m\u00e9decine et la formation tout au long de l\u2019activit\u00e9 professionnelle des m\u00e9decins. L\u2019AMM a ainsi fait siens les <a href=\"https:\/\/wfme.org\/standards\/distributed-and-distance-learning-standards-ddl\/\">principes et normes \u00e9nonc\u00e9s dans les principaux documents sur la formation initiale, l\u2019internat et la formation continue en m\u00e9decine<\/a>, ainsi que sur <a href=\"https:\/\/wfme.org\/standards\/distributed-and-distance-learning-standards-ddl\/\">l\u2019apprentissage distribu\u00e9 et l\u2019apprentissage \u00e0 distance dans l\u2019enseignement de la m\u00e9decine<\/a> en&nbsp;2021.<\/p>\n\n\n\n<p>La WFME a \u00e9labor\u00e9 un programme mondial <a href=\"https:\/\/wfme.org\/accreditation\/\">d\u2019accr\u00e9ditation pour l\u2019enseignement m\u00e9dical basique<\/a> et coconstruit le <a href=\"https:\/\/wfme.org\/world-directory\/\">r\u00e9pertoire mondial des facult\u00e9s de m\u00e9decine<\/a>. L\u2019AMM coop\u00e8re donc \u00e9troitement avec la WFME sur les questions relatives \u00e0 l\u2019enseignement de la m\u00e9decine.<\/p>\n","protected":false},"excerpt":{"rendered":"<p>Jusqu\u2019aux ann\u00e9es&nbsp;1970, l\u2019Association m\u00e9dicale mondiale organisait les premi\u00e8res Conf\u00e9rences mondiales sur l\u2019enseignement de la m\u00e9decine. L\u2019AMM a \u00e9galement anim\u00e9 un Comit\u00e9 permanent pour l\u2019enseignement de la m\u00e9decine entre&nbsp;1950 et&nbsp;1982. Consciente du r\u00f4le essentiel des facult\u00e9s et \u00e9coles de m\u00e9decine, et de celui de l\u2019organisation mondiale des \u00e9tudiants en m\u00e9decine, l\u2019alors puissante F\u00e9d\u00e9ration internationale des associations [&hellip;]<\/p>\n","protected":false},"author":7,"featured_media":0,"parent":680,"menu_order":16,"comment_status":"closed","ping_status":"closed","template":"","meta":[],"acf":[],"_links":{"self":[{"href":"https:\/\/www.wma.net\/fr\/wp-json\/wp\/v2\/pages\/17448"}],"collection":[{"href":"https:\/\/www.wma.net\/fr\/wp-json\/wp\/v2\/pages"}],"about":[{"href":"https:\/\/www.wma.net\/fr\/wp-json\/wp\/v2\/types\/page"}],"author":[{"embeddable":true,"href":"https:\/\/www.wma.net\/fr\/wp-json\/wp\/v2\/users\/7"}],"replies":[{"embeddable":true,"href":"https:\/\/www.wma.net\/fr\/wp-json\/wp\/v2\/comments?post=17448"}],"version-history":[{"count":1,"href":"https:\/\/www.wma.net\/fr\/wp-json\/wp\/v2\/pages\/17448\/revisions"}],"predecessor-version":[{"id":17449,"href":"https:\/\/www.wma.net\/fr\/wp-json\/wp\/v2\/pages\/17448\/revisions\/17449"}],"up":[{"embeddable":true,"href":"https:\/\/www.wma.net\/fr\/wp-json\/wp\/v2\/pages\/680"}],"wp:attachment":[{"href":"https:\/\/www.wma.net\/fr\/wp-json\/wp\/v2\/media?parent=17448"}],"curies":[{"name":"wp","href":"https:\/\/api.w.org\/{rel}","templated":true}]}}