  {"id":21512,"date":"2019-02-11T15:51:36","date_gmt":"2019-02-11T15:51:36","guid":{"rendered":"https:\/\/www.wma.net\/?page_id=21512"},"modified":"2025-09-25T10:01:08","modified_gmt":"2025-09-25T09:01:08","slug":"petits-groupes-de-travail","status":"publish","type":"page","link":"https:\/\/www.wma.net\/fr\/jeunes-medecins\/petits-groupes-de-travail\/","title":{"rendered":"Petits groupes de travail"},"content":{"rendered":"<h1>Petits groupes de travail<\/h1>\n<h2><strong>Statut actif<\/strong><\/h2>\n<h3>Groupe de travail sur la r\u00e9sistance aux antimicrobiens (AMR)<\/h3>\n<p><strong>Responsables :<\/strong><br \/>\nPablo Estrella Porter (<a href=\"mailto:pestrellaporter@gmail.com\">pestrellaporter@gmail.com<\/a>) et Olayinka Fakorede (<a href=\"mailto:holaryinkafakorede@gmail.com\">holaryinkafakorede@gmail.com<\/a>)<br \/>\n<strong>Soutien des anciens du JDN :<\/strong> Caline Mattar (<a href=\"mailto:mattar.caline@gmail.com\">mattar.caline@gmail.com<\/a>)<\/p>\n<p><strong>Mission :<\/strong><br \/>\nAccro\u00eetre la sensibilisation \u00e0 l\u2019\u00e9mergence de la r\u00e9sistance aux antimicrobiens, au r\u00f4le essentiel de la gestion de cette r\u00e9sistance (stewardship) et \u00e0 l\u2019utilisation de l\u2019approche \u00ab Une seule sant\u00e9 \u00bb (One Health) pour r\u00e9duire le risque de maladie chez l\u2019humain, l\u2019animal et dans l\u2019\u00e9cosyst\u00e8me environnant, aupr\u00e8s de publics vari\u00e9s : \u00e9tudiants, professionnels de sant\u00e9 et grand public.<\/p>\n<p><strong>Activit\u00e9s :<\/strong><\/p>\n<ul>\n<li>Campagnes de sensibilisation pour la Semaine mondiale de sensibilisation aux antibiotiques (WAAW \u2013 OMS)<\/li>\n<li>Semaine mondiale de la vaccination (WIW)<\/li>\n<li>R\u00e9vision de la politique de l\u2019AMM sur la r\u00e9sistance aux antimicrobiens<\/li>\n<li>Contributions de commentaires sur des documents de l\u2019OMS au nom de l\u2019AMM<\/li>\n<li>Participation au Groupe quadripartite sur l\u2019engagement des jeunes contre la r\u00e9sistance aux antimicrobiens depuis octobre 2023<\/li>\n<\/ul>\n<p><strong>Publications :<\/strong><\/p>\n<ul>\n<li><em>糖心vlog视频 JDN Bulletin Sp\u00e9cial : Antimicrobial Resistance<\/em>, mai 2025. <a href=\"https:\/\/www.wma.net\/wp-content\/uploads\/2025\/05\/AMR-Bulletin-4.0.pdf\">Lien<\/a><\/li>\n<li><em>Youth Manifesto for the United Nations General Assembly High-level Meeting on Antimicrobial Resistance<\/em>, 2024. <a href=\"https:\/\/www.qjsamr.org\/docs\/librariesprovider25\/working-group-on-youth-engagement\/youth-manifesto-final.pdf\">Lien<\/a><\/li>\n<li><em>The Road to the Antimicrobial Resistance High-Level Meeting 2024<\/em>, <em>World Medical Journal<\/em>, d\u00e9c. 2023;69(4):51-55. <a href=\"https:\/\/www.wma.net\/wp-content\/uploads\/2023\/12\/WMJ_2023_04_final2-3.pdf\">Lien<\/a><\/li>\n<li><em>Advocating for Change: Junior Doctors&rsquo; Role in Global Antimicrobial Resistance Initiatives<\/em>, <em>World Medical Journal<\/em>, d\u00e9c. 2023;69(4):55-57. <a href=\"https:\/\/www.wma.net\/wp-content\/uploads\/2023\/12\/WMJ_2023_04_final2-3.pdf\">Lien<\/a><\/li>\n<\/ul>\n<hr \/>\n<h3>Groupe de travail sur les soins de sant\u00e9 primaires (PHC)<\/h3>\n<p><strong>Responsables :<\/strong> Adeel Riaz (<a href=\"mailto:adeelriaz369@gmail.com\">adeelriaz369@gmail.com<\/a>) et Eleleta Surafel (<a href=\"mailto:eleletasabay@gmail.com\">eleletasabay@gmail.com<\/a>)<\/p>\n<p><strong>Mission :<\/strong><br \/>\nOffrir une plateforme de collaboration internationale, de discussion et d\u2019apprentissage sur le r\u00f4le crucial des soins de sant\u00e9 primaires (SSP) dans le renforcement des syst\u00e8mes de sant\u00e9 et dans la r\u00e9alisation de la CSU (Couverture Sanitaire Universelle) et des ODD.<\/p>\n<p><strong>Objectifs :<\/strong><\/p>\n<ul>\n<li>Renforcer la compr\u00e9hension des SSP comme pierre angulaire de syst\u00e8mes de sant\u00e9 r\u00e9silients<\/li>\n<li>Outiller les jeunes m\u00e9decins en connaissances et comp\u00e9tences de plaidoyer pour promouvoir les SSP au niveau local et national<\/li>\n<li>Faciliter le dialogue mondial et l\u2019apprentissage entre pairs sur les mod\u00e8les innovants et les d\u00e9fis des SSP<\/li>\n<li>Plaider pour l\u2019int\u00e9gration des principes de SSP dans la gouvernance sanitaire et la pr\u00e9paration aux urgences<\/li>\n<li>Contribuer aux d\u00e9bats de sant\u00e9 mondiale par des publications, recherches et pr\u00e9sentations en conf\u00e9rences<\/li>\n<\/ul>\n<p><strong>Activit\u00e9s :<\/strong><\/p>\n<ul>\n<li>Contribution \u00e0 la D\u00e9claration de l\u2019AMM sur les SSP<\/li>\n<li>D\u00e9briefings, groupes de discussion et webinaires sur les d\u00e9terminants sociaux de la sant\u00e9, les crises humanitaires et climatiques, la violence bas\u00e9e sur le genre et les besoins en SSP dans les pays \u00e0 revenu faible ou interm\u00e9diaire<\/li>\n<li>Campagnes mondiales autour de la D\u00e9claration d\u2019Astana (2022) et de la CSU (2024)<\/li>\n<li>Collaboration avec d\u2019autres groupes et associations m\u00e9dicales nationales sur la r\u00e9silience des SSP face aux catastrophes et au climat<\/li>\n<li>Interventions au Conseil ex\u00e9cutif de l\u2019OMS et publications dans le Bulletin JDN<\/li>\n<\/ul>\n<p><strong>Publications (s\u00e9lection) :<\/strong><\/p>\n<ul>\n<li><em>Empowering the Frontlines of PHC: A JDN perspective<\/em>, <em>糖心vlog视频 JDN Bulletin<\/em>, 2025;31:15-16<\/li>\n<li><em>Antimicrobial Resistance: Challenges and Solutions in Primary Health Care<\/em>, \u00c9dition sp\u00e9ciale AMR 2024;4.0:12-14<\/li>\n<li><em>SATHI Initiative: Addressing Unmet Surgical Needs in LMICs<\/em>, <em>JDN Bulletin<\/em>, janv. 2025;30:26-29<\/li>\n<li><em>Racism: The Insidious Social Determinant of Health<\/em>, <em>JDN Newsletter<\/em>, ao\u00fbt 2021;23:57-61<\/li>\n<li><em>Comprehensive Primary Health Care Working Group Update<\/em>, <em>JDN Newsletter<\/em>, avril 2021;21:16-17<\/li>\n<li><em>Challenges and Opportunities in Providing Primary Health Care during the COVID-19 Pandemic in Six Countries<\/em>, <em>JDN Newsletter<\/em>, juil. 2020;19:71<\/li>\n<\/ul>\n<hr \/>\n<h3>Groupe de travail \u00ab Pr\u00e9paration aux pand\u00e9mies \/ COVID-19 \u00bb<\/h3>\n<p><strong>Responsables :<\/strong> Marie-Claire Wangari (<a href=\"mailto:mcwangari.wm@gmail.com\">mcwangari.wm@gmail.com<\/a>) et Yassen Tcholakov (<a href=\"mailto:yassentch@gmail.com\">yassentch@gmail.com<\/a>)<\/p>\n<p><strong>Mission :<\/strong><br \/>\nR\u00e9activ\u00e9 en janvier 2022 \u00e0 partir du groupe ad hoc \u00ab COVID-19 \u00bb, ce groupe vise \u00e0 partager les exp\u00e9riences des jeunes m\u00e9decins pendant les urgences sanitaires (COVID-19, Mpox, etc.), \u00e0 suivre les \u00e9volutions en sant\u00e9 publique et \u00e0 apporter la voix des jeunes m\u00e9decins aux solutions propos\u00e9es.<\/p>\n<p><strong>Publications :<\/strong><\/p>\n<ul>\n<li><em>JDN Newsletter<\/em> 2024 : aper\u00e7u du groupe<\/li>\n<li><em>JDN Newsletter<\/em> 2022 : aper\u00e7u du groupe<\/li>\n<li>Coordination de la r\u00e9vision de la Politique de l\u2019AMM sur les \u00e9pid\u00e9mies et pand\u00e9mies (2017)<\/li>\n<\/ul>\n<p><strong>Activit\u00e9s :<\/strong><\/p>\n<ul>\n<li>Campagnes de plaidoyer (t\u00e9moignages de jeunes m\u00e9decins en mai 2023)<\/li>\n<li>Repr\u00e9sentation des jeunes m\u00e9decins aux r\u00e9unions de haut niveau (OMS INB, R\u00e8glement Sanitaire International)<\/li>\n<li>Campagne sur les r\u00e9seaux sociaux concernant l\u2019Accord sur les pand\u00e9mies et ses implications sur la carri\u00e8re des jeunes m\u00e9decins<\/li>\n<li>R\u00e9daction d\u2019un article d\u2019opinion sur les n\u00e9gociations de l\u2019Accord sur les pand\u00e9mies<\/li>\n<\/ul>\n<hr \/>\n<h3>Groupe de travail sur l\u2019\u00e9thique m\u00e9dicale<\/h3>\n<p><strong>Responsables :<\/strong> Shiv Joshi (<a href=\"mailto:ethics.jdn@wma.net\">ethics.jdn@wma.net<\/a>) et Cristopher Spina Mena (<a href=\"mailto:cristop100@gmail.com\">cristop100@gmail.com<\/a>)<\/p>\n<p><strong>Mission :<\/strong><br \/>\nFavoriser une culture de r\u00e9flexion \u00e9thique et de pratique parmi les jeunes m\u00e9decins, en reliant th\u00e9orie et application concr\u00e8te et en amplifiant leur voix dans la gouvernance \u00e9thique mondiale.<\/p>\n<p><strong>Objectifs :<\/strong><\/p>\n<ul>\n<li>Accro\u00eetre l\u2019engagement des jeunes m\u00e9decins sur les th\u00e8mes de l\u2019\u00e9thique m\u00e9dicale, de la recherche et des politiques<\/li>\n<li>Participer aux r\u00e9unions internes et externes de l\u2019AMM sur l\u2019\u00e9thique<\/li>\n<li>Contribuer \u00e0 la r\u00e9daction et \u00e0 la r\u00e9vision des politiques de l\u2019AMM et aux publications scientifiques<\/li>\n<\/ul>\n<p><strong>Activit\u00e9s :<\/strong><\/p>\n<ul>\n<li><em>Medical Ethics Open House<\/em> : forum interactif de dialogue<\/li>\n<li><em>Journal Club<\/em> : 9 sessions (60-70 min) sur les dilemmes \u00e9thiques (jusqu\u2019en ao\u00fbt 2025)<\/li>\n<li><em>MEC Policy Discussion Series<\/em> : alignement des perspectives JDN avec le Comit\u00e9 d\u2019\u00e9thique de l\u2019AMM<\/li>\n<li>D\u00e9veloppement d\u2019articles acad\u00e9miques (IA en soins intensifs, conflits arm\u00e9s, etc.)<\/li>\n<li>Contributions aux politiques de l\u2019AMM depuis une perspective de jeunes m\u00e9decins<\/li>\n<li>Collaboration inter-groupes pour int\u00e9grer l\u2019\u00e9thique dans toutes les initiatives du JDN<\/li>\n<\/ul>\n<p><strong>Publication r\u00e9cente :<\/strong><br \/>\n<em>Medical Ethics and Medical Education Special Edition<\/em>, avril 2025. <a href=\"https:\/\/www.wma.net\/wp-content\/uploads\/2025\/04\/糖心vlog视频-JDN-Bulletin-Med-EdEt-04-2025.pdf\">Lien<\/a><\/p>\n<hr \/>\n<h3>Groupe de travail \u00ab \u00c9changes m\u00e9dicaux, \u00e9ducation et mobilit\u00e9 internationale \u00bb<\/h3>\n<p><strong>Responsables :<\/strong> Merlinda Shazellenne (<a href=\"mailto:dr.merlinda@gmail.com\">dr.merlinda@gmail.com<\/a> \/ <a href=\"mailto:education.jdn@wma.net\">education.jdn@wma.net<\/a>) et Rui Louren\u00e7o Teixeira (<a href=\"mailto:rteixeira@edu.ulisboa.pt\">rteixeira@edu.ulisboa.pt<\/a>)<\/p>\n<p><strong>Mission :<\/strong><br \/>\nCr\u00e9er une plateforme d\u2019engagement pour les jeunes m\u00e9decins sur l\u2019\u00e9ducation m\u00e9dicale, les \u00e9changes et la mobilit\u00e9 internationale, afin de partager les connaissances, d\u00e9fendre la qualit\u00e9 de l\u2019enseignement et renforcer leur r\u00f4le dans l\u2019\u00e9laboration des politiques.<\/p>\n<p><strong>Objectifs &amp; Activit\u00e9s cl\u00e9s :<\/strong><\/p>\n<ul>\n<li>Partenariats avec des institutions de sant\u00e9 pour favoriser les \u00e9changes internationaux<\/li>\n<li>Conseils aux jeunes m\u00e9decins pour les carri\u00e8res en sant\u00e9 mondiale<\/li>\n<li>Participation \u00e0 l\u2019\u00e9laboration des normes WFME (CPD, post-gradu\u00e9)<\/li>\n<li>Repr\u00e9sentation aupr\u00e8s de l\u2019ONU, UNODC, MASEAN, etc.<\/li>\n<li>Organisation de webinaires de carri\u00e8re (ex. <em>Leading from the Frontline<\/em>, oct. 2025)<\/li>\n<li>R\u00e9vision de la R\u00e9solution AMM sur les ressources humaines m\u00e9dicales (adopt\u00e9e oct. 2023)<\/li>\n<li>Publication d\u2019un Bulletin sp\u00e9cial \u00ab \u00c9ducation m\u00e9dicale &amp; \u00c9thique \u00bb, avril 2025<\/li>\n<\/ul>\n<hr \/>\n<h3>Groupe de travail \u00ab Sant\u00e9 plan\u00e9taire \u00bb<\/h3>\n<p><strong>Responsables :<\/strong> Lekha Rathod (<a href=\"mailto:lekha.r91+gh@gmail.com\">lekha.r91+gh@gmail.com<\/a>) et Laura Jung (<a href=\"mailto:laurajung.gh@gmail.com\">laurajung.gh@gmail.com<\/a>)<\/p>\n<p><strong>Mission :<\/strong><br \/>\nMobiliser les jeunes m\u00e9decins \u00e0 l\u2019intersection de la sant\u00e9 humaine et de l\u2019environnement, en mettant l\u2019accent sur la crise climatique, les changements environnementaux mondiaux et l\u2019\u00e9quit\u00e9 en sant\u00e9.<\/p>\n<p><strong>Objectifs &amp; Activit\u00e9s :<\/strong><\/p>\n<ul>\n<li>Cr\u00e9er un espace de discussion et de projets sur la sant\u00e9 plan\u00e9taire<\/li>\n<li>Apporter une perspective de jeunes m\u00e9decins aux politiques de l\u2019AMM<\/li>\n<li>Participer aux r\u00e9unions internationales (UNFCCC, COP27-29, OMS, WHA75)<\/li>\n<li>R\u00e9diger et r\u00e9viser des politiques (ex. pollution de l\u2019air 2023-2024)<\/li>\n<li>Renforcer la repr\u00e9sentation des jeunes m\u00e9decins dans le Caucus environnemental de l\u2019AMM<\/li>\n<\/ul>\n<hr \/>\n<h3>Groupe de travail \u00ab Chirurgie mondiale \u00bb<\/h3>\n<p><strong>Responsables :<\/strong> Ramitha Eshan Ruwanpathirana (<a href=\"mailto:oakflute@gmail.com\">oakflute@gmail.com<\/a>) et Preeti Sawant (<a href=\"mailto:drpreetisawant@gmail.com\">drpreetisawant@gmail.com<\/a>)<\/p>\n<p><strong>Mission :<\/strong><br \/>\nPromouvoir l\u2019acc\u00e8s \u00e9quitable \u00e0 la chirurgie et \u00e0 l\u2019anesth\u00e9sie conform\u00e9ment \u00e0 l\u2019ODD 3, sensibiliser \u00e0 la chirurgie mondiale et encourager la participation internationale des professionnels de sant\u00e9.<\/p>\n<p><strong>Objectifs &amp; Activit\u00e9s :<\/strong><\/p>\n<ul>\n<li>Sensibilisation, plaidoyer et recherche pour des soins chirurgicaux de qualit\u00e9 partout<\/li>\n<li>Mentorat et d\u00e9veloppement de carri\u00e8re<\/li>\n<li>Collaboration avec des associations de chirurgie mondiale (InciSion, IASS, AAGS, G4)<\/li>\n<li>Webinaires et ateliers \u00e9ducatifs<\/li>\n<\/ul>\n<hr \/>\n<h3>Groupe de travail sur les maladies non transmissibles (MNT)<\/h3>\n<p><strong>Responsables :<\/strong> Dr Venkatesh Karthikeyan (<a href=\"mailto:4852012@gmail.com\">4852012@gmail.com<\/a>) et Dr Muha Hassan (<a href=\"mailto:muhaghp@gmail.com\">muhaghp@gmail.com<\/a>)<\/p>\n<p><strong>Mission :<\/strong><br \/>\nUnir et responsabiliser les jeunes m\u00e9decins pour mener des actions collaboratives contre les MNT par le plaidoyer, l\u2019\u00e9ducation, la recherche et l\u2019engagement politique.<\/p>\n<p><strong>Objectifs &amp; Activit\u00e9s :<\/strong><\/p>\n<ul>\n<li>Campagnes mondiales pour au moins deux journ\u00e9es de sant\u00e9 MNT par an<\/li>\n<li>Bulletin sp\u00e9cial MNT du JDN<\/li>\n<li>Soumissions de politiques \u00e0 l\u2019OMS et \u00e0 l\u2019Assembl\u00e9e mondiale de la Sant\u00e9<\/li>\n<li>Webinaires \u00e9ducatifs (journ\u00e9e mondiale du diab\u00e8te, journ\u00e9e sans tabac, etc.)<\/li>\n<li>Recherche multicentrique sur les besoins de formation en MNT et publication dans une revue internationale<\/li>\n<\/ul>\n<hr \/>\n<h3>Groupes de travail pass\u00e9s \/termin\u00e9s<\/h3>\n<p>Petits groupes ayant finalis\u00e9 leurs missions ou dont la politique de l\u2019AMM a \u00e9t\u00e9 adopt\u00e9e :<\/p>\n<ul>\n<li>R\u00e9f\u00e9rentiel du JDN 2024-2025<\/li>\n<li>10e anniversaire du JDN<\/li>\n<li>\u00c9thique des soins psychiatriques<\/li>\n<li>\u00c9changes m\u00e9dicaux post-gradu\u00e9s<\/li>\n<li>Conditions de travail<\/li>\n<li>Commerce et sant\u00e9<\/li>\n<li>Planification strat\u00e9gique<\/li>\n<li>Proc\u00e9dures \u00e9lectorales<\/li>\n<li>R\u00e9seaux sociaux<\/li>\n<li>Formation m\u00e9dicale post-gradu\u00e9e<\/li>\n<li>Sant\u00e9 et bien-\u00eatre des m\u00e9decins<\/li>\n<li>Changement climatique et sant\u00e9<\/li>\n<li>Activit\u00e9s li\u00e9es \u00e0 l\u2019OMS<\/li>\n<li>Formation en sant\u00e9 mondiale et implications<\/li>\n<li>Groupe de travail sur la sant\u00e9 et le bien-\u00eatre des m\u00e9decins<\/li>\n<\/ul>\n<hr \/>\n","protected":false},"excerpt":{"rendered":"<p>Petits groupes de travail Statut actif Groupe de travail sur la r\u00e9sistance aux antimicrobiens (AMR) Responsables : Pablo Estrella Porter (pestrellaporter@gmail.com) et Olayinka Fakorede (holaryinkafakorede@gmail.com) Soutien des anciens du JDN : Caline Mattar (mattar.caline@gmail.com) Mission : Accro\u00eetre la sensibilisation \u00e0 l\u2019\u00e9mergence de la r\u00e9sistance aux antimicrobiens, au r\u00f4le essentiel de la gestion de cette r\u00e9sistance [&hellip;]<\/p>\n","protected":false},"author":24,"featured_media":0,"parent":791,"menu_order":6,"comment_status":"closed","ping_status":"closed","template":"","meta":[],"acf":[],"_links":{"self":[{"href":"https:\/\/www.wma.net\/fr\/wp-json\/wp\/v2\/pages\/21512"}],"collection":[{"href":"https:\/\/www.wma.net\/fr\/wp-json\/wp\/v2\/pages"}],"about":[{"href":"https:\/\/www.wma.net\/fr\/wp-json\/wp\/v2\/types\/page"}],"author":[{"embeddable":true,"href":"https:\/\/www.wma.net\/fr\/wp-json\/wp\/v2\/users\/24"}],"replies":[{"embeddable":true,"href":"https:\/\/www.wma.net\/fr\/wp-json\/wp\/v2\/comments?post=21512"}],"version-history":[{"count":19,"href":"https:\/\/www.wma.net\/fr\/wp-json\/wp\/v2\/pages\/21512\/revisions"}],"predecessor-version":[{"id":25287,"href":"https:\/\/www.wma.net\/fr\/wp-json\/wp\/v2\/pages\/21512\/revisions\/25287"}],"up":[{"embeddable":true,"href":"https:\/\/www.wma.net\/fr\/wp-json\/wp\/v2\/pages\/791"}],"wp:attachment":[{"href":"https:\/\/www.wma.net\/fr\/wp-json\/wp\/v2\/media?parent=21512"}],"curies":[{"name":"wp","href":"https:\/\/api.w.org\/{rel}","templated":true}]}}