  {"id":2734,"date":"2016-11-22T12:33:44","date_gmt":"2016-11-22T12:33:44","guid":{"rendered":"https:\/\/www.wma.net\/?page_id=2734\/"},"modified":"2017-02-06T17:26:49","modified_gmt":"2017-02-06T17:26:49","slug":"campaigns","status":"publish","type":"page","link":"https:\/\/www.wma.net\/fr\/ce-que-nous-faisons\/campaigns\/","title":{"rendered":"Campaigns"},"content":{"rendered":"<p>En tant qu\u2019organisation repr\u00e9sentant les int\u00e9r\u00eats de plus de 9 millions de m\u00e9decins dans le monde, l\u2019Association M\u00e9dicale Mondiale s\u2019implique souvent dans des campagnes mondiales destin\u00e9es \u00e0 sensibiliser davantage les m\u00e9decins sur les questions touchant la profession m\u00e9dicale. L\u2019AMM agit par le biais de ses membres pour encourager les actions, atteindre les m\u00e9decins individuels sur le terrain et plaider pour l&rsquo;application de ses politiques. L\u2019objectif est d\u2019assurer la d\u00e9livrance de soins de la plus grande qualit\u00e9 possible et selon les plus hautes normes \u00e9thiques et d\u2019am\u00e9liorer la sant\u00e9 de tous.<\/p>\n","protected":false},"excerpt":{"rendered":"<p>En tant qu\u2019organisation repr\u00e9sentant les int\u00e9r\u00eats de plus de 9 millions de m\u00e9decins dans le monde, l\u2019Association M\u00e9dicale Mondiale s\u2019implique souvent dans des campagnes mondiales destin\u00e9es \u00e0 sensibiliser davantage les m\u00e9decins sur les questions touchant la profession m\u00e9dicale. L\u2019AMM agit par le biais de ses membres pour encourager les actions, atteindre les m\u00e9decins individuels sur [&hellip;]<\/p>\n","protected":false},"author":2,"featured_media":0,"parent":618,"menu_order":5,"comment_status":"closed","ping_status":"closed","template":"","meta":[],"acf":[],"_links":{"self":[{"href":"https:\/\/www.wma.net\/fr\/wp-json\/wp\/v2\/pages\/2734"}],"collection":[{"href":"https:\/\/www.wma.net\/fr\/wp-json\/wp\/v2\/pages"}],"about":[{"href":"https:\/\/www.wma.net\/fr\/wp-json\/wp\/v2\/types\/page"}],"author":[{"embeddable":true,"href":"https:\/\/www.wma.net\/fr\/wp-json\/wp\/v2\/users\/2"}],"replies":[{"embeddable":true,"href":"https:\/\/www.wma.net\/fr\/wp-json\/wp\/v2\/comments?post=2734"}],"version-history":[{"count":2,"href":"https:\/\/www.wma.net\/fr\/wp-json\/wp\/v2\/pages\/2734\/revisions"}],"predecessor-version":[{"id":5777,"href":"https:\/\/www.wma.net\/fr\/wp-json\/wp\/v2\/pages\/2734\/revisions\/5777"}],"up":[{"embeddable":true,"href":"https:\/\/www.wma.net\/fr\/wp-json\/wp\/v2\/pages\/618"}],"wp:attachment":[{"href":"https:\/\/www.wma.net\/fr\/wp-json\/wp\/v2\/media?parent=2734"}],"curies":[{"name":"wp","href":"https:\/\/api.w.org\/{rel}","templated":true}]}}