  {"id":622,"date":"2016-11-22T12:10:27","date_gmt":"2016-11-22T12:10:27","guid":{"rendered":"https:\/\/www.wma.net\/fr\/?page_id=622"},"modified":"2019-06-06T13:56:38","modified_gmt":"2019-06-06T12:56:38","slug":"ethique","status":"publish","type":"page","link":"https:\/\/www.wma.net\/fr\/ce-que-nous-faisons\/ethique\/","title":{"rendered":"Ethique M\u00e9dicale"},"content":{"rendered":"<p>Depuis sa fondation en 1947 l&rsquo;AMM a pour objectif essentiel d&rsquo;\u00e9tablir et de promouvoir les plus hautes normes possibles de comportement \u00e9thique et de soins par les m\u00e9decins. Dans cette optique l\u2019AMM a adopt\u00e9 des politiques mondiales sur une s\u00e9rie de questions \u00e9thiques relatives au professionnalisme m\u00e9dical, aux soins des patients, \u00e0 la recherche sur les sujets humains et sur la sant\u00e9 publique.\u00a0 Le Conseil de l\u2019AMM et ses comit\u00e9s permanents r\u00e9visent r\u00e9guli\u00e8rement les politiques existantes pour les actualiser. Il r\u00e9dige aussi de nouvelles politiques sur les questions \u00e9thiques \u00e9mergentes.<\/p>\n<p>L\u2019AMM est un centre de ressources \u00e9thiques pour ses membres et coop\u00e8re avec des institutions acad\u00e9miques et des organisations mondiales concern\u00e9es par les questions \u00e9thiques ainsi qu&rsquo;avec des experts dans le domaine de l&rsquo;\u00e9thique m\u00e9dicale.<\/p>\n<p>L\u2019AMM a adopt\u00e9 de nombreuses politiques reconnues sur le plan international comme \u00e9tant la \u00a0norme \u00a0\u00e9thique mondiale pour les domaines abord\u00e9s par ces politiques. La s\u00e9lection suivante pr\u00e9sente quelques unes des politiques \u00e9thiques majeures de l\u2019AMM.<\/p>\n","protected":false},"excerpt":{"rendered":"<p>Depuis sa fondation en 1947 l&rsquo;AMM a pour objectif essentiel d&rsquo;\u00e9tablir et de promouvoir les plus hautes normes possibles de comportement \u00e9thique et de soins par les m\u00e9decins. Dans cette optique l\u2019AMM a adopt\u00e9 des politiques mondiales sur une s\u00e9rie de questions \u00e9thiques relatives au professionnalisme m\u00e9dical, aux soins des patients, \u00e0 la recherche sur [&hellip;]<\/p>\n","protected":false},"author":3,"featured_media":0,"parent":618,"menu_order":0,"comment_status":"closed","ping_status":"closed","template":"","meta":[],"acf":[],"_links":{"self":[{"href":"https:\/\/www.wma.net\/fr\/wp-json\/wp\/v2\/pages\/622"}],"collection":[{"href":"https:\/\/www.wma.net\/fr\/wp-json\/wp\/v2\/pages"}],"about":[{"href":"https:\/\/www.wma.net\/fr\/wp-json\/wp\/v2\/types\/page"}],"author":[{"embeddable":true,"href":"https:\/\/www.wma.net\/fr\/wp-json\/wp\/v2\/users\/3"}],"replies":[{"embeddable":true,"href":"https:\/\/www.wma.net\/fr\/wp-json\/wp\/v2\/comments?post=622"}],"version-history":[{"count":8,"href":"https:\/\/www.wma.net\/fr\/wp-json\/wp\/v2\/pages\/622\/revisions"}],"predecessor-version":[{"id":12768,"href":"https:\/\/www.wma.net\/fr\/wp-json\/wp\/v2\/pages\/622\/revisions\/12768"}],"up":[{"embeddable":true,"href":"https:\/\/www.wma.net\/fr\/wp-json\/wp\/v2\/pages\/618"}],"wp:attachment":[{"href":"https:\/\/www.wma.net\/fr\/wp-json\/wp\/v2\/media?parent=622"}],"curies":[{"name":"wp","href":"https:\/\/api.w.org\/{rel}","templated":true}]}}