  {"id":649,"date":"2016-11-22T12:26:36","date_gmt":"2016-11-22T12:26:36","guid":{"rendered":"https:\/\/www.wma.net\/fr\/?page_id=649"},"modified":"2019-06-06T14:10:21","modified_gmt":"2019-06-06T13:10:21","slug":"sante-publique","status":"publish","type":"page","link":"https:\/\/www.wma.net\/fr\/ce-que-nous-faisons\/sante-publique\/","title":{"rendered":"Sant\u00e9 Publique"},"content":{"rendered":"<p>La Sant\u00e9 publique se r\u00e9f\u00e8re aux soins et \u00e0 la promotion de la sant\u00e9 d\u2019une certaine population ou d\u2019un certain groupe de population. La sant\u00e9 publique n\u2019implique pas directement la d\u00e9livrance de soins m\u00e9dicaux aux individus mais l\u2019AMM sait cependant que les m\u00e9decins jouent un r\u00f4le dans le domaine de la sant\u00e9 publique. Les m\u00e9decins ont la responsabilit\u00e9 de veiller \u00e0 la sant\u00e9 des individus tout en ayant conscience de la sant\u00e9 publique. L\u2019AMM insiste sur le fait que la sant\u00e9 publique ne doit pas \u00eatre trait\u00e9e \u00e0 part et qu\u2019elle est intrins\u00e8quement li\u00e9e \u00e0 la sant\u00e9, aux soins de sant\u00e9 et aux soins m\u00e9dicaux individuels. L\u2019AMM plaide en faveur de syst\u00e8mes de sant\u00e9 int\u00e9gr\u00e9s dans lesquels \u00e0 la fois la sant\u00e9 publique et la sant\u00e9 individuelle peuvent \u00eatre trait\u00e9es. Des soins primaires, secondaires et tertiaires de grande qualit\u00e9 sont essentiels pour que le syst\u00e8me de sant\u00e9 fonctionne bien. Un manque \u00e0 l\u2019un de ces niveaux pourrait menacer gravement la sant\u00e9 publique. Les d\u00e9placements a\u00e9riens entre les r\u00e9gions et les continents, l\u2019apparition du VIH\/SIDA, le retour de la tuberculose, la persistance de la malaria, le SRAS et la pand\u00e9mie de grippe ont d\u00e9montr\u00e9 que la vigilance en mati\u00e8re de sant\u00e9 publique est plus importante que jamais. La R\u00e9glementation Sanitaire Internationale de l\u2019Organisation Mondiale de la Sant\u00e9 \u00e9tablit un syst\u00e8me obligatoire d\u2019informations mutuelles et de vigilance afin d\u2019aider \u00e0 lutter et \u00e0 endiguer l\u2019apparition de maladies transmissibles.<\/p>\n<p>Contrairement au pass\u00e9 o\u00f9 la sant\u00e9 publique s\u2019axait essentiellement sur les maladies transmissibles et l\u2019assainissement, aujourd\u2019hui la sant\u00e9 publique analyse une s\u00e9rie de d\u00e9terminants g\u00e9n\u00e9raux de la sant\u00e9 et se concentre sur la promotion de la sant\u00e9 et les actions de pr\u00e9vention. La sant\u00e9 publique est lourdement influenc\u00e9e par les facteurs sociaux et devrait donc \u00eatre abord\u00e9e dans une vaste perspective. Une approche compl\u00e8te de la sant\u00e9 publique devrait prendre en compte tous les d\u00e9terminants sociaux de la sant\u00e9, les maladies non transmissibles et le mode de vie, au del\u00e0 des composants traditionnels des maladies transmissibles et de l\u2019assainissement. Actuellement dans le domaine de la sant\u00e9 publique, l\u2019AMM travaille au contr\u00f4le des pand\u00e9mies, \u00e0 la lutte contre le tabac, \u00e0 la consommation nocive de l\u2019alcool, \u00e0 l\u2019alimentation, \u00e0 l\u2019ob\u00e9sit\u00e9 et au manque d\u2019exercice physique et \u00e0 la tuberculose pharmaco-r\u00e9sistante.<\/p>\n","protected":false},"excerpt":{"rendered":"<p>La Sant\u00e9 publique se r\u00e9f\u00e8re aux soins et \u00e0 la promotion de la sant\u00e9 d\u2019une certaine population ou d\u2019un certain groupe de population. La sant\u00e9 publique n\u2019implique pas directement la d\u00e9livrance de soins m\u00e9dicaux aux individus mais l\u2019AMM sait cependant que les m\u00e9decins jouent un r\u00f4le dans le domaine de la sant\u00e9 publique. Les m\u00e9decins [&hellip;]<\/p>\n","protected":false},"author":3,"featured_media":0,"parent":618,"menu_order":2,"comment_status":"closed","ping_status":"closed","template":"","meta":[],"acf":[],"_links":{"self":[{"href":"https:\/\/www.wma.net\/fr\/wp-json\/wp\/v2\/pages\/649"}],"collection":[{"href":"https:\/\/www.wma.net\/fr\/wp-json\/wp\/v2\/pages"}],"about":[{"href":"https:\/\/www.wma.net\/fr\/wp-json\/wp\/v2\/types\/page"}],"author":[{"embeddable":true,"href":"https:\/\/www.wma.net\/fr\/wp-json\/wp\/v2\/users\/3"}],"replies":[{"embeddable":true,"href":"https:\/\/www.wma.net\/fr\/wp-json\/wp\/v2\/comments?post=649"}],"version-history":[{"count":12,"href":"https:\/\/www.wma.net\/fr\/wp-json\/wp\/v2\/pages\/649\/revisions"}],"predecessor-version":[{"id":12778,"href":"https:\/\/www.wma.net\/fr\/wp-json\/wp\/v2\/pages\/649\/revisions\/12778"}],"up":[{"embeddable":true,"href":"https:\/\/www.wma.net\/fr\/wp-json\/wp\/v2\/pages\/618"}],"wp:attachment":[{"href":"https:\/\/www.wma.net\/fr\/wp-json\/wp\/v2\/media?parent=649"}],"curies":[{"name":"wp","href":"https:\/\/api.w.org\/{rel}","templated":true}]}}