  {"id":651,"date":"2016-11-22T12:27:08","date_gmt":"2016-11-22T12:27:08","guid":{"rendered":"https:\/\/www.wma.net\/fr\/?page_id=651"},"modified":"2020-12-08T15:00:29","modified_gmt":"2020-12-08T15:00:29","slug":"maladies-non-transmissibles","status":"publish","type":"page","link":"https:\/\/www.wma.net\/fr\/ce-que-nous-faisons\/sante-publique\/maladies-non-transmissibles\/","title":{"rendered":"Maladies non Transmissibles"},"content":{"rendered":"<p>Les maladies chroniques sont un d\u00e9fi sans cesse plus grand pour tous les syst\u00e8mes de sant\u00e9. Mis \u00e0 part les maladies chroniques li\u00e9es \u00e0 une infection, bon nombre de&nbsp; maladies non transmissibles (MNT), principalement les maladies cardiovasculaires, les cancers,&nbsp; le diab\u00e8te, l\u2019ob\u00e9sit\u00e9, les maladies respiratoires chroniques, les maladies musculo-squelettiques et les troubles mentaux , menacent s\u00e9rieusement la sant\u00e9 et le d\u00e9veloppement des humains dans le monde actuel. Statistiquement, ces facteurs de MNT sont les causes majeures de d\u00e9c\u00e8s dans le monde. Les maladies non transmissibles r\u00e9sultent d\u2019une combinaison de divers facteurs g\u00e9n\u00e9tiques, environnementaux et en particulier des facteurs de mode de vie dont le tabac, l&rsquo;abus d&rsquo;alcool, la mauvaise alimentation et l&rsquo;inactivit\u00e9 physique. Les MNT pr\u00e9valent souvent dans les populations et les r\u00e9gions d\u00e9favoris\u00e9es et&nbsp; repr\u00e9sentent un obstacle majeur au d\u00e9veloppement \u00e9conomique de nombreux pays.<\/p>\n<p>Le fardeau&nbsp; des maladies li\u00e9es aux MNT est souvent multiple et chronique et les souffrances de l\u2019individu importantes. Seule une approche collaborative et holistique, bas\u00e9e sur les soins primaires,&nbsp; peut \u00eatre efficace.&nbsp;L\u2019AMM plaide en faveur d\u2019une approche compl\u00e8te liant les facteurs de risques individuels aux d\u00e9terminants sociaux et \u00e9conomiques de la sant\u00e9, aux conditions de naissance, de croissance, de vie, de travail et de vieillissement et \u00e0 l&rsquo;impact soci\u00e9tal. A partir de l\u00e0 les \u00e9tats membres doivent s\u2019attaquer aux MNT conjointement aux DSS et aux maladies transmissibles et non pas en les isolant, dans une approche verticale.<\/p>\n<h4>Contr\u00f4le du tabac<\/h4>\n<p>Le tabac est une cause majeure et \u00e9vitable de d\u00e9c\u00e8s dans le monde. Il provoque plusieurs millions de morts chaque ann\u00e9e dans le monde. La consommation de tabac affecte tous les organes, est un facteurs de risques pour six des huit causes principales de d\u00e9c\u00e8s dans le monde.<\/p>\n<p>Le tabagisme passif est \u00e9galement dangereux pour la sant\u00e9 et provoque des maladies cardiaques et de nombreuses maladies respiratoires et cardiovasculaires chez les adultes pouvant s\u2019av\u00e9rer l\u00e9tales. On estime que 700 millions d\u2019enfants, soit presque la moiti\u00e9 des enfants dans le monde, respirent un air pollu\u00e9 par le tabac, en particulier \u00e0 la maison. Toute exposition au tabagisme passif pr\u00e9sente un danger&nbsp;; uniquement un environnement totalement &nbsp;sans fumeur garantit une totale protection.<\/p>\n<p>Les m\u00e9decins en tant que personnes respect\u00e9es et fiables peuvent&nbsp; contribuer \u00e0 l\u2019arr\u00eat du tabac en \u00e9duquant et en sensibilisant les patients au cours des consultations.<\/p>\n<p>Pendant la p\u00e9riode difficile d\u2019arr\u00eat du tabac les m\u00e9decins peuvent proposer une aide r\u00e9guli\u00e8re aux patients, un traitement pharmacologique et une prophylaxie de r\u00e9cidive. Ces actions favorisent \u00e0 raison de 15-20% l\u2019arr\u00eat du tabac.<\/p>\n<h4>Alcool et sant\u00e9<\/h4>\n<p>En d\u00e9pit des cons\u00e9quences d\u00e9l\u00e9t\u00e8res de l\u2019usage nocif de l\u2019alcool sur les plans social, \u00e9conomique et sanitaire, la consommation d\u2019alcool reste un ph\u00e9nom\u00e8ne commun au niveau mondial. Les degr\u00e9s de consommation varient en fonction du d\u00e9veloppement \u00e9conomique, des normes culturelles, de la disponibilit\u00e9 de l\u2019alcool et de la l\u00e9gislation y aff\u00e9rente. Par exemple, la consommation d\u2019alcool est plus importante et les \u00e9pisodes d\u2019alcoolisation excessive plus nombreux dans les pays b\u00e9n\u00e9ficiant de revenus \u00e9lev\u00e9s. Il n\u2019en demeure pas moins que les effets de l\u2019usage nocif de l\u2019alcool sont connus dans le monde entier. De fait, la consommation d\u2019alcool a contribu\u00e9 \u00e0 pr\u00e8s de 6&nbsp;% de l\u2019ensemble des d\u00e9c\u00e8s au niveau mondial en&nbsp;2012, notamment parce que l\u2019alcool est un facteur significatif de maladies non transmissibles, telles que les maladies cardiovasculaires et certains cancers, en plus d\u2019\u00eatre \u00e0 l\u2019origine de nombreux accidents et de violences ayant occasionn\u00e9 des blessures (<a href=\"http:\/\/www.who.int\/mediacentre\/factsheets\/fs349\/fr\/\">OMS<\/a>, 2015).<\/p>\n<p>L\u2019AMM est consciente des effets d\u00e9l\u00e9t\u00e8res d\u2019une consommation excessive d\u2019alcool et elle s\u2019\u00e9vertue \u00e0 agir pour r\u00e9duire cette consommation, tout en appuyant ses membres dans leurs efforts pour favoriser des politiques de r\u00e9duction des risques, comme en t\u00e9moignent sa <a href=\"https:\/\/www.wma.net\/fr\/policies-post\/prise-de-position-de-lamm-concernant-la-reduction-de-limpact-de-lalcoolisme-sur-la-sante-et-la-societe-dans-le-monde\/\">prise de position concernant la r\u00e9duction de l\u2019impact de l\u2019alcoolisme sur la sant\u00e9 et la soci\u00e9t\u00e9 dans le monde<\/a> et sa <a href=\"https:\/\/www.wma.net\/fr\/policies-post\/declaration-de-lamm-sur-lalcool\/\">d\u00e9claration sur l\u2019alcool<\/a>.<\/p>\n<h4>Traiter des probl\u00e8mes li\u00e9s aux MNT<\/h4>\n<p>Le renforcement des syst\u00e8mes&nbsp; de sant\u00e9 et des mesures pr\u00e9ventives efficaces face aux maladies en g\u00e9n\u00e9ral contribueraient \u00e0 am\u00e9liorer les soins de sant\u00e9 en g\u00e9n\u00e9ral et donc \u00e0 am\u00e9liorer le traitement aussi des maladies non transmissibles que transmissibles.<\/p>\n<p>C\u2019est pourquoi l&rsquo;AMM a r\u00e9dig\u00e9 les messages cl\u00e9s suivants concernant la prise en charge de l&rsquo;\u00e9pid\u00e9mie de MNT. L&rsquo;AMM encourage:<\/p>\n<p>&#8211; l\u2019adoption d\u2019une approche holistique bas\u00e9e sur les facteurs de risques fr\u00e9quents. Cette approche s\u2019appliquerait de mani\u00e8re identique aux maladies transmissibles.<\/p>\n<p>&#8211; Le focus sur un acc\u00e8s \u00e9quitable aux soins de sant\u00e9 en tant que droit humain afin de lutter contre les grandes disparit\u00e9s au sein d\u2019un m\u00eame pays et entre les diff\u00e9rents pays.<\/p>\n","protected":false},"excerpt":{"rendered":"<p>Les maladies chroniques sont un d\u00e9fi sans cesse plus grand pour tous les syst\u00e8mes de sant\u00e9. Mis \u00e0 part les maladies chroniques li\u00e9es \u00e0 une infection, bon nombre de&nbsp; maladies non transmissibles (MNT), principalement les maladies cardiovasculaires, les cancers,&nbsp; le diab\u00e8te, l\u2019ob\u00e9sit\u00e9, les maladies respiratoires chroniques, les maladies musculo-squelettiques et les troubles mentaux , menacent [&hellip;]<\/p>\n","protected":false},"author":3,"featured_media":0,"parent":649,"menu_order":0,"comment_status":"closed","ping_status":"closed","template":"","meta":[],"acf":[],"_links":{"self":[{"href":"https:\/\/www.wma.net\/fr\/wp-json\/wp\/v2\/pages\/651"}],"collection":[{"href":"https:\/\/www.wma.net\/fr\/wp-json\/wp\/v2\/pages"}],"about":[{"href":"https:\/\/www.wma.net\/fr\/wp-json\/wp\/v2\/types\/page"}],"author":[{"embeddable":true,"href":"https:\/\/www.wma.net\/fr\/wp-json\/wp\/v2\/users\/3"}],"replies":[{"embeddable":true,"href":"https:\/\/www.wma.net\/fr\/wp-json\/wp\/v2\/comments?post=651"}],"version-history":[{"count":17,"href":"https:\/\/www.wma.net\/fr\/wp-json\/wp\/v2\/pages\/651\/revisions"}],"predecessor-version":[{"id":15680,"href":"https:\/\/www.wma.net\/fr\/wp-json\/wp\/v2\/pages\/651\/revisions\/15680"}],"up":[{"embeddable":true,"href":"https:\/\/www.wma.net\/fr\/wp-json\/wp\/v2\/pages\/649"}],"wp:attachment":[{"href":"https:\/\/www.wma.net\/fr\/wp-json\/wp\/v2\/media?parent=651"}],"curies":[{"name":"wp","href":"https:\/\/api.w.org\/{rel}","templated":true}]}}