  {"id":653,"date":"2016-11-22T12:27:38","date_gmt":"2016-11-22T12:27:38","guid":{"rendered":"https:\/\/www.wma.net\/fr\/?page_id=653"},"modified":"2019-06-06T14:12:57","modified_gmt":"2019-06-06T13:12:57","slug":"maladies-transmissibles","status":"publish","type":"page","link":"https:\/\/www.wma.net\/fr\/ce-que-nous-faisons\/sante-publique\/maladies-transmissibles\/","title":{"rendered":"Maladies Transmissibles"},"content":{"rendered":"<p>Les maladies transmissibles sont encore une menace majeure de sant\u00e9 publique dans le monde. La malaria et VIH\/SIDA tuent \u00e9norm\u00e9ment de personnes, les populations des pays pauvres \u00e9tant les plus touch\u00e9es. La r\u00e9sistance aux antimicrobiens qui se d\u00e9veloppe rapidement a conduit \u00e0 renforcer la menace que constituent les maladies infectieuses. M\u00eame si les m\u00e9dicaments anti-tuberculiniques existent et si l\u2019on sait traiter la tuberculose et la tuberculose pharmaco-r\u00e9sistante, des millions de gens meurent de la TB chaque ann\u00e9e. L\u2019apparition du SRAS en 2002 a bien montr\u00e9 que les nombreux voyages d\u2019un continent \u00e0 l\u2019autre acc\u00e9l\u00e9raient la propagation mondiale de graves infections.\u00a0\u00a0 Autrefois une pand\u00e9mie demandait des mois, voir m\u00eame des ann\u00e9es, aujourd\u2019hui le monde est confront\u00e9 \u00e0 des pand\u00e9mies pouvant \u00a0se d\u00e9clarer en quelques jours.\u00a0\u00a0 M\u00eame les changements climatiques impactent l\u2019incidence des maladies transmissibles. Face \u00e0 cette dure r\u00e9alit\u00e9, des mesures de pr\u00e9vention et de contr\u00f4le\u00a0 des maladies transmissibles doivent \u00eatre une priorit\u00e9.<\/p>\n<p>En 1996, l\u2019AMM a publi\u00e9 une premi\u00e8re version de sa politique sur la r\u00e9sistance aux anti microbiens. Cette politique indiquait qu\u2019en l\u2019absence de mesures appropri\u00e9es, la r\u00e9sistance aux antimicrobiens deviendrait un probl\u00e8me majeur pour la m\u00e9decine. Cet appel \u00e0 agir n\u2019a pas \u00e9t\u00e9 entendu. A quelques exceptions pr\u00e8s aucune action n\u2019a \u00e9t\u00e9 entreprise et les pires pr\u00e9dictions sur la r\u00e9sistance aux antimicrobiens se sont av\u00e9r\u00e9es exactes. La r\u00e9sistance aux antimicrobiens est d\u00e9sormais l&rsquo;une des raisons les plus fr\u00e9quentes de mortalit\u00e9 li\u00e9e \u00e0 une infection. Une telle situation aurait pu \u00eatre \u00e9vit\u00e9e.<\/p>\n","protected":false},"excerpt":{"rendered":"<p>Les maladies transmissibles sont encore une menace majeure de sant\u00e9 publique dans le monde. La malaria et VIH\/SIDA tuent \u00e9norm\u00e9ment de personnes, les populations des pays pauvres \u00e9tant les plus touch\u00e9es. La r\u00e9sistance aux antimicrobiens qui se d\u00e9veloppe rapidement a conduit \u00e0 renforcer la menace que constituent les maladies infectieuses. M\u00eame si les m\u00e9dicaments anti-tuberculiniques [&hellip;]<\/p>\n","protected":false},"author":3,"featured_media":0,"parent":649,"menu_order":1,"comment_status":"closed","ping_status":"closed","template":"","meta":[],"acf":[],"_links":{"self":[{"href":"https:\/\/www.wma.net\/fr\/wp-json\/wp\/v2\/pages\/653"}],"collection":[{"href":"https:\/\/www.wma.net\/fr\/wp-json\/wp\/v2\/pages"}],"about":[{"href":"https:\/\/www.wma.net\/fr\/wp-json\/wp\/v2\/types\/page"}],"author":[{"embeddable":true,"href":"https:\/\/www.wma.net\/fr\/wp-json\/wp\/v2\/users\/3"}],"replies":[{"embeddable":true,"href":"https:\/\/www.wma.net\/fr\/wp-json\/wp\/v2\/comments?post=653"}],"version-history":[{"count":7,"href":"https:\/\/www.wma.net\/fr\/wp-json\/wp\/v2\/pages\/653\/revisions"}],"predecessor-version":[{"id":12783,"href":"https:\/\/www.wma.net\/fr\/wp-json\/wp\/v2\/pages\/653\/revisions\/12783"}],"up":[{"embeddable":true,"href":"https:\/\/www.wma.net\/fr\/wp-json\/wp\/v2\/pages\/649"}],"wp:attachment":[{"href":"https:\/\/www.wma.net\/fr\/wp-json\/wp\/v2\/media?parent=653"}],"curies":[{"name":"wp","href":"https:\/\/api.w.org\/{rel}","templated":true}]}}