  {"id":657,"date":"2016-11-22T12:28:46","date_gmt":"2016-11-22T12:28:46","guid":{"rendered":"https:\/\/www.wma.net\/fr\/?page_id=657"},"modified":"2019-06-06T14:52:38","modified_gmt":"2019-06-06T13:52:38","slug":"produits-chimiques","status":"publish","type":"page","link":"https:\/\/www.wma.net\/fr\/ce-que-nous-faisons\/sante-publique\/produits-chimiques\/","title":{"rendered":"Produits chimiques"},"content":{"rendered":"<p>Les progr\u00e8s de la recherche environnementale\u00a0 ont contribu\u00e9 \u00e0 mettre en lumi\u00e8re les inqui\u00e9tudes manifestes li\u00e9es aux graves dangers potentiels de certains produits chimiques sur la sant\u00e9 humaine.<\/p>\n<p>Depuis 2006, <strong>l\u2019Approche\u00a0 strat\u00e9gique de la gestion internationale des<\/strong> <strong>Produits Chimiques<\/strong> (SAICM) vise \u00e0 promouvoir une gestion saine des produits chimiques. La\u00a0 SAICM est un cadre politique plurisectoriel et pluripartite dont le but est de promouvoir la gestion saine des produits chimiques et des d\u00e9chets dangereux dans le contexte du d\u00e9veloppement durable. Depuis 2009 elle demande un engagement plus fort du secteur de la sant\u00e9 dans la mise en place de l\u2019approche strat\u00e9gique, en consultation avec l\u2019OMS. Une plus grande attention est demand\u00e9e afin\u00a0 que les personnes particuli\u00e8rement vuln\u00e9rables de la soci\u00e9t\u00e9 soient prot\u00e9g\u00e9es des risques li\u00e9s aux produits chimiques dangereux, \u00e0 savoir les enfants et les travailleurs. L\u2019AMM est impliqu\u00e9e dans le d\u00e9veloppement d\u2019une strat\u00e9gie visant \u00e0 une plus grande implication du secteur de la sant\u00e9 dans la SAICM.<\/p>\n<h3>Mercure<\/h3>\n<p>Le mercure, m\u00eame \u00e0 des doses relativement faibles, peut \u00eatre tr\u00e8s n\u00e9faste pour la sant\u00e9, notamment au niveau neurologique. Le mercure faisait partie de nombreux appareils\/instruments m\u00e9dicaux, principalement des thermom\u00e8tres et des sphygmomanom\u00e8tres. Ces instruments se cassent ou fuient r\u00e9guli\u00e8rement et viennent aggraver le fl\u00e9au que repr\u00e9sente le mercure pour l\u2019environnement \u00a0et exposent le personnel de sant\u00e9 aux graves effets du m\u00e9tal proprement dit.<\/p>\n<p>Un nombre croissant d\u2019organisations sanitaires et environnementales d\u00e9fendent et g\u00e8rent des projets dans le monde entier pour r\u00e9duire la surexposition au mercure des enfants et des adultes et pour \u00e9tudier comment remplacer les \u00e9quipements m\u00e9dicaux \u00e0 base de mercure par d\u2019autres\u00a0 financi\u00e8rement abordables, pr\u00e9cis et s\u00fbrs.<\/p>\n<p>En 2008 l\u2019AMM s\u2019est associ\u00e9e au\u00a0<strong>UNEP Global Mercury Partnership <\/strong>et en particulier au <u>\u201cMercury in products\u201d<\/u>, partageant ainsi l\u2019objectif de ce partenariat qui est de prot\u00e9ger la sant\u00e9 humaine et l\u2019environnement contre la lib\u00e9ration de mercure et de ses composants.<\/p>\n<p>En 2013 les pays ont adopt\u00e9\u00a0 <a href=\"http:\/\/www.mercuryconvention.org\/Convention\/tabid\/3426\/Default.aspx\" target=\"_blank\" rel=\"noopener noreferrer\"><strong>la Convention de Minamata sur le mercure<\/strong><\/a>, un accord environnemental multilat\u00e9ral et contractuel. Elle r\u00e9glemente l\u2019utilisation et la lib\u00e9ration dans l\u2019environnement du mercure par des secteurs tels que l\u2019orpaillage artisanal, la combustion au charbon et les produits contenant du mercure. L&rsquo;AMM a \u00e9t\u00e9 impliqu\u00e9e dans le processus de n\u00e9gociation du Pacte.<\/p>\n","protected":false},"excerpt":{"rendered":"<p>Les progr\u00e8s de la recherche environnementale\u00a0 ont contribu\u00e9 \u00e0 mettre en lumi\u00e8re les inqui\u00e9tudes manifestes li\u00e9es aux graves dangers potentiels de certains produits chimiques sur la sant\u00e9 humaine. Depuis 2006, l\u2019Approche\u00a0 strat\u00e9gique de la gestion internationale des Produits Chimiques (SAICM) vise \u00e0 promouvoir une gestion saine des produits chimiques. La\u00a0 SAICM est un cadre politique [&hellip;]<\/p>\n","protected":false},"author":3,"featured_media":0,"parent":649,"menu_order":3,"comment_status":"closed","ping_status":"closed","template":"","meta":[],"acf":[],"_links":{"self":[{"href":"https:\/\/www.wma.net\/fr\/wp-json\/wp\/v2\/pages\/657"}],"collection":[{"href":"https:\/\/www.wma.net\/fr\/wp-json\/wp\/v2\/pages"}],"about":[{"href":"https:\/\/www.wma.net\/fr\/wp-json\/wp\/v2\/types\/page"}],"author":[{"embeddable":true,"href":"https:\/\/www.wma.net\/fr\/wp-json\/wp\/v2\/users\/3"}],"replies":[{"embeddable":true,"href":"https:\/\/www.wma.net\/fr\/wp-json\/wp\/v2\/comments?post=657"}],"version-history":[{"count":11,"href":"https:\/\/www.wma.net\/fr\/wp-json\/wp\/v2\/pages\/657\/revisions"}],"predecessor-version":[{"id":12816,"href":"https:\/\/www.wma.net\/fr\/wp-json\/wp\/v2\/pages\/657\/revisions\/12816"}],"up":[{"embeddable":true,"href":"https:\/\/www.wma.net\/fr\/wp-json\/wp\/v2\/pages\/649"}],"wp:attachment":[{"href":"https:\/\/www.wma.net\/fr\/wp-json\/wp\/v2\/media?parent=657"}],"curies":[{"name":"wp","href":"https:\/\/api.w.org\/{rel}","templated":true}]}}