  {"id":659,"date":"2016-11-22T12:29:12","date_gmt":"2016-11-22T12:29:12","guid":{"rendered":"https:\/\/www.wma.net\/fr\/?page_id=659"},"modified":"2019-06-06T14:37:23","modified_gmt":"2019-06-06T13:37:23","slug":"sante-verte","status":"publish","type":"page","link":"https:\/\/www.wma.net\/fr\/ce-que-nous-faisons\/sante-publique\/sante-verte\/","title":{"rendered":"Sant\u00e9 verte"},"content":{"rendered":"<p>Le secteur m\u00e9dical g\u00e9n\u00e8re des millions de tonnes de d\u00e9chets chaque ann\u00e9e &#8211; des d\u00e9chets solides, liquides et gazeux, dont des polluants comme les dioxines et le mercure. Il utilise du\u00a0 plastique, du papier, du bois et bien d&rsquo;autres ressources. Du fait de ces activit\u00e9s et d&rsquo;autres similaires, le secteur de la sant\u00e9 contribue \u00e0 la perte de l&rsquo;habitat mondial et de la biodiversit\u00e9 ainsi qu&rsquo;\u00e0 la d\u00e9t\u00e9rioration de l&rsquo;\u00e9cosyst\u00e8me mondial.<\/p>\n<p>Il y a de nombreuses fa\u00e7ons de rendre les h\u00f4pitaux et les cliniques respectueux de l&rsquo;environnement \u00e0 travers une gestion plus sage des d\u00e9chets : par exemple en limitant l&rsquo;incin\u00e9ration des d\u00e9chets, en recyclant les d\u00e9chets non dangereux et en r\u00e9duisant l&rsquo;usage de papier gr\u00e2ce \u00e0 l&rsquo;utilisation des fichiers m\u00e9dicaux \u00e9lectroniques. Les h\u00f4pitaux et les cliniques peuvent \u00e9galement \u00eatre con\u00e7us et construits pour une utilisation la plus efficace possible des \u00e9nergies propres et pour encourager le recyclage.<\/p>\n<p>L&rsquo;AMM encourage tous ses membres et la communaut\u00e9 mondiale\u00a0 \u00e0 adopter une approche\u00a0 responsable\u00a0 de l&rsquo;environnement dans leurs activit\u00e9s. Conjointement \u00e0 l\u2019Association M\u00e9dicale\u00a0 de Floride et l\u2019Acad\u00e9mie des M\u00e9decins de famille de Floride, l\u2019AMM abrite un programme complet gratuit autour de la durabilit\u00e9 des cabinets m\u00e9dicaux. Visitez et inscrivez vous sur <a href=\"\/wma?page_id=703\">My Green Doctor<\/a>.<\/p>\n","protected":false},"excerpt":{"rendered":"<p>Le secteur m\u00e9dical g\u00e9n\u00e8re des millions de tonnes de d\u00e9chets chaque ann\u00e9e &#8211; des d\u00e9chets solides, liquides et gazeux, dont des polluants comme les dioxines et le mercure. Il utilise du\u00a0 plastique, du papier, du bois et bien d&rsquo;autres ressources. Du fait de ces activit\u00e9s et d&rsquo;autres similaires, le secteur de la sant\u00e9 contribue \u00e0 [&hellip;]<\/p>\n","protected":false},"author":3,"featured_media":0,"parent":649,"menu_order":4,"comment_status":"closed","ping_status":"closed","template":"","meta":[],"acf":[],"_links":{"self":[{"href":"https:\/\/www.wma.net\/fr\/wp-json\/wp\/v2\/pages\/659"}],"collection":[{"href":"https:\/\/www.wma.net\/fr\/wp-json\/wp\/v2\/pages"}],"about":[{"href":"https:\/\/www.wma.net\/fr\/wp-json\/wp\/v2\/types\/page"}],"author":[{"embeddable":true,"href":"https:\/\/www.wma.net\/fr\/wp-json\/wp\/v2\/users\/3"}],"replies":[{"embeddable":true,"href":"https:\/\/www.wma.net\/fr\/wp-json\/wp\/v2\/comments?post=659"}],"version-history":[{"count":10,"href":"https:\/\/www.wma.net\/fr\/wp-json\/wp\/v2\/pages\/659\/revisions"}],"predecessor-version":[{"id":12800,"href":"https:\/\/www.wma.net\/fr\/wp-json\/wp\/v2\/pages\/659\/revisions\/12800"}],"up":[{"embeddable":true,"href":"https:\/\/www.wma.net\/fr\/wp-json\/wp\/v2\/pages\/649"}],"wp:attachment":[{"href":"https:\/\/www.wma.net\/fr\/wp-json\/wp\/v2\/media?parent=659"}],"curies":[{"name":"wp","href":"https:\/\/api.w.org\/{rel}","templated":true}]}}