  {"id":661,"date":"2016-11-22T12:29:43","date_gmt":"2016-11-22T12:29:43","guid":{"rendered":"https:\/\/www.wma.net\/fr\/?page_id=661"},"modified":"2024-12-23T09:50:10","modified_gmt":"2024-12-23T09:50:10","slug":"determinants-sociaux","status":"publish","type":"page","link":"https:\/\/www.wma.net\/fr\/ce-que-nous-faisons\/sante-publique\/determinants-sociaux\/","title":{"rendered":"D\u00e9terminants sociaux de la sant\u00e9"},"content":{"rendered":"<p>Les in\u00e9galit\u00e9s de sant\u00e9 entre habitants d\u2019un m\u00eame pays ou entre pays constituent une question de justice sociale qui appelle une r\u00e9action urgente. Ces iniquit\u00e9s de sant\u00e9 r\u00e9sultent de facteurs non m\u00e9dicaux li\u00e9s \u00e0 l\u2019environnement dans lequel les gens sont n\u00e9s, ont grandi, vivent, travaillent et d\u00e9c\u00e8dent, tous ces facteurs ayant une incidence directe sur la sant\u00e9 des personnes. Ces facteurs sont eux-m\u00eames les cons\u00e9quences du contexte social, politique, culturel, environnemental et \u00e9conomique plus global.<\/p>\n<p>L\u2019Association m\u00e9dicale mondiale (AMM) a adopt\u00e9 la <a href=\"https:\/\/www.wma.net\/fr\/policies-post\/declaration-doslo-de-lamm-sur-les-determinants-sociaux-de-la-sante\/\">D\u00e9claration d\u2019Oslo<\/a>, qui reconna\u00eet l\u2019importance des d\u00e9terminants sociaux de la sant\u00e9. Cette D\u00e9claration insiste notamment sur le fait que les m\u00e9decins, qui sont souvent des personnes influentes de la collectivit\u00e9, sont bien plac\u00e9s pour prendre la parole pour le compte des personnes, des populations et de la main-d\u2019\u0153uvre de sant\u00e9 et faire pression sur les gouvernements pour que ceux-ci adoptent des politiques et prennent des mesures permettant de r\u00e9duire les iniquit\u00e9s de sant\u00e9 et d\u2019am\u00e9liorer les conditions de vie des populations.<\/p>\n<p><strong>Iniquit\u00e9s de sant\u00e9<\/strong><\/p>\n<p>Alors que l\u2019esp\u00e9rance de vie en g\u00e9n\u00e9ral et en particulier l\u2019esp\u00e9rance de vie en bonne sant\u00e9 ont globalement progress\u00e9, cette moyenne cache des variations importantes entre groupes d\u00e9mographiques, des variations qui non seulement persistent, mais s\u2019aggravent.<\/p>\n<p>Les populations pauvres sont invariablement en moins bonne sant\u00e9 que les populations riches. Par exemple\u00a0:<\/p>\n<ul>\n<li>L\u2019esp\u00e9rance de vie dans les pays \u00e0 haut revenu est sup\u00e9rieure de 18\u00a0ans \u00e0 celle dans les pays \u00e0 revenu faible.<\/li>\n<li>En\u00a02016, la majorit\u00e9 des 15\u00a0millions de d\u00e9c\u00e8s pr\u00e9matur\u00e9s caus\u00e9s par des maladies non transmissibles (MNT) ont eu lieu dans les pays \u00e0 revenu faible ou moyen.<\/li>\n<li>Les disparit\u00e9s entre les populations les plus riches et les plus pauvres d\u2019un m\u00eame pays pour des maladies comme le cancer se sont accrues dans toutes les r\u00e9gions du monde.<\/li>\n<\/ul>\n<ul>\n<li>Le taux de mortalit\u00e9 des enfants \u00e2g\u00e9s de moins de 5\u00a0ans est huit fois sup\u00e9rieur en Afrique qu\u2019en Europe. Au sein d\u2019un m\u00eame pays, les progr\u00e8s accomplis pour la sant\u00e9 des enfants sont bien plus lents pour les enfants des populations les plus pauvres que pour les autres.<\/li>\n<\/ul>\n<p>La plupart de ces disparit\u00e9s de sant\u00e9 sont la cons\u00e9quence d\u2019obstacles structurels li\u00e9s \u00e0 des processus de d\u00e9cision, des politiques et des normes sociales \u00e0 tous les niveaux de la soci\u00e9t\u00e9.<\/p>\n<p><strong>Lutte contre les d\u00e9terminants sociaux de la sant\u00e9<\/strong><\/p>\n<p>L\u2019Organisation mondiale de la sant\u00e9 a publi\u00e9 (seulement en anglais pour l\u2019instant) un <a href=\"https:\/\/www.who.int\/publications\/i\/item\/9789240088320\">cadre op\u00e9rationnel de suivi des d\u00e9terminants sociaux de la sant\u00e9<\/a>, dans lequel des mesures sont propos\u00e9es pour r\u00e9duire ces iniquit\u00e9s. Ce guide est con\u00e7u pour aider les pays \u00e0 \u00e9laborer des politiques fond\u00e9es sur des preuves pour faire progresser l\u2019\u00e9quit\u00e9 en sant\u00e9 afin de permettre \u00e0 toutes et tous, partout, de parvenir au meilleur \u00e9tat de sant\u00e9 et de bien-\u00eatre possible.<\/p>\n<p>&nbsp;<\/p>\n","protected":false},"excerpt":{"rendered":"<p>Les in\u00e9galit\u00e9s de sant\u00e9 entre habitants d\u2019un m\u00eame pays ou entre pays constituent une question de justice sociale qui appelle une r\u00e9action urgente. Ces iniquit\u00e9s de sant\u00e9 r\u00e9sultent de facteurs non m\u00e9dicaux li\u00e9s \u00e0 l\u2019environnement dans lequel les gens sont n\u00e9s, ont grandi, vivent, travaillent et d\u00e9c\u00e8dent, tous ces facteurs ayant une incidence directe sur [&hellip;]<\/p>\n","protected":false},"author":3,"featured_media":0,"parent":649,"menu_order":5,"comment_status":"closed","ping_status":"closed","template":"","meta":[],"acf":[],"_links":{"self":[{"href":"https:\/\/www.wma.net\/fr\/wp-json\/wp\/v2\/pages\/661"}],"collection":[{"href":"https:\/\/www.wma.net\/fr\/wp-json\/wp\/v2\/pages"}],"about":[{"href":"https:\/\/www.wma.net\/fr\/wp-json\/wp\/v2\/types\/page"}],"author":[{"embeddable":true,"href":"https:\/\/www.wma.net\/fr\/wp-json\/wp\/v2\/users\/3"}],"replies":[{"embeddable":true,"href":"https:\/\/www.wma.net\/fr\/wp-json\/wp\/v2\/comments?post=661"}],"version-history":[{"count":16,"href":"https:\/\/www.wma.net\/fr\/wp-json\/wp\/v2\/pages\/661\/revisions"}],"predecessor-version":[{"id":24039,"href":"https:\/\/www.wma.net\/fr\/wp-json\/wp\/v2\/pages\/661\/revisions\/24039"}],"up":[{"embeddable":true,"href":"https:\/\/www.wma.net\/fr\/wp-json\/wp\/v2\/pages\/649"}],"wp:attachment":[{"href":"https:\/\/www.wma.net\/fr\/wp-json\/wp\/v2\/media?parent=661"}],"curies":[{"name":"wp","href":"https:\/\/api.w.org\/{rel}","templated":true}]}}