  {"id":674,"date":"2016-11-22T12:35:24","date_gmt":"2016-11-22T12:35:24","guid":{"rendered":"https:\/\/www.wma.net\/fr\/?page_id=674"},"modified":"2022-12-06T13:12:42","modified_gmt":"2022-12-06T13:12:42","slug":"soins-de-sante-en-danger","status":"publish","type":"page","link":"https:\/\/www.wma.net\/fr\/ce-que-nous-faisons\/campaigns\/soins-de-sante-en-danger\/","title":{"rendered":"Soins de Sant\u00e9 en Danger"},"content":{"rendered":"<p><a href=\"http:\/\/healthcareindanger.org\/hcid-project\/\" target=\"_blank\" rel=\"noopener noreferrer\">Soins de sant\u00e9 en danger (HCiD)<\/a> est un projet dirig\u00e9 par le CICR du mouvement Croix Rouge et\u00a0\u00a0 Croissant Rouge, lanc\u00e9 en 2012. Il vise \u00e0 am\u00e9liorer l\u2019efficacit\u00e9 et la d\u00e9livrance de soins de sant\u00e9 performants\u00a0 et impartiaux dans les conflits arm\u00e9s et les autres situations d\u2019urgence.<\/p>\r\n<p>Au sein de ce projet, l\u2019\u00e9thique m\u00e9dicale est un domaine majeur de coop\u00e9ration entre le CICR et l\u2019AMM. Un Protocole d\u2019accord sign\u00e9 le 26 juin 2013 l\u2019a formalis\u00e9.\u00a0 Avec ce protocole, l\u2019AMM cherche \u00e0 coop\u00e9rer \u00e9troitement avec le CICR, en particulier en abordant la responsabilit\u00e9 du personnel de sant\u00e9 dans les conflits arm\u00e9s et les autres situations d\u2019urgence.<\/p>\r\n<p>En juin 2015 les organisations de sant\u00e9 civiles et militaires, dont l\u2019AMM, ont adopt\u00e9 le premier code d&rsquo;\u00e9thique du genre, les \u00ab\u00a0Principes Ethiques\u00a0 des soins de sant\u00e9 en temps de conflit arm\u00e9 et autres situations d\u2019urgence\u00a0\u00bb. Le premier principe stipule que les \u00ab\u00a0principes \u00e9thiques des soins de sant\u00e9 ne changent pas en temps de conflits Arm\u00e9s et autres situations d\u2019urgence et sont similaires aux principes \u00e9thiques des soins de sant\u00e9 en temps de paix.\u00a0\u00bb<\/p>\r\n<p>L\u2019initiative HCiD a mis en \u00e9vidence <a href=\"http:\/\/healthcareindanger.org\/what-can-be-done\/\" target=\"_blank\" rel=\"noopener noreferrer\">six priorit\u00e9s<\/a> \u00e0 respecter par tous ceux qui sont concern\u00e9s et dont les \u00e9tapes vont de l\u2019engagement jusqu\u2019\u00e0 l\u2019action constructive.\u00a0 Pour chacun de ces domaines prioritaires, des recommandations et des mesures pratiques ont \u00e9t\u00e9 identifi\u00e9es afin d\u2019aider les diff\u00e9rentes parties int\u00e9ress\u00e9es \u00e0 passer \u00e0 l\u2019action.<\/p>\r\n<p>Dans le contexte de la pand\u00e9mie de Covid-19, les organisations mondiales se sont associ\u00e9es pour appeler \u00e0 la protection des personnels de sant\u00e9 contre la violence: 13 organisations mondiales m\u00e9dicales et humanitaires repr\u00e9sentant plus de 30 millions de professionnels de sant\u00e9 ont publi\u00e9 une <a href=\"https:\/\/healthcareindanger.org\/fr\/resource-centre-4\/declaration-by-the-health-care-in-danger-community-of-concern-about-the-current-situation-of-violence-against-health-care\/\">d\u00e9claration<\/a> condamnant l&rsquo;augmentation des incidents d&rsquo;attaques contre agents et \u00e9tablissements de sant\u00e9.<\/p>\r\n<h4>Violence contre les soins de sant\u00e9 : Pratiques actuelles pour pr\u00e9venir, r\u00e9duire ou att\u00e9nuer la violence contre les soins de sant\u00e9<\/h4>\r\n<p>De mai \u00e0 juillet 2021, le Conseil international des infirmi\u00e8res (ICN), le Comit\u00e9 international de la Croix-Rouge (CICR), la F\u00e9d\u00e9ration internationale des h\u00f4pitaux (FHI) et l&rsquo;Association m\u00e9dicale mondiale (AMM) &#8211; quatre organisations fa\u00eeti\u00e8res internationales membres de la Communaut\u00e9 de l&rsquo;initiative \u00ab\u00a0Soins de sant\u00e9 en danger\u00a0\u00bb &#8211; ont men\u00e9 une enqu\u00eate conjointe afin d&rsquo;\u00e9valuer la perception de la violence contre les soins de sant\u00e9 au cours des premiers stades de la pand\u00e9mie et d&rsquo;identifier les bonnes pratiques mises en \u0153uvre pour pr\u00e9venir, r\u00e9duire ou att\u00e9nuer les incidents en fonction des circonstances nationales et des perspectives du personnel de sant\u00e9. La collaboration visait \u00e0 sensibiliser \u00e0 ce probl\u00e8me mondial et \u00e0 identifier les strat\u00e9gies et les actions mises en \u0153uvre par les repr\u00e9sentants et les membres des quatre organisations pour traiter et att\u00e9nuer la violence contre les soins de sant\u00e9. Elle a fourni une excellente occasion de diffuser l&rsquo;apprentissage et les bonnes pratiques du secteur de la sant\u00e9 et d&rsquo;encourager les acteurs de terrain \u00e0 adopter les strat\u00e9gies pour surmonter les difficult\u00e9s.<\/p>\r\n<p>Acc\u00e8s au <a href=\"https:\/\/www.wma.net\/wp-content\/uploads\/2022\/07\/Violence-against-healthcare-survey-report.pdf\">rapport<\/a> (en anglais)<br \/><a href=\"https:\/\/healthcareindanger.org\/the-impact-of-covid-on-violence-against-healthcare-a-global-dialogue-for-peer-exchange-of-good-practice\/\">L&rsquo;impact de Covid sur la violence contre les soins de sant\u00e9 &#8211; Un dialogue pour l&rsquo;\u00e9change de bonnes pratiques entre pairs<\/a> (Webinar du 1er d\u00e9cembre 2022) (en anglais)<\/p>\r\n\r\n<p>&nbsp;<\/p>\r\n","protected":false},"excerpt":{"rendered":"<p>Soins de sant\u00e9 en danger (HCiD) est un projet dirig\u00e9 par le CICR du mouvement Croix Rouge et\u00a0\u00a0 Croissant Rouge, lanc\u00e9 en 2012. Il vise \u00e0 am\u00e9liorer l\u2019efficacit\u00e9 et la d\u00e9livrance de soins de sant\u00e9 performants\u00a0 et impartiaux dans les conflits arm\u00e9s et les autres situations d\u2019urgence. Au sein de ce projet, l\u2019\u00e9thique m\u00e9dicale est [&hellip;]<\/p>\n","protected":false},"author":3,"featured_media":0,"parent":2734,"menu_order":1,"comment_status":"closed","ping_status":"closed","template":"","meta":[],"acf":[],"_links":{"self":[{"href":"https:\/\/www.wma.net\/fr\/wp-json\/wp\/v2\/pages\/674"}],"collection":[{"href":"https:\/\/www.wma.net\/fr\/wp-json\/wp\/v2\/pages"}],"about":[{"href":"https:\/\/www.wma.net\/fr\/wp-json\/wp\/v2\/types\/page"}],"author":[{"embeddable":true,"href":"https:\/\/www.wma.net\/fr\/wp-json\/wp\/v2\/users\/3"}],"replies":[{"embeddable":true,"href":"https:\/\/www.wma.net\/fr\/wp-json\/wp\/v2\/comments?post=674"}],"version-history":[{"count":11,"href":"https:\/\/www.wma.net\/fr\/wp-json\/wp\/v2\/pages\/674\/revisions"}],"predecessor-version":[{"id":19804,"href":"https:\/\/www.wma.net\/fr\/wp-json\/wp\/v2\/pages\/674\/revisions\/19804"}],"up":[{"embeddable":true,"href":"https:\/\/www.wma.net\/fr\/wp-json\/wp\/v2\/pages\/2734"}],"wp:attachment":[{"href":"https:\/\/www.wma.net\/fr\/wp-json\/wp\/v2\/media?parent=674"}],"curies":[{"name":"wp","href":"https:\/\/api.w.org\/{rel}","templated":true}]}}