  {"id":676,"date":"2016-11-22T12:37:52","date_gmt":"2016-11-22T12:37:52","guid":{"rendered":"https:\/\/www.wma.net\/fr\/?page_id=676"},"modified":"2018-01-04T10:16:17","modified_gmt":"2018-01-04T10:16:17","slug":"le-projet-de-forum-africains","status":"publish","type":"page","link":"https:\/\/www.wma.net\/fr\/ce-que-nous-faisons\/campaigns\/le-projet-de-forum-africains\/","title":{"rendered":"Le projet de forum africains"},"content":{"rendered":"<h2>INTRODUCTION<\/h2>\n<p>La force \u00a0des\u00a0 syst\u00e8mes\u00a0 de sant\u00e9 \u00a0observ\u00e9e dans les pays ayant \u00a0de bons r\u00e9sultats en mati\u00e8re de sant\u00e9 repose grandement sur le leadership professionnel assur\u00e9 par les Associations M\u00e9dicales Nationales (AMN). Il s\u2019agit d\u2019organisations de la soci\u00e9t\u00e9 civile\u00a0 dont les\u00a0 membres sont des m\u00e9decins dans\u00a0 divers secteurs y compris des\u00a0 acad\u00e9miciens, chercheurs, responsables de la planification sanitaire, d\u00e9cideurs politiques, gestionnaires de sant\u00e9 et cliniciens. L\u00e0 o\u00f9 elles sont bien organis\u00e9es, les AMN sont au premier plan pour\u00a0\u00a0 la promotion des normes professionnelles aupr\u00e8s des m\u00e9decins et\u00a0\u00a0 la d\u00e9fense des soins de sant\u00e9 de qualit\u00e9. Leur r\u00f4le de leadership est reconnu par leurs gouvernements et par d\u2019autres organisations de sant\u00e9. Elles sont consid\u00e9r\u00e9es par le public comme des sources cr\u00e9dibles d\u2019informations au service de leurs syst\u00e8mes de sant\u00e9.<\/p>\n<p>L\u2019Association M\u00e9dicale Mondiale (AMN) est une organisation professionnelle mondiale cr\u00e9\u00e9e en 1947 et dont les membres sont des Associations M\u00e9dicales Nationales. L\u2019AMM conseille ces AMN\u00a0 et les aide\u00a0 au d\u00e9veloppement de leurs capacit\u00e9s afin de savoir comme contribuer \u00e0 leurs syst\u00e8mes de sant\u00e9.\u00a0\u00a0\u00a0\u00a0 Elle leur fournit des opportunit\u00e9s pour la cr\u00e9ation de r\u00e9seaux et le partage d\u2019informations entre les m\u00e9decins exer\u00e7ant dans des syst\u00e8mes\u00a0 de sant\u00e9 solides et ceux exer\u00e7ant dans des syst\u00e8mes de sant\u00e9 faibles.<\/p>\n<p>Une \u00e9tude sur les besoins basiques a \u00e9t\u00e9 men\u00e9e en 2013-2014. Elle a consist\u00e9 en quatre ateliers de consultation en Afrique du Sud, au Kenya, au Nigeria et en Tunisie. Les dirigeants des AMN ont \u00e9galement r\u00e9pondu \u00e0 un questionnaire. Des consultations ont eu lieu \u00e9galement avec des AMN non africaines des Etats Unis, du Royaume Britannique, du Japon, d\u2019Australie et de Nouvelle Z\u00e9lande.<\/p>\n<p>Les AMN africaines sont g\u00e9n\u00e9ralement trop faibles et manquent de capacit\u00e9s pour assurer leur leadership et influencer les syst\u00e8mes\u00a0 de sant\u00e9 nationaux.<\/p>\n<p>Les 9 domaines identifi\u00e9s pour le d\u00e9veloppement de\u00a0 capacit\u00e9s des AMN africaines sont les suivants\u00a0:<\/p>\n<ol>\n<li>Consolidation des organisations<\/li>\n<li>D\u00e9fense\/sensibilisation en mati\u00e8re d\u2019\u00e9ducation m\u00e9dicale<\/li>\n<li>Am\u00e9lioration de l\u2019acc\u00e8s \u00e0 la formation permanente<\/li>\n<li>Couverture maladie universelle<\/li>\n<li>Promotion des d\u00e9terminants sociaux de la sant\u00e9<\/li>\n<li>L\u2019approche Une Sant\u00e9<\/li>\n<li>Fuite des cerveaux<\/li>\n<li>Recherches et publications<\/li>\n<li>eSant\u00e9<\/li>\n<\/ol>\n<p>L\u2019AMM va s\u2019impliquer dans le d\u00e9veloppement de\u00a0 capacit\u00e9s des AMN dans les domaines ci-dessus mentionn\u00e9s.<\/p>\n<p>Une \u00e9quipe de sp\u00e9cialistes m\u00e9dicaux de l\u2019Association M\u00e9dicale d\u2019Ouganda, bas\u00e9e \u00e0 Kampala en Ouganda,\u00a0 et de responsables de l\u2019Association M\u00e9dicale Mondiale se sont regroup\u00e9s afin de fournir un support technique au projet. Un Secr\u00e9tariat administratif a \u00e9t\u00e9 \u00e9tabli pour aider aux activit\u00e9s du projet.<\/p>\n<h3>DUREE DU PROJET<b><\/b><\/h3>\n<p><b><\/b>5 ans (2015-2020)<\/p>\n<h3>OBJECTIF DU PROJET<\/h3>\n<p><b><\/b>Renforcer les capacit\u00e9s des AMN africaines afin qu\u2019elles assurent le r\u00f4le de leadership professionnel et qu\u2019elles am\u00e9liorent les syst\u00e8mes de sant\u00e9 de leurs pays.<\/p>\n<h3>RESULTATS ESCOMPTES<\/h3>\n<p><b><\/b>Que les AMN africaines exercent une v\u00e9ritable influence sur les syst\u00e8mes de sant\u00e9 de leurs pays<\/p>\n<h3>OBJECTIFS SPECIFIQUES<\/h3>\n<p><b><\/b>D\u00e9velopper les capacit\u00e9s des AMN africaines dans des domaines sp\u00e9cifiques.<\/p>\n<h3>STRATEGIES<\/h3>\n<h4><b>Discussions en ligne<\/b><\/h4>\n<p><b><\/b>Les personnes comp\u00e9tentes dans les domaines o\u00f9 il faut d\u00e9velopper des\u00a0 capacit\u00e9s seront invit\u00e9es en tant que mod\u00e9rateurs des discussions en ligne relatives \u00e0 ces domaines.<\/p>\n<h4><b>R\u00e9unions r\u00e9gionales et conf\u00e9rences et ateliers panafricains<\/b><\/h4>\n<p><b><\/b>Ces r\u00e9unions seront organis\u00e9es afin de permettre\u00a0 aux dirigeants des AMN africaines de partager les d\u00e9fis et innovations auxquels ils ont eu recours pour influencer les syst\u00e8mes de sant\u00e9. Les AMN non africaines seront aussi invit\u00e9es \u00e0 participer et \u00e0 partager leurs exp\u00e9riences.<\/p>\n<h4><b>Jumelage<\/b><\/h4>\n<p><b><\/b>Les AMN non africaines seront invit\u00e9es \u00e0 cr\u00e9er des jumelages et \u00e0 collaborer avec les AMN africaines dans des domaines sp\u00e9cifiques.<\/p>\n<h4><b>Partenariats collaboratifs<\/b><\/h4>\n<p><b><\/b>Le gouvernement et les organisations du secteur priv\u00e9 seront invit\u00e9s \u00e0 soutenir les AMN.<\/p>\n<h3>SUIVI, EVALUATION ET BILAN\u00a0 DU PROJET <b><\/b><\/h3>\n<p>Des rep\u00e8res et des indicateurs d\u2019\u00e9valuation de l\u2019impact ont \u00e9t\u00e9 identifi\u00e9s pour un suivi et une \u00e9valuation de la r\u00e9ussite du projet et s\u2019en inspirer pour l\u2019avenir. Un bilan sera \u00e9tabli \u00e0 mi parcours \u00e0 la fin de l\u2019ann\u00e9e trois pour \u00e9valuer et tirer la le\u00e7on des r\u00e9sultats du projet.<\/p>\n","protected":false},"excerpt":{"rendered":"<p>INTRODUCTION La force \u00a0des\u00a0 syst\u00e8mes\u00a0 de sant\u00e9 \u00a0observ\u00e9e dans les pays ayant \u00a0de bons r\u00e9sultats en mati\u00e8re de sant\u00e9 repose grandement sur le leadership professionnel assur\u00e9 par les Associations M\u00e9dicales Nationales (AMN). Il s\u2019agit d\u2019organisations de la soci\u00e9t\u00e9 civile\u00a0 dont les\u00a0 membres sont des m\u00e9decins dans\u00a0 divers secteurs y compris des\u00a0 acad\u00e9miciens, chercheurs, responsables de [&hellip;]<\/p>\n","protected":false},"author":3,"featured_media":0,"parent":2734,"menu_order":2,"comment_status":"closed","ping_status":"closed","template":"","meta":[],"acf":[],"_links":{"self":[{"href":"https:\/\/www.wma.net\/fr\/wp-json\/wp\/v2\/pages\/676"}],"collection":[{"href":"https:\/\/www.wma.net\/fr\/wp-json\/wp\/v2\/pages"}],"about":[{"href":"https:\/\/www.wma.net\/fr\/wp-json\/wp\/v2\/types\/page"}],"author":[{"embeddable":true,"href":"https:\/\/www.wma.net\/fr\/wp-json\/wp\/v2\/users\/3"}],"replies":[{"embeddable":true,"href":"https:\/\/www.wma.net\/fr\/wp-json\/wp\/v2\/comments?post=676"}],"version-history":[{"count":6,"href":"https:\/\/www.wma.net\/fr\/wp-json\/wp\/v2\/pages\/676\/revisions"}],"predecessor-version":[{"id":10079,"href":"https:\/\/www.wma.net\/fr\/wp-json\/wp\/v2\/pages\/676\/revisions\/10079"}],"up":[{"embeddable":true,"href":"https:\/\/www.wma.net\/fr\/wp-json\/wp\/v2\/pages\/2734"}],"wp:attachment":[{"href":"https:\/\/www.wma.net\/fr\/wp-json\/wp\/v2\/media?parent=676"}],"curies":[{"name":"wp","href":"https:\/\/api.w.org\/{rel}","templated":true}]}}