  {"id":678,"date":"2016-11-22T12:38:11","date_gmt":"2016-11-22T12:38:11","guid":{"rendered":"https:\/\/www.wma.net\/fr\/?page_id=678"},"modified":"2017-02-06T17:35:33","modified_gmt":"2017-02-06T17:35:33","slug":"manifestations","status":"publish","type":"page","link":"https:\/\/www.wma.net\/fr\/ce-que-nous-faisons\/manifestations\/","title":{"rendered":"Manifestations"},"content":{"rendered":"<p>Le Conseil de l\u2019AMM se r\u00e9unit deux fois par an, une fois au printemps et \u00e0 nouveau \u00e0 l\u2019automne juste avant l\u2019Assembl\u00e9e G\u00e9n\u00e9rale de l\u2019AMM. L\u2019Assembl\u00e9e G\u00e9n\u00e9rale est le principal organe d\u00e9cisionnaire de l\u2019AMM.\u00a0 Les r\u00e9unions sont ouvertes aux d\u00e9l\u00e9gations de tous les membres constituants de l\u2019AMM\u00a0 ainsi qu\u2019aux observateurs et aux invit\u00e9s. En plus de son Conseil et de son Assembl\u00e9e G\u00e9n\u00e9rale, l\u2019AMM organise d\u2019autres conf\u00e9rences et s\u00e9minaires sur des th\u00e8mes sp\u00e9cifiques afin de faire avancer le programme politique de l\u2019organisation.<\/p>\n","protected":false},"excerpt":{"rendered":"<p>Le Conseil de l\u2019AMM se r\u00e9unit deux fois par an, une fois au printemps et \u00e0 nouveau \u00e0 l\u2019automne juste avant l\u2019Assembl\u00e9e G\u00e9n\u00e9rale de l\u2019AMM. L\u2019Assembl\u00e9e G\u00e9n\u00e9rale est le principal organe d\u00e9cisionnaire de l\u2019AMM.\u00a0 Les r\u00e9unions sont ouvertes aux d\u00e9l\u00e9gations de tous les membres constituants de l\u2019AMM\u00a0 ainsi qu\u2019aux observateurs et aux invit\u00e9s. En plus [&hellip;]<\/p>\n","protected":false},"author":3,"featured_media":0,"parent":618,"menu_order":6,"comment_status":"closed","ping_status":"closed","template":"template-events-landing.php","meta":[],"acf":[],"_links":{"self":[{"href":"https:\/\/www.wma.net\/fr\/wp-json\/wp\/v2\/pages\/678"}],"collection":[{"href":"https:\/\/www.wma.net\/fr\/wp-json\/wp\/v2\/pages"}],"about":[{"href":"https:\/\/www.wma.net\/fr\/wp-json\/wp\/v2\/types\/page"}],"author":[{"embeddable":true,"href":"https:\/\/www.wma.net\/fr\/wp-json\/wp\/v2\/users\/3"}],"replies":[{"embeddable":true,"href":"https:\/\/www.wma.net\/fr\/wp-json\/wp\/v2\/comments?post=678"}],"version-history":[{"count":3,"href":"https:\/\/www.wma.net\/fr\/wp-json\/wp\/v2\/pages\/678\/revisions"}],"predecessor-version":[{"id":5781,"href":"https:\/\/www.wma.net\/fr\/wp-json\/wp\/v2\/pages\/678\/revisions\/5781"}],"up":[{"embeddable":true,"href":"https:\/\/www.wma.net\/fr\/wp-json\/wp\/v2\/pages\/618"}],"wp:attachment":[{"href":"https:\/\/www.wma.net\/fr\/wp-json\/wp\/v2\/media?parent=678"}],"curies":[{"name":"wp","href":"https:\/\/api.w.org\/{rel}","templated":true}]}}