  {"id":741,"date":"2016-11-22T14:01:41","date_gmt":"2016-11-22T14:01:41","guid":{"rendered":"https:\/\/www.wma.net\/fr\/?page_id=741"},"modified":"2024-09-24T16:00:32","modified_gmt":"2024-09-24T15:00:32","slug":"contacts-presse","status":"publish","type":"page","link":"https:\/\/www.wma.net\/fr\/actualites-et-presse\/contacts-presse\/","title":{"rendered":"Contacts Presse"},"content":{"rendered":"<table width=\"100%\">\n<tbody>\n<tr>\n<td>Veuillez envoyer votre question \u00e0<\/td>\n<td>E-mail: <a href=\"mailto:janice.blondeau@wma.net\">janice.blondeau(at)wma.net<\/a><\/td>\n<\/tr>\n<\/tbody>\n<\/table>\n<h3><\/h3>\n<h3>Note aux r\u00e9dacteurs:<\/h3>\n<p>L\u2019Association M\u00e9dicale Mondiale est une conf\u00e9d\u00e9ration ind\u00e9pendante pour les associations m\u00e9dicales nationales de plus de 110 pays et repr\u00e9sente plus de neuf millions de m\u00e9decins.<\/p>\n<p><strong><a href=\"https:\/\/forms.office.com\/e\/U1GEdwz4M9\" target=\"_blank\" rel=\"noopener\">S&rsquo;inscrire<\/a><\/strong> pour recevoir les communiqu\u00e9s de presse de l&rsquo;AMM.<\/p>\n","protected":false},"excerpt":{"rendered":"<p>Veuillez envoyer votre question \u00e0 E-mail: janice.blondeau(at)wma.net Note aux r\u00e9dacteurs: L\u2019Association M\u00e9dicale Mondiale est une conf\u00e9d\u00e9ration ind\u00e9pendante pour les associations m\u00e9dicales nationales de plus de 110 pays et repr\u00e9sente plus de neuf millions de m\u00e9decins. S&rsquo;inscrire pour recevoir les communiqu\u00e9s de presse de l&rsquo;AMM.<\/p>\n","protected":false},"author":3,"featured_media":0,"parent":739,"menu_order":0,"comment_status":"closed","ping_status":"closed","template":"","meta":[],"acf":[],"_links":{"self":[{"href":"https:\/\/www.wma.net\/fr\/wp-json\/wp\/v2\/pages\/741"}],"collection":[{"href":"https:\/\/www.wma.net\/fr\/wp-json\/wp\/v2\/pages"}],"about":[{"href":"https:\/\/www.wma.net\/fr\/wp-json\/wp\/v2\/types\/page"}],"author":[{"embeddable":true,"href":"https:\/\/www.wma.net\/fr\/wp-json\/wp\/v2\/users\/3"}],"replies":[{"embeddable":true,"href":"https:\/\/www.wma.net\/fr\/wp-json\/wp\/v2\/comments?post=741"}],"version-history":[{"count":12,"href":"https:\/\/www.wma.net\/fr\/wp-json\/wp\/v2\/pages\/741\/revisions"}],"predecessor-version":[{"id":23294,"href":"https:\/\/www.wma.net\/fr\/wp-json\/wp\/v2\/pages\/741\/revisions\/23294"}],"up":[{"embeddable":true,"href":"https:\/\/www.wma.net\/fr\/wp-json\/wp\/v2\/pages\/739"}],"wp:attachment":[{"href":"https:\/\/www.wma.net\/fr\/wp-json\/wp\/v2\/media?parent=741"}],"curies":[{"name":"wp","href":"https:\/\/api.w.org\/{rel}","templated":true}]}}