  {"id":759,"date":"2016-11-22T14:08:45","date_gmt":"2016-11-22T14:08:45","guid":{"rendered":"https:\/\/www.wma.net\/fr\/?page_id=759"},"modified":"2016-12-19T11:26:27","modified_gmt":"2016-12-19T11:26:27","slug":"membres","status":"publish","type":"page","link":"https:\/\/www.wma.net\/fr\/qui-nous-sommes\/membres\/","title":{"rendered":"Actualit\u00e9s des membres"},"content":{"rendered":"<h2>Introduction<\/h2>\n<p>Les diff\u00e9rentes cat\u00e9gories de membres:<\/p>\n<ol>\n<li>Les membres constituants &#8211; Cette cat\u00e9gorie s&rsquo;adresse aux organisations nationales de m\u00e9decins dans tous les pays du monde. Ces associations sont largement repr\u00e9sentatives des m\u00e9decins dans leur pays en raison du nombre de leurs membres et limitent g\u00e9n\u00e9ralement le droit de vote aux m\u00e9decins et aux \u00e9tudiants en m\u00e9decine. Elles ne sont pas d\u00e9pendantes d&rsquo;un minist\u00e8re ou d&rsquo;une agence gouvernementale.<\/li>\n<li>Les membres associ\u00e9s &#8211; Cette cat\u00e9gorie regroupe les m\u00e9decins qui souhaitent s&rsquo;affilier \u00e0 titre individuel. Disposant du droit de vote \u00e0 la r\u00e9union annuelle des membres associ\u00e9s, ces membres ont \u00e9galement le droit de participer \u00e0 l&rsquo;Assembl\u00e9e g\u00e9n\u00e9rale par la voix d&rsquo;un repr\u00e9sentant de leur choix \u00e0 l&rsquo;Assembl\u00e9e g\u00e9n\u00e9rale.<\/li>\n<li>L&rsquo;Assembl\u00e9e peut, sur la recommandation du Conseil, si elle l&rsquo;estime n\u00e9cessaire et dans le meilleur int\u00e9r\u00eat de l&rsquo;AMM, cr\u00e9er d&rsquo;autres cat\u00e9gories de membres.<\/li>\n<\/ol>\n<h2>Avantages<\/h2>\n<ol>\n<li>Toute association m\u00e9dicale nationale (ANM) reconnue et admise au sein d&rsquo;une organisation internationale comme l&rsquo;AMM jouit d&rsquo;une grande cr\u00e9dibilit\u00e9 et ce, d&rsquo;autant plus, s&rsquo;il existe dans son pays d&rsquo;autre organisations de m\u00e9decins.<\/li>\n<li>Les ANM et aux membres associ\u00e9s peuvent \u00e0 leur tour profiter des relations officielles que l&rsquo;AMM entretient avec les agences des Nations Unies, comme l&rsquo;Organisation mondiale de la Sant\u00e9 par exemple.<\/li>\n<li>La participation aux d\u00e9bats internationaux constitue [pour les ANM et les membres associ\u00e9s] l&rsquo;occasion de recueillir des recommandations \u00e9thiques de valeur et une direction \u00e9clair\u00e9e en mati\u00e8re de soins de sant\u00e9.<\/li>\n<li>La source de renseignements et de connaissances que constitue l&rsquo;AMM peut contribuer \u00e0 augmenter l&rsquo;efficacit\u00e9 des ANM et des m\u00e9decins.<\/li>\n<li>L&rsquo;utilisation des produits et des services qui lui sont offerts.<\/li>\n<\/ol>\n","protected":false},"excerpt":{"rendered":"<p>Introduction Les diff\u00e9rentes cat\u00e9gories de membres: Les membres constituants &#8211; Cette cat\u00e9gorie s&rsquo;adresse aux organisations nationales de m\u00e9decins dans tous les pays du monde. Ces associations sont largement repr\u00e9sentatives des m\u00e9decins dans leur pays en raison du nombre de leurs membres et limitent g\u00e9n\u00e9ralement le droit de vote aux m\u00e9decins et aux \u00e9tudiants en m\u00e9decine. [&hellip;]<\/p>\n","protected":false},"author":3,"featured_media":0,"parent":757,"menu_order":0,"comment_status":"closed","ping_status":"closed","template":"template-members.php","meta":[],"acf":[],"_links":{"self":[{"href":"https:\/\/www.wma.net\/fr\/wp-json\/wp\/v2\/pages\/759"}],"collection":[{"href":"https:\/\/www.wma.net\/fr\/wp-json\/wp\/v2\/pages"}],"about":[{"href":"https:\/\/www.wma.net\/fr\/wp-json\/wp\/v2\/types\/page"}],"author":[{"embeddable":true,"href":"https:\/\/www.wma.net\/fr\/wp-json\/wp\/v2\/users\/3"}],"replies":[{"embeddable":true,"href":"https:\/\/www.wma.net\/fr\/wp-json\/wp\/v2\/comments?post=759"}],"version-history":[{"count":2,"href":"https:\/\/www.wma.net\/fr\/wp-json\/wp\/v2\/pages\/759\/revisions"}],"predecessor-version":[{"id":1548,"href":"https:\/\/www.wma.net\/fr\/wp-json\/wp\/v2\/pages\/759\/revisions\/1548"}],"up":[{"embeddable":true,"href":"https:\/\/www.wma.net\/fr\/wp-json\/wp\/v2\/pages\/757"}],"wp:attachment":[{"href":"https:\/\/www.wma.net\/fr\/wp-json\/wp\/v2\/media?parent=759"}],"curies":[{"name":"wp","href":"https:\/\/api.w.org\/{rel}","templated":true}]}}