  {"id":761,"date":"2016-11-22T14:09:09","date_gmt":"2016-11-22T14:09:09","guid":{"rendered":"https:\/\/www.wma.net\/fr\/?page_id=761"},"modified":"2022-07-26T09:38:47","modified_gmt":"2022-07-26T08:38:47","slug":"structure","status":"publish","type":"page","link":"https:\/\/www.wma.net\/fr\/qui-nous-sommes\/structure\/","title":{"rendered":"Structure"},"content":{"rendered":"<p>La principale instance d\u00e9cisionnaire de l\u2019AMM est l\u2019Assembl\u00e9e G\u00e9n\u00e9rale qui se r\u00e9unit tous les ans.\u00a0 Elle se compose de d\u00e9l\u00e9gations des Associations Membres Nationales, des membres du bureau et des membres du Conseil de l\u2019AMM ainsi que des repr\u00e9sentants des Membres Associ\u00e9s (Les Membres Associ\u00e9s sont des m\u00e9decins qui \u00e0 titre individuel d\u00e9sirent rejoindre l\u2019AMM).<\/p>\n<p>Les Membres\u00a0 Constituants de l\u2019AMM (Associations M\u00e9dicales Nationales) \u00e9lisent le Conseil de l\u2019AMM tous les deux ans avec des repr\u00e9sentants issus de chacune des sept r\u00e9gions de l\u2019AMM, \u00e0 savoir l\u2019Afrique, l\u2019Asie, l\u2019Europe, l\u2019Am\u00e9rique Latine, l\u2019Am\u00e9rique du Nord, le Pacifique et M\u00e9diterran\u00e9e orientale.<\/p>\n<p>Le Pr\u00e9sident du Conseil, \u00e9lu par le Conseil de l\u2019AMM tous les deux ans, est le dirigeant politique de l\u2019organisation. Le dirigeant officiel de l\u2019AMM\u00a0 est le Pr\u00e9sident, \u00e9lu tous les ans par l&rsquo;Assembl\u00e9e G\u00e9n\u00e9rale. En tant que directeur ex\u00e9cutif des unit\u00e9s op\u00e9rationnelles de l\u2019AMM, le Secr\u00e9taire G\u00e9n\u00e9ral est employ\u00e9 \u00e0 plein temps au Secr\u00e9tariat et nomm\u00e9 par le Conseil de l\u2019AMM.<\/p>\n<p>Le Secr\u00e9tariat de l\u2019AMM est bas\u00e9 \u00e0 Ferney-Voltaire, en France, \u00e0 proximit\u00e9 de Gen\u00e8ve.<\/p>\n<p><img loading=\"lazy\" class=\"alignnone wp-image-10703 \" src=\"https:\/\/www.wma.net\/wp-content\/uploads\/2016\/11\/Screen-Shot-2018-04-16-at-16.53.46.png\" alt=\"\" width=\"699\" height=\"701\" srcset=\"https:\/\/www.wma.net\/wp-content\/uploads\/2016\/11\/Screen-Shot-2018-04-16-at-16.53.46.png 1059w, https:\/\/www.wma.net\/wp-content\/uploads\/2016\/11\/Screen-Shot-2018-04-16-at-16.53.46-150x150.png 150w, https:\/\/www.wma.net\/wp-content\/uploads\/2016\/11\/Screen-Shot-2018-04-16-at-16.53.46-300x300.png 300w, https:\/\/www.wma.net\/wp-content\/uploads\/2016\/11\/Screen-Shot-2018-04-16-at-16.53.46-768x770.png 768w, https:\/\/www.wma.net\/wp-content\/uploads\/2016\/11\/Screen-Shot-2018-04-16-at-16.53.46-1021x1024.png 1021w\" sizes=\"(max-width: 699px) 100vw, 699px\" \/><\/p>\n","protected":false},"excerpt":{"rendered":"<p>La principale instance d\u00e9cisionnaire de l\u2019AMM est l\u2019Assembl\u00e9e G\u00e9n\u00e9rale qui se r\u00e9unit tous les ans.\u00a0 Elle se compose de d\u00e9l\u00e9gations des Associations Membres Nationales, des membres du bureau et des membres du Conseil de l\u2019AMM ainsi que des repr\u00e9sentants des Membres Associ\u00e9s (Les Membres Associ\u00e9s sont des m\u00e9decins qui \u00e0 titre individuel d\u00e9sirent rejoindre l\u2019AMM). [&hellip;]<\/p>\n","protected":false},"author":3,"featured_media":0,"parent":757,"menu_order":1,"comment_status":"closed","ping_status":"closed","template":"","meta":[],"acf":[],"_links":{"self":[{"href":"https:\/\/www.wma.net\/fr\/wp-json\/wp\/v2\/pages\/761"}],"collection":[{"href":"https:\/\/www.wma.net\/fr\/wp-json\/wp\/v2\/pages"}],"about":[{"href":"https:\/\/www.wma.net\/fr\/wp-json\/wp\/v2\/types\/page"}],"author":[{"embeddable":true,"href":"https:\/\/www.wma.net\/fr\/wp-json\/wp\/v2\/users\/3"}],"replies":[{"embeddable":true,"href":"https:\/\/www.wma.net\/fr\/wp-json\/wp\/v2\/comments?post=761"}],"version-history":[{"count":7,"href":"https:\/\/www.wma.net\/fr\/wp-json\/wp\/v2\/pages\/761\/revisions"}],"predecessor-version":[{"id":18496,"href":"https:\/\/www.wma.net\/fr\/wp-json\/wp\/v2\/pages\/761\/revisions\/18496"}],"up":[{"embeddable":true,"href":"https:\/\/www.wma.net\/fr\/wp-json\/wp\/v2\/pages\/757"}],"wp:attachment":[{"href":"https:\/\/www.wma.net\/fr\/wp-json\/wp\/v2\/media?parent=761"}],"curies":[{"name":"wp","href":"https:\/\/api.w.org\/{rel}","templated":true}]}}