  {"id":787,"date":"2016-11-22T14:14:16","date_gmt":"2016-11-22T14:14:16","guid":{"rendered":"https:\/\/www.wma.net\/fr\/?page_id=787"},"modified":"2017-02-07T16:39:10","modified_gmt":"2017-02-07T16:39:10","slug":"relations-officielles","status":"publish","type":"page","link":"https:\/\/www.wma.net\/fr\/qui-nous-sommes\/alliance-et-partenaires\/relations-officielles\/","title":{"rendered":"Relations Officielles"},"content":{"rendered":"<p>Depuis sa cr\u00e9ation, l\u2019Association M\u00e9dicale Mondiale \u2013 en tant qu&rsquo;organisation mondiale repr\u00e9sentant la voix des m\u00e9decins \u2013 a cherch\u00e9 \u00e0 coop\u00e9rer et \u00e0 collaborer avec les Nations Unies et d\u2019autres organisations internationales majeures. Dans ses premi\u00e8res ann\u00e9es, l\u2019AMM \u00e9tait bas\u00e9e \u00e0 New York pr\u00e8s du si\u00e8ge des Nations Unies. En 1974, il fut d\u00e9cid\u00e9 de s\u2019installer \u00e0 Ferney-Voltaire dans la r\u00e9gion de Gen\u00e8ve afin d\u2019\u00eatre proche de l\u2019Organisation Mondiale de la Sant\u00e9 et au c\u0153ur de la communaut\u00e9 internationale en plein essor<\/p>\n<p>La principale mission de l\u2019AMM \u00e9tant de promouvoir la sant\u00e9 et le bien-\u00eatre des m\u00e9decins et des patients,\u00a0<a href=\"http:\/\/www.who.int\/en\/\">l\u2019Organisation Mondiale de la Sant\u00e9<\/a> est un acteur majeur pour nos relations ext\u00e9rieures. \u00a0L\u2019AMM est en \u00ab\u00a0Relations officielles\u00a0\u00bb avec l\u2019OMS ce qui signifie que nous nous engageons \u00e0 soutenir la politique et le travail de l\u2019OMS. Dans le m\u00eame temps \u00a0l\u2019AMM cherche \u00e0 conseiller et \u00e0 influencer le travail de cette organisation gouvernementale. Notre coop\u00e9ration avec l\u2019OMS est tr\u00e8s vaste. Elle couvre quasiment tous les domaines de la m\u00e9decine. Nous sommes toutefois actuellement tr\u00e8s ax\u00e9s sur le d\u00e9veloppement et le renforcement des syst\u00e8mes de sant\u00e9 ainsi que sur les programmes de sant\u00e9 publique comme par ex. la lutte anti-tabac (voir <a href=\"http:\/\/www.who.int\/fctc\/en\/\" target=\"_blank\">Convention Cadre sur la lutte anti-tabac \u2013 FCTC<\/a><u>).<\/u><\/p>\n<p>Pour toute information \u00a0concernant les relations Officielles avec l&rsquo;OMS &#8211; Principes r\u00e9gissant les relations avec les Organisations non gouvernementales, voir\u00a0:<a href=\"http:\/\/apps.who.int\/gb\/ngo\/pdf\/ngo-principles-governing-rela-en.pdf\" target=\"_blank\">http:\/\/apps.who.int\/gb\/ngo\/pdf\/ngo-principles-governing-rela-en.pdf<\/a>.<\/p>\n<p>L\u2019AMM coop\u00e8re \u00e9galement avec de nombreuses autres organisations des NU et sur des programmes sp\u00e9cifiques en rapport avec les questions de sant\u00e9 ou avec des organisations\u00a0 dont les activit\u00e9s principales recoupent le secteur de la sant\u00e9.<\/p>\n<p><u>*<\/u><a href=\"http:\/\/www.unaids.org\/\" target=\"_blank\">Programme commun des Nations Unies sur le VIH\/SIDA (NUSIDA)<\/a><\/p>\n<p><a href=\"http:\/\/www.ilo.org\/global\/lang--fr\/index.htm\" target=\"_blank\">Organisation Internationale du Travail (OIT)<\/a><\/p>\n<p><a href=\"http:\/\/www.iom.int\/fr\" target=\"_blank\">Organisation Internationale pour les Migrations (OIM)<\/a><\/p>\n<p><u>*<\/u><a href=\"http:\/\/fr.unesco.org\/\" target=\"_blank\">Organisation des Nations Unies pour l\u2019Education, la Science et la Culture\u00a0 (UNESCO)<\/a><\/p>\n<p><u>*<\/u><a href=\"https:\/\/www.unicef.org\/fr\" target=\"_blank\">Fond des Nations Unies pour l\u2019Enfance (UNICEF)<\/a><\/p>\n<p><a href=\"http:\/\/www.fao.org\/home\/fr\/\" target=\"_blank\">Organisation pour l\u2019Alimentation et l\u2019Agriculture des Nations Unies (FAO)<\/a><\/p>\n<p><a href=\"http:\/\/www.unhcr.org\/fr\/\">Haut Commissaire des Nations Unies pour les R\u00e9fugi\u00e9s (UNHCR)<\/a><\/p>\n<p><a href=\"http:\/\/www.unep.org\/french\/\" target=\"_blank\">Programme des Nations Unies pour l\u2019Environnement (PNUE)<\/a><\/p>\n<p><a href=\"https:\/\/www.un.org\/ecosoc\/fr\" target=\"_blank\">Comit\u00e9 Economique et Social des Nations Unies (ECOSOC)<sub>\u00a0 <\/sub>\u00a0<\/a><\/p>\n<ul>\n<li>L\u2019AMM coop\u00e8re avec d\u2019autres instances des <a href=\"https:\/\/www.wto.org\/indexfr.htm\" target=\"_blank\">Nations Unies telles que l\u2019Organisation Mondiale du Commerce<\/a>, <a href=\"http:\/\/www.wipo.int\/portal\/fr\/index.html\" target=\"_blank\">l\u2019Organisation Mondiale de la propri\u00e9t\u00e9 intellectuelle<\/a> ou <a href=\"http:\/\/www.itu.int\/fr\/Pages\/default.aspx\" target=\"_blank\">l\u2019Union Internationale des t\u00e9l\u00e9communications<\/a>, pour des questions sp\u00e9cifiques en lien avec la sant\u00e9 ou la profession m\u00e9dicale<\/li>\n<li>Pour des informations concernant les relations et le travail de l\u2019AMM avec le <u>Conseil Des Droits De l\u2019Homme<\/u> des <u>Nations Unies<\/u> et le Rapporteur Sp\u00e9cial des NU sur les plus hautes normes possibles en mati\u00e8re de sant\u00e9, veuillez consulter notre <a href=\"\/wma?page_id=637\">Section Droits Humains<\/a><\/li>\n<\/ul>\n<p>Depuis 1950 l\u2019AMM entretient des relations de travail avec <a href=\"http:\/\/www.cimm-icmm.org\/index_fr.php\" target=\"_blank\">le Comit\u00e9 International de la m\u00e9decine militaire (ICMM)<\/a> qui est une instance intergouvernementale.<\/p>\n","protected":false},"excerpt":{"rendered":"<p>Depuis sa cr\u00e9ation, l\u2019Association M\u00e9dicale Mondiale \u2013 en tant qu&rsquo;organisation mondiale repr\u00e9sentant la voix des m\u00e9decins \u2013 a cherch\u00e9 \u00e0 coop\u00e9rer et \u00e0 collaborer avec les Nations Unies et d\u2019autres organisations internationales majeures. Dans ses premi\u00e8res ann\u00e9es, l\u2019AMM \u00e9tait bas\u00e9e \u00e0 New York pr\u00e8s du si\u00e8ge des Nations Unies. En 1974, il fut d\u00e9cid\u00e9 de [&hellip;]<\/p>\n","protected":false},"author":3,"featured_media":0,"parent":784,"menu_order":0,"comment_status":"closed","ping_status":"closed","template":"","meta":[],"acf":[],"_links":{"self":[{"href":"https:\/\/www.wma.net\/fr\/wp-json\/wp\/v2\/pages\/787"}],"collection":[{"href":"https:\/\/www.wma.net\/fr\/wp-json\/wp\/v2\/pages"}],"about":[{"href":"https:\/\/www.wma.net\/fr\/wp-json\/wp\/v2\/types\/page"}],"author":[{"embeddable":true,"href":"https:\/\/www.wma.net\/fr\/wp-json\/wp\/v2\/users\/3"}],"replies":[{"embeddable":true,"href":"https:\/\/www.wma.net\/fr\/wp-json\/wp\/v2\/comments?post=787"}],"version-history":[{"count":6,"href":"https:\/\/www.wma.net\/fr\/wp-json\/wp\/v2\/pages\/787\/revisions"}],"predecessor-version":[{"id":5970,"href":"https:\/\/www.wma.net\/fr\/wp-json\/wp\/v2\/pages\/787\/revisions\/5970"}],"up":[{"embeddable":true,"href":"https:\/\/www.wma.net\/fr\/wp-json\/wp\/v2\/pages\/784"}],"wp:attachment":[{"href":"https:\/\/www.wma.net\/fr\/wp-json\/wp\/v2\/media?parent=787"}],"curies":[{"name":"wp","href":"https:\/\/api.w.org\/{rel}","templated":true}]}}