  {"id":789,"date":"2016-11-22T14:15:24","date_gmt":"2016-11-22T14:15:24","guid":{"rendered":"https:\/\/www.wma.net\/fr\/?page_id=789"},"modified":"2025-07-29T14:12:02","modified_gmt":"2025-07-29T13:12:02","slug":"partenaires","status":"publish","type":"page","link":"https:\/\/www.wma.net\/fr\/qui-nous-sommes\/alliance-et-partenaires\/partenaires\/","title":{"rendered":"Partenaires"},"content":{"rendered":"<p>L\u2019Association M\u00e9dicale Mondiale fait partie d\u2019un r\u00e9seau d\u2019organisations qui va des soci\u00e9t\u00e9s et associations m\u00e9dicales aux associations d\u2019entit\u00e9s commerciales. Cette page vous donne une vue d\u2019ensemble des plus importants partenaires de l\u2019AMM. Cette liste n\u2019est pas exhaustive.<\/p>\n<h3>Centres acad\u00e9miques (en coop\u00e9ration avec l&rsquo;AMM)<\/h3>\n<ul>\n<li><a href=\"http:\/\/www.iegm.uni-tuebingen.de\/index.php\/en\/\" target=\"_blank\" rel=\"noopener noreferrer\">Institute of Ethics and History of Medicine, University of T\u00fcbingen<\/a><\/li>\n<li><a href=\"https:\/\/www.wma.net\/wp-content\/uploads\/2016\/11\/Institut_de_droit_de_la_sante.pdf\" target=\"_blank\" rel=\"noopener noreferrer\">Institut de droit de la sant\u00e9,<b>\u00a0<\/b>Universit\u00e9 de Neuch\u00e2tel, Suisse<\/a><\/li>\n<li><a href=\"http:\/\/www.int-chair-bioethics.org\/\" target=\"_blank\" rel=\"noopener\">International Chair in Bioethics<\/a> (<a href=\"https:\/\/www.wma.net\/wp-content\/uploads\/2021\/04\/MOU-ÌÇÐÄvlogÊÓÆµ-ICB_2021.pdf\">MoU<\/a> sign\u00e9 par l&rsquo;ICB et l&rsquo;AMM le 23 avril 2021)<\/li>\n<\/ul>\n<h3>Entreprises<\/h3>\n<ul>\n<li>Bayer AG<\/li>\n<li>Eli Lilly and Company<\/li>\n<li>GlaxoSmithKline<\/li>\n<li>Pfizer, Inc<\/li>\n<\/ul>\n<h3>Ressources \u00e9ducatives<\/h3>\n<ul>\n<li><a href=\"http:\/\/www.hso.info\/\" target=\"_blank\" rel=\"noopener noreferrer\">Health Sciences Online HSO<\/a><\/li>\n<\/ul>\n<h3>Organisations internationales<\/h3>\n<ul>\n<li><a href=\"http:\/\/www.amnesty.org\/fr\" target=\"_blank\" rel=\"noopener noreferrer\">Amnesty International &#8211; AI<\/a><\/li>\n<li><a href=\"https:\/\/ifapp.org\/\" target=\"_blank\" rel=\"noopener noreferrer\">International Federation of Associations of Pharmaceutical Physicians &#8211; IFAPP<\/a>\u00a0(<a href=\"https:\/\/www.wma.net\/wp-content\/uploads\/2016\/11\/MoU_IFAPP.pdf\" target=\"_blank\" rel=\"noopener noreferrer\">MoU<\/a> sign\u00e9 par l&rsquo;IFAPP et l&rsquo;AMM le 14 octobre 2017)<\/li>\n<li><a href=\"http:\/\/www.ifpma.org\/\" target=\"_blank\" rel=\"noopener noreferrer\">International Federation of Pharmaceutical Manufacturers &amp; Associations IFPMA<\/a><\/li>\n<li><a href=\"http:\/\/www.ihf-fih.org\/\" target=\"_blank\" rel=\"noopener noreferrer\">International Hospital Federation &#8211; IHF<\/a><\/li>\n<li><a href=\"http:\/\/www.irct.org\/Default.aspx?ID=4980\" target=\"_blank\" rel=\"noopener noreferrer\">International Rehabilitation Council for Torture Victims &#8211; IRCT<\/a><\/li>\n<li><a href=\"https:\/\/www.msf.org\/\" target=\"_blank\" rel=\"noopener\">M\u00e9decins Sans Fronti\u00e8res &#8211; MSF<\/a><\/li>\n<li><a href=\"http:\/\/physiciansforhumanrights.org\/\" target=\"_blank\" rel=\"noopener noreferrer\">Physicians for Human Rights &#8211; PHR<\/a><\/li>\n<li><a href=\"http:\/\/www.ishhr.com\/\" target=\"_blank\" rel=\"noopener noreferrer\">International Society for Health and Human Rights &#8211; ISHHR<\/a><\/li>\n<li><a href=\"http:\/\/www.whcaonline.org\/\" target=\"_blank\" rel=\"noopener noreferrer\">World Health Editors\u2019 Network &#8211; WHEN<\/a><\/li>\n<li><a href=\"http:\/\/www.world-psi.org\/fr\" target=\"_blank\" rel=\"noopener noreferrer\">Public Service International &#8211; PSI<\/a><\/li>\n<li><a href=\"http:\/\/www.wsmi.org\/\" target=\"_blank\" rel=\"noopener noreferrer\">World Self-Medication Industry &#8211; WSMI<\/a><\/li>\n<\/ul>\n<h3>Etudiants en m\u00e9decine<\/h3>\n<ul>\n<li><a href=\"http:\/\/www.ifmsa.org\/\" target=\"_blank\" rel=\"noopener noreferrer\">International Federation of Medical Students\u2019 Associations &#8211; IFMSA<\/a><\/li>\n<\/ul>\n<h3>Organisation de patients<\/h3>\n<ul>\n<li><a href=\"http:\/\/www.patientsorganizations.org\/\" target=\"_blank\" rel=\"noopener noreferrer\">International Alliance of Patients\u2019 Organizations &#8211; IAPO<\/a><\/li>\n<\/ul>\n<h3>Organisations professionnelles<\/h3>\n<ul>\n<li><a href=\"http:\/\/www.whpa.org\/\" target=\"_blank\" rel=\"noopener noreferrer\">World Health Professions Alliance &#8211; WHPA<\/a><\/li>\n<li><a href=\"http:\/\/www.fdiworldental.org\/\" target=\"_blank\" rel=\"noopener noreferrer\">World Dental Federation &#8211; FDI<\/a><\/li>\n<li><a href=\"http:\/\/www.fip.nl\/\" target=\"_blank\" rel=\"noopener noreferrer\">International Pharmaceutical Federation &#8211; FIP<\/a><\/li>\n<li><a href=\"http:\/\/www.icn.ch\/\" target=\"_blank\" rel=\"noopener noreferrer\">International Council of Nurses &#8211; ICN<\/a><\/li>\n<li><a href=\"http:\/\/www.g-i-n.net\/\" target=\"_blank\" rel=\"noopener noreferrer\">Guidelines International Network &#8211; G-I-N<\/a><\/li>\n<li><a href=\"http:\/\/www.cimm-icmm.org\/index_en.php\" target=\"_blank\" rel=\"noopener noreferrer\">International Committee of Military Medicine &#8211; ICMM<\/a>\u00a0(<a href=\"https:\/\/www.wma.net\/wp-content\/uploads\/2016\/11\/MOU_ICMM_Fr.pdf\" target=\"_blank\" rel=\"noopener noreferrer\">MoU<\/a> sign\u00e9 par l&rsquo;ICMM et l&rsquo;AMM le 14 octobre 2017)<\/li>\n<li><a href=\"http:\/\/www.internationalmidwives.org\/\" target=\"_blank\" rel=\"noopener noreferrer\">International Confederation of Midwives &#8211; ICM<\/a><\/li>\n<li><a href=\"http:\/\/www.cioms.ch\/\" target=\"_blank\" rel=\"noopener noreferrer\">International Council of Medical Scientific Organizations &#8211; CIOMS<\/a><\/li>\n<li><a href=\"http:\/\/www.wcpt.org\/\" target=\"_blank\" rel=\"noopener noreferrer\">International Federation of Physiotherapists &#8211; WCPT<\/a><\/li>\n<li><a href=\"http:\/\/mwia.net\/\" target=\"_blank\" rel=\"noopener noreferrer\">Medical Women\u2019s International Association &#8211; MWIA<\/a><\/li>\n<li><a href=\"https:\/\/www.wma.net\/fr\/ce-que-nous-faisons\/education\/world-federation-for-medical-education%e2%80%89-%e2%80%89federation-mondiale-pour-lenseignement-de-la-medecine\/\" target=\"_blank\" rel=\"noopener noreferrer\">World Federation for Medical Education &#8211; WFME<\/a><\/li>\n<li><a href=\"http:\/\/www.wpanet.org\/\" target=\"_blank\" rel=\"noopener noreferrer\">World Psychiatric Association &#8211; WPA<\/a><\/li>\n<li><a href=\"http:\/\/www.worldvet.org\/\" target=\"_blank\" rel=\"noopener noreferrer\">World Veterinary Association<\/a><a href=\"http:\/\/www.worldvet.org\/\" target=\"_blank\" rel=\"noopener noreferrer\">\u00a0 &#8211; WVA<\/a> (<a href=\"https:\/\/www.wma.net\/wp-content\/uploads\/2025\/07\/MoU_WVA_signed-2025.pdf\">MoU_WVA_signed 2025<\/a> sign\u00e9 par la WVA et l&rsquo;AMM le 18 Juillet 2025)<\/li>\n<\/ul>\n<h3>Croix-Rouge<\/h3>\n<ul>\n<li><a href=\"http:\/\/www.icrc.org\/fre\/index.jsp\" target=\"_blank\" rel=\"noopener noreferrer\">Comit\u00e9 International de la Croix-Rouge &#8211; CICR<br \/>\n<\/a><\/li>\n<li><a href=\"http:\/\/www.ifrc.org\/\" target=\"_blank\" rel=\"noopener noreferrer\">F\u00e9d\u00e9ration Internationale de la Croix-Rouge et du Croissant-Rouge &#8211; FICR<br \/>\n<\/a><\/li>\n<\/ul>\n<h3>Les organisations m\u00e9dicales r\u00e9gionales<\/h3>\n<ul>\n<li><a href=\"https:\/\/twitter.com\/canma_africa\" target=\"_blank\" rel=\"noopener\">Coalition of African National Medical Associations &#8211; CANMA<\/a><\/li>\n<li><a href=\"https:\/\/www.arabmu.com\/\" target=\"_blank\" rel=\"noopener noreferrer\">Arab Medical Union &#8211; AMU<\/a><\/li>\n<li><a href=\"http:\/\/www.cmaao.org\/\" target=\"_blank\" rel=\"noopener noreferrer\">Confederation of Medical Associations of Asia and Oceania &#8211; CMAAO<\/a><\/li>\n<li><a href=\"http:\/\/www.medical-chambers.org\/about.html\" target=\"_blank\" rel=\"noopener noreferrer\">Conference of the Central and East European Chambers<\/a><\/li>\n<li>Conference of the Francophone Medical Associations &#8211; CFOM<\/li>\n<li><a href=\"http:\/\/www.medical-chambers.org\/about.html\" target=\"_blank\" rel=\"noopener noreferrer\">European Council of Medical Orders &#8211; CEOM<\/a><\/li>\n<li><a href=\"http:\/\/www.efma-forum.com\/\" target=\"_blank\" rel=\"noopener noreferrer\">European Forum of Medical Associations and EFMA\/WHO<\/a><\/li>\n<li><a href=\"http:\/\/www.confemel.com\/fieme\/\" target=\"_blank\" rel=\"noopener noreferrer\">Forum of Ibero-American Medical Associations &#8211; FIEME<\/a><\/li>\n<li><a href=\"https:\/\/masean.net\/\" target=\"_blank\" rel=\"noopener noreferrer\">Medical Association of South East Asian Nations &#8211; MASEAN<\/a><\/li>\n<li><a href=\"http:\/\/www.confemel.com\/\" target=\"_blank\" rel=\"noopener noreferrer\">Medical Confederation of Latin-America and the Caribbean &#8211; CONFEMEL<\/a><\/li>\n<li>SAARC (South Asian\u00a0Association\u00a0for Regional Cooperation) Medical Association<\/li>\n<li><a href=\"http:\/\/seemf.org\/\" target=\"_blank\" rel=\"noopener noreferrer\">South East Europe Media Forum &#8211; SEEMF<\/a><\/li>\n<li><a href=\"http:\/\/www.cpme.eu\/\" target=\"_blank\" rel=\"noopener noreferrer\">Standing committee of European Physicians &#8211; CPME<\/a><\/li>\n<\/ul>\n","protected":false},"excerpt":{"rendered":"<p>L\u2019Association M\u00e9dicale Mondiale fait partie d\u2019un r\u00e9seau d\u2019organisations qui va des soci\u00e9t\u00e9s et associations m\u00e9dicales aux associations d\u2019entit\u00e9s commerciales. Cette page vous donne une vue d\u2019ensemble des plus importants partenaires de l\u2019AMM. Cette liste n\u2019est pas exhaustive. Centres acad\u00e9miques (en coop\u00e9ration avec l&rsquo;AMM) Institute of Ethics and History of Medicine, University of T\u00fcbingen Institut de [&hellip;]<\/p>\n","protected":false},"author":3,"featured_media":0,"parent":784,"menu_order":1,"comment_status":"closed","ping_status":"closed","template":"","meta":[],"acf":[],"_links":{"self":[{"href":"https:\/\/www.wma.net\/fr\/wp-json\/wp\/v2\/pages\/789"}],"collection":[{"href":"https:\/\/www.wma.net\/fr\/wp-json\/wp\/v2\/pages"}],"about":[{"href":"https:\/\/www.wma.net\/fr\/wp-json\/wp\/v2\/types\/page"}],"author":[{"embeddable":true,"href":"https:\/\/www.wma.net\/fr\/wp-json\/wp\/v2\/users\/3"}],"replies":[{"embeddable":true,"href":"https:\/\/www.wma.net\/fr\/wp-json\/wp\/v2\/comments?post=789"}],"version-history":[{"count":29,"href":"https:\/\/www.wma.net\/fr\/wp-json\/wp\/v2\/pages\/789\/revisions"}],"predecessor-version":[{"id":25031,"href":"https:\/\/www.wma.net\/fr\/wp-json\/wp\/v2\/pages\/789\/revisions\/25031"}],"up":[{"embeddable":true,"href":"https:\/\/www.wma.net\/fr\/wp-json\/wp\/v2\/pages\/784"}],"wp:attachment":[{"href":"https:\/\/www.wma.net\/fr\/wp-json\/wp\/v2\/media?parent=789"}],"curies":[{"name":"wp","href":"https:\/\/api.w.org\/{rel}","templated":true}]}}