  {"id":793,"date":"2016-11-22T14:16:23","date_gmt":"2016-11-22T14:16:23","guid":{"rendered":"https:\/\/www.wma.net\/fr\/?page_id=793"},"modified":"2026-03-18T09:06:23","modified_gmt":"2026-03-18T09:06:23","slug":"a-propos-de-nous","status":"publish","type":"page","link":"https:\/\/www.wma.net\/fr\/jeunes-medecins\/a-propos-de-nous\/","title":{"rendered":"A propos de nous"},"content":{"rendered":"<h2>Qui est le JDN ?<\/h2>\n<p>Le r\u00e9seau des jeunes m\u00e9decins (JDN) se compose de jeunes m\u00e9decins qui ont rejoint de mani\u00e8re ind\u00e9pendante l\u2019Association M\u00e9dicale Mondiale (AMM) en tant que Membres Associ\u00e9s m\u00eame si bon nombre d\u2019entre eux sont \u00e9galement les repr\u00e9sentants de leurs Associations M\u00e9dicales Nationales respectives. Tout jeune m\u00e9decin membre de l\u2019AMM peut faire partie du JDN.<\/p>\n<p>Le r\u00e9seau a \u00e9t\u00e9 cr\u00e9\u00e9 lors de la 61e Assembl\u00e9e g\u00e9n\u00e9rale de l&rsquo;AMM (octobre 2010) \u00e0 Vancouver, Canada et la r\u00e9union inaugurale du JDN s&rsquo;est tenue lors de la 62e Assembl\u00e9e g\u00e9n\u00e9rale de l&rsquo;AMM (octobre 2011) \u00e0 Montevideo, Uruguay. Le r\u00e9seau, qui a d\u00e9but\u00e9 avec quelques jeunes m\u00e9decins motiv\u00e9s, compte aujourd&rsquo;hui plus de 500 membres issus de plus de 90 pays de toutes les r\u00e9gions du monde.<\/p>\n<p data-start=\"0\" data-end=\"142\">Les membres du JDN doivent avoir obtenu leur dipl\u00f4me de m\u00e9decine depuis moins de dix ans et \u00eatre membres associ\u00e9s de l\u2019AMM.<\/p>\n<h3>Sa Mission<\/h3>\n<p>\u00ab\u00a0Donner un pouvoir d\u2019action aux jeunes m\u00e9decins pour un monde en meilleure sant\u00e9 via les activit\u00e9s de d\u00e9fense\/sensibilisation, l\u2019\u00e9ducation et la collaboration internationale\u00a0\u00bb<\/p>\n<h3>R\u00e9seautage<\/h3>\n<p>Lors des r\u00e9unions r\u00e9guli\u00e8res du JDN, les membres apprennent \u00e0 se conna\u00eetre, discutent des questions de sant\u00e9 mondiale, partagent les d\u00e9fis et entament des collaborations sur des questions de sant\u00e9 mondiale. Le JDN se r\u00e9unit \u00e0 plusieurs reprises au cours de l&rsquo;ann\u00e9e, \u00e0 la fois en personne et par le biais de t\u00e9l\u00e9conf\u00e9rences en ligne :<\/p>\n<ul>\n<li>R\u00e9unions semestrielles en conjonction avec <a href=\"https:\/\/www.wma.net\/what-we-do\/events\/\" target=\"_blank\" rel=\"noopener\">la r\u00e9union du Conseil et l&rsquo;Assembl\u00e9e g\u00e9n\u00e9rale de l&rsquo;AMM<\/a> (avril et octobre)<\/li>\n<li>T\u00e9l\u00e9conf\u00e9rences mensuelles des membres et de l&rsquo;\u00e9quipe de direction.<\/li>\n<li>S\u00e9minaires en ligne et webinaires ad hoc organis\u00e9s par le JDN.<\/li>\n<\/ul>\n<h3>JDN Leadership 2025\/2026<\/h3>\n<table class=\"table table-striped stack-table\">\n<tbody>\n<tr>\n<td><img loading=\"lazy\" class=\"alignnone wp-image-25779 size-thumbnail\" src=\"https:\/\/www.wma.net\/wp-content\/uploads\/2025\/11\/Pablo-scaled-e1763032897147-150x150.jpg\" alt=\"\" width=\"150\" height=\"150\" srcset=\"https:\/\/www.wma.net\/wp-content\/uploads\/2025\/11\/Pablo-scaled-e1763032897147-150x150.jpg 150w, https:\/\/www.wma.net\/wp-content\/uploads\/2025\/11\/Pablo-scaled-e1763032897147-300x300.jpg 300w, https:\/\/www.wma.net\/wp-content\/uploads\/2025\/11\/Pablo-scaled-e1763032897147-1024x1024.jpg 1024w, https:\/\/www.wma.net\/wp-content\/uploads\/2025\/11\/Pablo-scaled-e1763032897147-768x768.jpg 768w, https:\/\/www.wma.net\/wp-content\/uploads\/2025\/11\/Pablo-scaled-e1763032897147.jpg 1200w\" sizes=\"(max-width: 150px) 100vw, 150px\" \/><\/td>\n<td><strong><b>Dr Pablo Estrella Porter <\/b><\/strong>(\u00c9quateur\/Espagne)<br \/>\nPr\u00e9sident<\/td>\n<td><img loading=\"lazy\" class=\"alignnone size-thumbnail wp-image-25785\" src=\"https:\/\/www.wma.net\/wp-content\/uploads\/2025\/11\/Shiv-e1763032214205-150x150.png\" alt=\"\" width=\"150\" height=\"150\" srcset=\"https:\/\/www.wma.net\/wp-content\/uploads\/2025\/11\/Shiv-e1763032214205-150x150.png 150w, https:\/\/www.wma.net\/wp-content\/uploads\/2025\/11\/Shiv-e1763032214205-300x300.png 300w, https:\/\/www.wma.net\/wp-content\/uploads\/2025\/11\/Shiv-e1763032214205-1024x1024.png 1024w, https:\/\/www.wma.net\/wp-content\/uploads\/2025\/11\/Shiv-e1763032214205-768x768.png 768w, https:\/\/www.wma.net\/wp-content\/uploads\/2025\/11\/Shiv-e1763032214205-1536x1536.png 1536w, https:\/\/www.wma.net\/wp-content\/uploads\/2025\/11\/Shiv-e1763032214205-2048x2048.png 2048w\" sizes=\"(max-width: 150px) 100vw, 150px\" \/><\/td>\n<td><strong>Dr Shiv Joshi <\/strong>(Inde)<br \/>\nSecr\u00e9taire<\/td>\n<\/tr>\n<tr>\n<td><img loading=\"lazy\" class=\"alignnone size-thumbnail wp-image-25773\" src=\"https:\/\/www.wma.net\/wp-content\/uploads\/2025\/11\/Liban-scaled-e1762965442742-150x150.jpg\" alt=\"\" width=\"150\" height=\"150\" srcset=\"https:\/\/www.wma.net\/wp-content\/uploads\/2025\/11\/Liban-scaled-e1762965442742-150x150.jpg 150w, https:\/\/www.wma.net\/wp-content\/uploads\/2025\/11\/Liban-scaled-e1762965442742-300x300.jpg 300w, https:\/\/www.wma.net\/wp-content\/uploads\/2025\/11\/Liban-scaled-e1762965442742-1024x1022.jpg 1024w, https:\/\/www.wma.net\/wp-content\/uploads\/2025\/11\/Liban-scaled-e1762965442742-768x766.jpg 768w, https:\/\/www.wma.net\/wp-content\/uploads\/2025\/11\/Liban-scaled-e1762965442742-1536x1532.jpg 1536w, https:\/\/www.wma.net\/wp-content\/uploads\/2025\/11\/Liban-scaled-e1762965442742-2048x2043.jpg 2048w\" sizes=\"(max-width: 150px) 100vw, 150px\" \/><\/td>\n<td><strong>Dr Liban Hassan Mohamud <\/strong>(Somalie)<br \/>\nResponsable de l&rsquo;\u00e9thique m\u00e9dicale<\/td>\n<td><img loading=\"lazy\" class=\"alignnone size-thumbnail wp-image-25764\" src=\"https:\/\/www.wma.net\/wp-content\/uploads\/2025\/11\/Adeel-150x150.png\" alt=\"\" width=\"150\" height=\"150\" \/><\/td>\n<td><strong>Dr Mehr Muhammad Adeel Riaz<\/strong> (Pakistan)<br \/>\nResponsable des affaires m\u00e9dico-sociales<\/td>\n<\/tr>\n<tr>\n<td><img loading=\"lazy\" class=\"alignnone wp-image-25770 size-thumbnail\" src=\"https:\/\/www.wma.net\/wp-content\/uploads\/2025\/11\/Jeazul-e1763032968844-150x150.jpg\" alt=\"\" width=\"150\" height=\"150\" srcset=\"https:\/\/www.wma.net\/wp-content\/uploads\/2025\/11\/Jeazul-e1763032968844-150x150.jpg 150w, https:\/\/www.wma.net\/wp-content\/uploads\/2025\/11\/Jeazul-e1763032968844-300x300.jpg 300w, https:\/\/www.wma.net\/wp-content\/uploads\/2025\/11\/Jeazul-e1763032968844-768x768.jpg 768w, https:\/\/www.wma.net\/wp-content\/uploads\/2025\/11\/Jeazul-e1763032968844.jpg 962w\" sizes=\"(max-width: 150px) 100vw, 150px\" \/><\/td>\n<td><strong>Dr Delta Jeazul Ponce Hernandez<\/strong> (Mexique\/Espagne)<br \/>\n\u00c9ducation m\u00e9dicale<\/td>\n<td><img loading=\"lazy\" class=\"alignnone size-thumbnail wp-image-25776\" src=\"https:\/\/www.wma.net\/wp-content\/uploads\/2025\/11\/Mauricio-150x150.jpg\" alt=\"\" width=\"150\" height=\"150\" \/><\/td>\n<td><span style=\"font-family: inherit;font-size: inherit;font-weight: inherit\"><strong>Dr Mauricio Josue Murillo Argueta<\/strong><br \/>\n(Honduras)<\/span><br \/>\n<span style=\"font-family: inherit;font-size: inherit;font-weight: inherit\">Responsable de la communication<\/span><\/td>\n<\/tr>\n<tr>\n<td><img loading=\"lazy\" class=\"alignnone size-thumbnail wp-image-25791\" src=\"https:\/\/www.wma.net\/wp-content\/uploads\/2025\/11\/Yassine-150x150.jpg\" alt=\"\" width=\"150\" height=\"150\" \/><\/td>\n<td><strong>Dr Yassine Bahr <\/strong>(France)<br \/>\n<span style=\"font-family: inherit;font-size: inherit;font-weight: inherit\">Responsable des adh\u00e9sions membres<\/span><\/td>\n<td><img loading=\"lazy\" class=\"alignnone size-thumbnail wp-image-25788\" src=\"https:\/\/www.wma.net\/wp-content\/uploads\/2025\/11\/Venkatesh-150x150.png\" alt=\"\" width=\"150\" height=\"150\" \/><\/td>\n<td><strong>Dr Venkatesh Karthikeyan<\/strong> (Inde)<br \/>\nResponsable des publications<\/td>\n<\/tr>\n<tr>\n<td><img loading=\"lazy\" class=\"alignnone size-thumbnail wp-image-25767\" src=\"https:\/\/www.wma.net\/wp-content\/uploads\/2025\/11\/Balkiss-150x150.png\" alt=\"\" width=\"150\" height=\"150\" \/><\/td>\n<td><strong>Dr Balkiss Abdelmoula <\/strong>(Tunisie\/Allemagne)<br \/>\nPr\u00e9sidente adjointe sortante<\/td>\n<td><img loading=\"lazy\" class=\"alignnone size-thumbnail wp-image-25782\" src=\"https:\/\/www.wma.net\/wp-content\/uploads\/2025\/11\/Sazi-150x150.png\" alt=\"\" width=\"150\" height=\"150\" \/><\/td>\n<td><strong><b>Dr Sazi Nzama <\/b><\/strong>(Afrique du Sud)<br \/>\n\u00c9quipe de direction pr\u00e9c\u00e9dente (nomm\u00e9e)<\/td>\n<\/tr>\n<tr>\n<td><\/td>\n<td><\/td>\n<td><\/td>\n<td><\/td>\n<\/tr>\n<\/tbody>\n<\/table>\n<p><strong>Follow us on Social Media<\/strong><\/p>\n<div class=\"mceTemp\"><\/div>\n<p><a href=\"https:\/\/twitter.com\/ÌÇÐÄvlogÊÓÆµJDN\" target=\"_blank\" rel=\"noopener\"><img loading=\"lazy\" class=\"alignnone wp-image-21366 size-full\" src=\"https:\/\/www.wma.net\/wp-content\/uploads\/2023\/12\/twitter-logo.png\" alt=\"\" width=\"62\" height=\"67\" \/><\/a> <a href=\"https:\/\/www.instagram.com\/wma_jdn\/\" target=\"_blank\" rel=\"noopener\"><img loading=\"lazy\" class=\"alignnone wp-image-21369 size-full\" src=\"https:\/\/www.wma.net\/wp-content\/uploads\/2023\/12\/Instagram-logo.jpg\" alt=\"\" width=\"60\" height=\"60\" \/><\/a> \u00a0<a href=\"https:\/\/www.facebook.com\/profile.php?id=100077826644766\" target=\"_blank\" rel=\"noopener\"><img loading=\"lazy\" class=\"alignnone wp-image-21372 size-full\" src=\"https:\/\/www.wma.net\/wp-content\/uploads\/2023\/12\/Facebook-logo.jpg\" alt=\"\" width=\"60\" height=\"60\" \/><\/a> <a href=\"https:\/\/www.linkedin.com\/showcase\/wma-junior-doctors-network-jdn\" target=\"_blank\" rel=\"noopener\">\u00a0<\/a><a href=\"https:\/\/www.linkedin.com\/showcase\/wma-junior-doctors-network-jdn\" target=\"_blank\" rel=\"noopener\"><img loading=\"lazy\" class=\"alignnone wp-image-24432\" src=\"https:\/\/www.wma.net\/wp-content\/uploads\/2025\/04\/linkedin-300x300.jpg\" alt=\"\" width=\"61\" height=\"61\" srcset=\"https:\/\/www.wma.net\/wp-content\/uploads\/2025\/04\/linkedin-300x300.jpg 300w, https:\/\/www.wma.net\/wp-content\/uploads\/2025\/04\/linkedin-150x150.jpg 150w, https:\/\/www.wma.net\/wp-content\/uploads\/2025\/04\/linkedin.jpg 500w\" sizes=\"(max-width: 61px) 100vw, 61px\" \/><\/a> <a href=\"https:\/\/bsky.app\/profile\/wma-jdn.bsky.social\" target=\"_blank\" rel=\"noopener\"><img loading=\"lazy\" class=\"alignnone wp-image-24453\" src=\"https:\/\/www.wma.net\/wp-content\/uploads\/2025\/04\/BlueSky-5.jpg\" alt=\"\" width=\"60\" height=\"60\" \/>\u00a0<\/a><a href=\"https:\/\/jdn-workspace.notion.site\/ÌÇÐÄvlogÊÓÆµ-JDN-Workspace-1316a1d0075b80829f42cd6a17673c36\" target=\"_blank\" rel=\"noopener\"><img loading=\"lazy\" class=\"alignnone wp-image-26186\" src=\"https:\/\/www.wma.net\/wp-content\/uploads\/2026\/03\/Notion_logo.png\" alt=\"\" width=\"60\" height=\"60\" \/><\/a><\/p>\n","protected":false},"excerpt":{"rendered":"<p>Qui est le JDN ? Le r\u00e9seau des jeunes m\u00e9decins (JDN) se compose de jeunes m\u00e9decins qui ont rejoint de mani\u00e8re ind\u00e9pendante l\u2019Association M\u00e9dicale Mondiale (AMM) en tant que Membres Associ\u00e9s m\u00eame si bon nombre d\u2019entre eux sont \u00e9galement les repr\u00e9sentants de leurs Associations M\u00e9dicales Nationales respectives. Tout jeune m\u00e9decin membre de l\u2019AMM peut faire [&hellip;]<\/p>\n","protected":false},"author":3,"featured_media":0,"parent":791,"menu_order":0,"comment_status":"closed","ping_status":"closed","template":"","meta":[],"acf":[],"_links":{"self":[{"href":"https:\/\/www.wma.net\/fr\/wp-json\/wp\/v2\/pages\/793"}],"collection":[{"href":"https:\/\/www.wma.net\/fr\/wp-json\/wp\/v2\/pages"}],"about":[{"href":"https:\/\/www.wma.net\/fr\/wp-json\/wp\/v2\/types\/page"}],"author":[{"embeddable":true,"href":"https:\/\/www.wma.net\/fr\/wp-json\/wp\/v2\/users\/3"}],"replies":[{"embeddable":true,"href":"https:\/\/www.wma.net\/fr\/wp-json\/wp\/v2\/comments?post=793"}],"version-history":[{"count":42,"href":"https:\/\/www.wma.net\/fr\/wp-json\/wp\/v2\/pages\/793\/revisions"}],"predecessor-version":[{"id":26213,"href":"https:\/\/www.wma.net\/fr\/wp-json\/wp\/v2\/pages\/793\/revisions\/26213"}],"up":[{"embeddable":true,"href":"https:\/\/www.wma.net\/fr\/wp-json\/wp\/v2\/pages\/791"}],"wp:attachment":[{"href":"https:\/\/www.wma.net\/fr\/wp-json\/wp\/v2\/media?parent=793"}],"curies":[{"name":"wp","href":"https:\/\/api.w.org\/{rel}","templated":true}]}}