  {"id":813,"date":"2016-11-22T14:21:44","date_gmt":"2016-11-22T14:21:44","guid":{"rendered":"https:\/\/www.wma.net\/fr\/?page_id=813"},"modified":"2025-10-16T15:33:38","modified_gmt":"2025-10-16T14:33:38","slug":"documents-permanents","status":"publish","type":"page","link":"https:\/\/www.wma.net\/fr\/zone-speciale-membres\/documents-permanents\/","title":{"rendered":"Documents permanents"},"content":{"rendered":"<p><strong>Articles &amp; statuts, r\u00e8glement, calendriers et politiques de fonctionnement<\/strong><\/p>\n<table class=\"table table-striped\" style=\"height: 135px\" border=\"0\" width=\"862\" cellspacing=\"0\" cellpadding=\"0\">\n<tbody>\n<tr>\n<td>11.10.2025<\/td>\n<td><a href=\"https:\/\/www.wma.net\/wp-content\/uploads\/2025\/10\/AM1-Rules-Associate-Membership-Oct2025_F.pdf\" target=\"_blank\" rel=\"noopener\">R\u00e8glement applicable aux Membres Associ\u00e9s de l\u2019AMM (AM1\/Oct2025)<\/a><\/td>\n<\/tr>\n<tr>\n<td>20.04.2024<\/td>\n<td><a href=\"https:\/\/www.wma.net\/wp-content\/uploads\/2024\/05\/ÌÇÐÄvlogÊÓÆµ-Procedures-and-Operating-Policies-Apr2024_F.pdf\" target=\"_blank\" rel=\"noopener\">Proc\u00e9dure et politiques op\u00e9rationnelles de l&rsquo;AMM (POP\/Apr2024<\/a><\/td>\n<\/tr>\n<tr>\n<td>08.10.2023<\/td>\n<td><a href=\"https:\/\/www.wma.net\/wp-content\/uploads\/2024\/01\/ÌÇÐÄvlogÊÓÆµ-Articles-and-Bylaws-Oct2023_F.pdf\" target=\"_blank\" rel=\"noopener\">Statuts et r\u00e9glement de l&rsquo;AMM (32.2\/Oct2023)<\/a><\/td>\n<\/tr>\n<tr>\n<td>07.10.2022<\/td>\n<td><a href=\"https:\/\/www.wma.net\/wp-content\/uploads\/2025\/05\/32-70-Rule-of-Procedure-Oct2023_F.pdf\"><span style=\"color: #0000ee;background-color: #bfe6ff\">Regles de Procedure pour Tous Les Organes Deliberants de l&rsquo;Association Medicale Mondiale (32.70\/Oct2023)<\/span><\/a><\/td>\n<\/tr>\n<\/tbody>\n<\/table>\n<p>&nbsp;<\/p>\n","protected":false},"excerpt":{"rendered":"<p>Articles &amp; statuts, r\u00e8glement, calendriers et politiques de fonctionnement 11.10.2025 R\u00e8glement applicable aux Membres Associ\u00e9s de l\u2019AMM (AM1\/Oct2025) 20.04.2024 Proc\u00e9dure et politiques op\u00e9rationnelles de l&rsquo;AMM (POP\/Apr2024 08.10.2023 Statuts et r\u00e9glement de l&rsquo;AMM (32.2\/Oct2023) 07.10.2022 Regles de Procedure pour Tous Les Organes Deliberants de l&rsquo;Association Medicale Mondiale (32.70\/Oct2023) &nbsp;<\/p>\n","protected":false},"author":3,"featured_media":0,"parent":806,"menu_order":2,"comment_status":"closed","ping_status":"closed","template":"template-member-area.php","meta":[],"acf":[],"_links":{"self":[{"href":"https:\/\/www.wma.net\/fr\/wp-json\/wp\/v2\/pages\/813"}],"collection":[{"href":"https:\/\/www.wma.net\/fr\/wp-json\/wp\/v2\/pages"}],"about":[{"href":"https:\/\/www.wma.net\/fr\/wp-json\/wp\/v2\/types\/page"}],"author":[{"embeddable":true,"href":"https:\/\/www.wma.net\/fr\/wp-json\/wp\/v2\/users\/3"}],"replies":[{"embeddable":true,"href":"https:\/\/www.wma.net\/fr\/wp-json\/wp\/v2\/comments?post=813"}],"version-history":[{"count":31,"href":"https:\/\/www.wma.net\/fr\/wp-json\/wp\/v2\/pages\/813\/revisions"}],"predecessor-version":[{"id":25559,"href":"https:\/\/www.wma.net\/fr\/wp-json\/wp\/v2\/pages\/813\/revisions\/25559"}],"up":[{"embeddable":true,"href":"https:\/\/www.wma.net\/fr\/wp-json\/wp\/v2\/pages\/806"}],"wp:attachment":[{"href":"https:\/\/www.wma.net\/fr\/wp-json\/wp\/v2\/media?parent=813"}],"curies":[{"name":"wp","href":"https:\/\/api.w.org\/{rel}","templated":true}]}}